{"id":2508,"date":"2021-01-31T18:10:37","date_gmt":"2021-01-31T18:10:37","guid":{"rendered":"http:\/\/hodajlaw.com\/?page_id=2508"},"modified":"2024-05-14T18:53:16","modified_gmt":"2024-05-14T18:53:16","slug":"albert-cuni","status":"publish","type":"page","link":"https:\/\/hodajlaw.com\/sq\/about-us\/team\/albert-cuni\/","title":{"rendered":"ALBERT \u00c7UNI"},"content":{"rendered":"<div data-elementor-type=\"wp-page\" data-elementor-id=\"2508\" class=\"elementor elementor-2508\">\n\t\t\t\t\t\t<section class=\"penci-section penci-dmcheck penci-elbg-activate penci-disSticky penci-structure-10 elementor-section elementor-top-section elementor-element elementor-element-2908731 elementor-section-boxed elementor-section-height-default elementor-section-height-default\" data-id=\"2908731\" data-element_type=\"section\" data-e-type=\"section\" data-settings=\"{&quot;background_background&quot;:&quot;classic&quot;}\">\n\t\t\t\t\t\t<div class=\"elementor-container elementor-column-gap-default\">\n\t\t\t\t\t<div class=\"penci-ercol-100 penci-ercol-order-1 penci-sticky-ct    elementor-column elementor-col-100 elementor-top-column elementor-element elementor-element-d686d4d\" data-id=\"d686d4d\" data-element_type=\"column\" data-e-type=\"column\">\n\t\t\t<div class=\"elementor-widget-wrap elementor-element-populated\">\n\t\t\t\t\t\t<div class=\"elementor-element elementor-element-a8fa88a elementor-widget elementor-widget-penci-fancy_heading\" data-id=\"a8fa88a\" data-element_type=\"widget\" data-e-type=\"widget\" data-widget_type=\"penci-fancy_heading.default\">\n\t\t\t\t<div class=\"elementor-widget-container\">\n\t\t\t\t\t\t\t<div class=\"penci-fancy-heading penci-heading-text-left\">\n\t\t\t<div class=\"penci-fancy-heading-inner\">\n\t\t\t\t<h2 class=\"penci-heading-title\"><span class=\"inner-tit\">ALBERT \u00c7UNI\n<\/span><\/h2><div class=\"penci-heading-content entry-content\"><p>Bashk\u00ebpun\u00ebtor i lart\u00eb<\/p>\n<\/div>\t\t\t<\/div>\n\t\t<\/div>\n\t\t\t\t\t\t<\/div>\n\t\t\t\t<\/div>\n\t\t\t\t\t<\/div>\n\t\t<\/div>\n\t\t\t\t\t<\/div>\n\t\t<\/section>\n\t\t<div class=\"elementor-element elementor-element-79e655b e-flex e-con-boxed e-con e-parent\" data-id=\"79e655b\" data-element_type=\"container\" data-e-type=\"container\">\n\t\t\t\t\t<div class=\"e-con-inner\">\n\t\t<div class=\"elementor-element elementor-element-a745ba2 e-con-full e-flex e-con e-child\" data-id=\"a745ba2\" data-element_type=\"container\" data-e-type=\"container\">\n\t\t\t\t<div class=\"elementor-element elementor-element-1a34f78 elementor-widget elementor-widget-image\" data-id=\"1a34f78\" data-element_type=\"widget\" data-e-type=\"widget\" data-widget_type=\"image.default\">\n\t\t\t\t<div class=\"elementor-widget-container\">\n\t\t\t\t\t\t\t\t\t\t\t\t\t\t\t<img fetchpriority=\"high\" decoding=\"async\" width=\"1024\" height=\"1536\" src=\"https:\/\/hodajlaw.com\/wp-content\/uploads\/2024\/03\/DSC03809-min-1024x1536.jpg\" class=\"attachment-1536x1536 size-1536x1536 wp-image-5727\" alt=\"\" srcset=\"https:\/\/hodajlaw.com\/wp-content\/uploads\/2024\/03\/DSC03809-min-1024x1536.jpg 1024w, https:\/\/hodajlaw.com\/wp-content\/uploads\/2024\/03\/DSC03809-min-200x300.jpg 200w, https:\/\/hodajlaw.com\/wp-content\/uploads\/2024\/03\/DSC03809-min-683x1024.jpg 683w, https:\/\/hodajlaw.com\/wp-content\/uploads\/2024\/03\/DSC03809-min-768x1152.jpg 768w, https:\/\/hodajlaw.com\/wp-content\/uploads\/2024\/03\/DSC03809-min-1365x2048.jpg 1365w, https:\/\/hodajlaw.com\/wp-content\/uploads\/2024\/03\/DSC03809-min-8x12.jpg 8w, https:\/\/hodajlaw.com\/wp-content\/uploads\/2024\/03\/DSC03809-min-1920x2880.jpg 1920w, https:\/\/hodajlaw.com\/wp-content\/uploads\/2024\/03\/DSC03809-min-1170x1755.jpg 1170w, https:\/\/hodajlaw.com\/wp-content\/uploads\/2024\/03\/DSC03809-min-585x878.jpg 585w, https:\/\/hodajlaw.com\/wp-content\/uploads\/2024\/03\/DSC03809-min-scaled.jpg 1707w\" sizes=\"(max-width: 1024px) 100vw, 1024px\" \/>\t\t\t\t\t\t\t\t\t\t\t\t\t\t\t<\/div>\n\t\t\t\t<\/div>\n\t\t\t\t<\/div>\n\t\t<div class=\"elementor-element elementor-element-570723d e-con-full e-flex e-con e-child\" data-id=\"570723d\" data-element_type=\"container\" data-e-type=\"container\">\n\t\t\t\t<div class=\"elementor-element elementor-element-f505657 elementor-widget elementor-widget-penci-text-block\" data-id=\"f505657\" data-element_type=\"widget\" data-e-type=\"widget\" data-widget_type=\"penci-text-block.default\">\n\t\t\t\t<div class=\"elementor-widget-container\">\n\t\t\t\t\t\t\t<div class=\"penci-block-vc penci-text-editor\">\n\t\t\t\t\t\t<div class=\"penci-block_content\">\n\t\t\t\t<div class=\"elementor-text-editor elementor-clearfix\"><p><span style=\"font-size: x-large;\"><strong>Fushat e Ekspertiz\u00ebs &amp; P\u00ebrvoja Profesionale<\/strong><\/span><\/p><p>\u00a0<\/p><p>Z. Albert \u00c7uni \u00ebsht\u00eb k\u00ebshilltar dhe konsulent i zyr\u00ebs son\u00eb t\u00eb avokat\u00ebve n\u00eb fushat si e Drejta Tregtare dhe e Korporatave, Ligji i Pun\u00ebs, Financa dhe Banka, Tatimet dhe Doganat, Legal Due Diligence, Lobimi dhe Mar\u00ebdh\u00ebniet me Publikun si dhe P\u00ebrgjegj\u00ebsia Sociale e Korporatave (CSR).<\/p><p>\u00a0<\/p><p>Para se t\u00eb punonte si k\u00ebshilltar dhe konsulent, p\u00ebr m\u00eb shum\u00eb se dy dekada Z. \u00c7uni ka punuar p\u00ebr organizata t\u00eb m\u00ebdha multinacionale n\u00eb Zvic\u00ebr, Holland\u00eb dhe Mbret\u00ebrin\u00eb e Bashkuar (Sony Electronics, Serco, Reckitt Benckiser, Virgin Atlantic Airways) si Drejtor i Financave dhe Menaxher i Financave, ku ka udh\u00ebhequr dhe menaxhuar departamente t\u00eb financave dhe projekte t\u00eb m\u00ebdha n\u00eb outsourcing dhe n\u00eb p\u00ebrmir\u00ebsimin e proceseve.<\/p><p>\u00a0<\/p><p><b>Gjuh\u00ebt<\/b><br \/>Flet rrjedhsh\u00ebm shqip, anglisht, gjermanisht dhe serbo-kroatisht. Flet mir\u00eb holandishten dhe ka njohuri themelore n\u00eb frengjisht.<\/p><p>\u00a0<\/p><p><b>Edukimi:<\/b><br \/>2018, The Open University, Milton Keynes, UK, Master of Business Administration (MBA)<br \/>2018, The Open University, Milton Keynes, UK, Business, Human Rights and Corporate Social Responsibility (postgraduate diploma, part of the LL.M programme)<br \/>1998, Kaufm\u00e4nnischer Verband Z\u00fcrich (KVZ), Switzerland, Business School<\/p><p>\u00a0<\/p><p><b>Memberships:<\/b><\/p><ul><li>PRINCE2 (Projects in Controlled Environments) Practitioner, UK<\/li><li>MInstLM (Member of the Institute for Leadership and Management, London, UK)<\/li><\/ul><\/div>\n\t\t\t<\/div>\n\t\t<\/div>\n\t\t\t\t\t\t<\/div>\n\t\t\t\t<\/div>\n\t\t\t\t<\/div>\n\t\t\t\t\t<\/div>\n\t\t\t\t<\/div>\n\t\t\t\t<\/div>","protected":false},"excerpt":{"rendered":"<p>ALBERT \u00c7UNI Senior Associate Main Areas of Expertise &amp; Career Summary \u00a0 Mr Albert \u00c7uni is advisor and consultant to our law firm in areas such as Commercial &amp; Corporate&hellip;<\/p>","protected":false},"author":2,"featured_media":0,"parent":1111,"menu_order":0,"comment_status":"open","ping_status":"open","template":"elementor_header_footer","meta":{"_lmt_disableupdate":"","_lmt_disable":"","footnotes":""},"class_list":["post-2508","page","type-page","status-publish","hentry"],"yoast_head":"<!-- This site is optimized with the Yoast SEO plugin v26.8 - https:\/\/yoast.com\/product\/yoast-seo-wordpress\/ -->\n<title>ALBERT \u00c7UNI - Hodaj &amp; Partners L.L.C.<\/title>\n<meta name=\"robots\" content=\"index, follow, max-snippet:-1, max-image-preview:large, max-video-preview:-1\" \/>\n<link rel=\"canonical\" href=\"https:\/\/hodajlaw.com\/sq\/about-us\/team\/albert-cuni\/\" \/>\n<meta property=\"og:locale\" content=\"sq_AL\" \/>\n<meta property=\"og:type\" content=\"article\" \/>\n<meta property=\"og:title\" content=\"ALBERT \u00c7UNI - Hodaj &amp; Partners L.L.C.\" \/>\n<meta property=\"og:description\" content=\"ALBERT \u00c7UNI Senior Associate Main Areas of Expertise &amp; Career Summary \u00a0 Mr Albert \u00c7uni is advisor and consultant to our law firm in areas such as Commercial &amp; Corporate&hellip;\" \/>\n<meta property=\"og:url\" content=\"https:\/\/hodajlaw.com\/sq\/about-us\/team\/albert-cuni\/\" \/>\n<meta property=\"og:site_name\" content=\"Hodaj &amp; Partners L.L.C.\" \/>\n<meta property=\"article:modified_time\" content=\"2024-05-14T18:53:16+00:00\" \/>\n<meta property=\"og:image\" content=\"https:\/\/hodajlaw.com\/wp-content\/uploads\/2021\/01\/Albert-Cuni.jpg\" \/>\n\t<meta property=\"og:image:width\" content=\"1200\" \/>\n\t<meta property=\"og:image:height\" content=\"1798\" \/>\n\t<meta property=\"og:image:type\" content=\"image\/jpeg\" \/>\n<meta name=\"twitter:card\" content=\"summary_large_image\" \/>\n<meta name=\"twitter:image\" content=\"https:\/\/hodajlaw.com\/wp-content\/uploads\/2021\/01\/Albert-Cuni.jpg\" \/>\n<meta name=\"twitter:label1\" content=\"Est. reading time\" \/>\n\t<meta name=\"twitter:data1\" content=\"1 minut\u00eb\" \/>\n<script type=\"application\/ld+json\" class=\"yoast-schema-graph\">{\"@context\":\"https:\/\/schema.org\",\"@graph\":[{\"@type\":\"WebPage\",\"@id\":\"https:\/\/hodajlaw.com\/about-us\/team\/albert-cuni\/\",\"url\":\"https:\/\/hodajlaw.com\/about-us\/team\/albert-cuni\/\",\"name\":\"ALBERT \u00c7UNI - Hodaj &amp; Partners L.L.C.\",\"isPartOf\":{\"@id\":\"https:\/\/hodajlaw.com\/#website\"},\"primaryImageOfPage\":{\"@id\":\"https:\/\/hodajlaw.com\/about-us\/team\/albert-cuni\/#primaryimage\"},\"image\":{\"@id\":\"https:\/\/hodajlaw.com\/about-us\/team\/albert-cuni\/#primaryimage\"},\"thumbnailUrl\":\"https:\/\/hodajlaw.com\/wp-content\/uploads\/2024\/03\/DSC03809-min-1024x1536.jpg\",\"datePublished\":\"2021-01-31T18:10:37+00:00\",\"dateModified\":\"2024-05-14T18:53:16+00:00\",\"breadcrumb\":{\"@id\":\"https:\/\/hodajlaw.com\/about-us\/team\/albert-cuni\/#breadcrumb\"},\"inLanguage\":\"sq\",\"potentialAction\":[{\"@type\":\"ReadAction\",\"target\":[\"https:\/\/hodajlaw.com\/about-us\/team\/albert-cuni\/\"]}]},{\"@type\":\"ImageObject\",\"inLanguage\":\"sq\",\"@id\":\"https:\/\/hodajlaw.com\/about-us\/team\/albert-cuni\/#primaryimage\",\"url\":\"https:\/\/hodajlaw.com\/wp-content\/uploads\/2024\/03\/DSC03809-min-1024x1536.jpg\",\"contentUrl\":\"https:\/\/hodajlaw.com\/wp-content\/uploads\/2024\/03\/DSC03809-min-1024x1536.jpg\"},{\"@type\":\"BreadcrumbList\",\"@id\":\"https:\/\/hodajlaw.com\/about-us\/team\/albert-cuni\/#breadcrumb\",\"itemListElement\":[{\"@type\":\"ListItem\",\"position\":1,\"name\":\"Home\",\"item\":\"https:\/\/hodajlaw.com\/\"},{\"@type\":\"ListItem\",\"position\":2,\"name\":\"About\",\"item\":\"https:\/\/hodajlaw.com\/about-us\/\"},{\"@type\":\"ListItem\",\"position\":3,\"name\":\"Team\",\"item\":\"https:\/\/hodajlaw.com\/about-us\/team\/\"},{\"@type\":\"ListItem\",\"position\":4,\"name\":\"ALBERT \u00c7UNI\"}]},{\"@type\":\"WebSite\",\"@id\":\"https:\/\/hodajlaw.com\/#website\",\"url\":\"https:\/\/hodajlaw.com\/\",\"name\":\"Hodaj &amp; Partners L.L.C.\",\"description\":\"Hodaj &amp; Partners\",\"potentialAction\":[{\"@type\":\"SearchAction\",\"target\":{\"@type\":\"EntryPoint\",\"urlTemplate\":\"https:\/\/hodajlaw.com\/?s={search_term_string}\"},\"query-input\":{\"@type\":\"PropertyValueSpecification\",\"valueRequired\":true,\"valueName\":\"search_term_string\"}}],\"inLanguage\":\"sq\"}]}<\/script>\n<!-- \/ Yoast SEO plugin. -->","yoast_head_json":{"title":"ALBERT \u00c7UNI - Hodaj &amp; Partners L.L.C.","robots":{"index":"index","follow":"follow","max-snippet":"max-snippet:-1","max-image-preview":"max-image-preview:large","max-video-preview":"max-video-preview:-1"},"canonical":"https:\/\/hodajlaw.com\/sq\/about-us\/team\/albert-cuni\/","og_locale":"sq_AL","og_type":"article","og_title":"ALBERT \u00c7UNI - Hodaj &amp; Partners L.L.C.","og_description":"ALBERT \u00c7UNI Senior Associate Main Areas of Expertise &amp; Career Summary \u00a0 Mr Albert \u00c7uni is advisor and consultant to our law firm in areas such as Commercial &amp; Corporate&hellip;","og_url":"https:\/\/hodajlaw.com\/sq\/about-us\/team\/albert-cuni\/","og_site_name":"Hodaj &amp; Partners L.L.C.","article_modified_time":"2024-05-14T18:53:16+00:00","og_image":[{"width":1200,"height":1798,"url":"https:\/\/hodajlaw.com\/wp-content\/uploads\/2021\/01\/Albert-Cuni.jpg","type":"image\/jpeg"}],"twitter_card":"summary_large_image","twitter_image":"https:\/\/hodajlaw.com\/wp-content\/uploads\/2021\/01\/Albert-Cuni.jpg","twitter_misc":{"Est. reading time":"1 minut\u00eb"},"schema":{"@context":"https:\/\/schema.org","@graph":[{"@type":"WebPage","@id":"https:\/\/hodajlaw.com\/about-us\/team\/albert-cuni\/","url":"https:\/\/hodajlaw.com\/about-us\/team\/albert-cuni\/","name":"ALBERT \u00c7UNI - Hodaj &amp; Partners L.L.C.","isPartOf":{"@id":"https:\/\/hodajlaw.com\/#website"},"primaryImageOfPage":{"@id":"https:\/\/hodajlaw.com\/about-us\/team\/albert-cuni\/#primaryimage"},"image":{"@id":"https:\/\/hodajlaw.com\/about-us\/team\/albert-cuni\/#primaryimage"},"thumbnailUrl":"https:\/\/hodajlaw.com\/wp-content\/uploads\/2024\/03\/DSC03809-min-1024x1536.jpg","datePublished":"2021-01-31T18:10:37+00:00","dateModified":"2024-05-14T18:53:16+00:00","breadcrumb":{"@id":"https:\/\/hodajlaw.com\/about-us\/team\/albert-cuni\/#breadcrumb"},"inLanguage":"sq","potentialAction":[{"@type":"ReadAction","target":["https:\/\/hodajlaw.com\/about-us\/team\/albert-cuni\/"]}]},{"@type":"ImageObject","inLanguage":"sq","@id":"https:\/\/hodajlaw.com\/about-us\/team\/albert-cuni\/#primaryimage","url":"https:\/\/hodajlaw.com\/wp-content\/uploads\/2024\/03\/DSC03809-min-1024x1536.jpg","contentUrl":"https:\/\/hodajlaw.com\/wp-content\/uploads\/2024\/03\/DSC03809-min-1024x1536.jpg"},{"@type":"BreadcrumbList","@id":"https:\/\/hodajlaw.com\/about-us\/team\/albert-cuni\/#breadcrumb","itemListElement":[{"@type":"ListItem","position":1,"name":"Home","item":"https:\/\/hodajlaw.com\/"},{"@type":"ListItem","position":2,"name":"About","item":"https:\/\/hodajlaw.com\/about-us\/"},{"@type":"ListItem","position":3,"name":"Team","item":"https:\/\/hodajlaw.com\/about-us\/team\/"},{"@type":"ListItem","position":4,"name":"ALBERT \u00c7UNI"}]},{"@type":"WebSite","@id":"https:\/\/hodajlaw.com\/#website","url":"https:\/\/hodajlaw.com\/","name":"Hodaj &amp; Partners L.L.C.","description":"Hodaj &amp; Partners","potentialAction":[{"@type":"SearchAction","target":{"@type":"EntryPoint","urlTemplate":"https:\/\/hodajlaw.com\/?s={search_term_string}"},"query-input":{"@type":"PropertyValueSpecification","valueRequired":true,"valueName":"search_term_string"}}],"inLanguage":"sq"}]}},"_links":{"self":[{"href":"https:\/\/hodajlaw.com\/sq\/wp-json\/wp\/v2\/pages\/2508","targetHints":{"allow":["GET"]}}],"collection":[{"href":"https:\/\/hodajlaw.com\/sq\/wp-json\/wp\/v2\/pages"}],"about":[{"href":"https:\/\/hodajlaw.com\/sq\/wp-json\/wp\/v2\/types\/page"}],"author":[{"embeddable":true,"href":"https:\/\/hodajlaw.com\/sq\/wp-json\/wp\/v2\/users\/2"}],"replies":[{"embeddable":true,"href":"https:\/\/hodajlaw.com\/sq\/wp-json\/wp\/v2\/comments?post=2508"}],"version-history":[{"count":15,"href":"https:\/\/hodajlaw.com\/sq\/wp-json\/wp\/v2\/pages\/2508\/revisions"}],"predecessor-version":[{"id":6045,"href":"https:\/\/hodajlaw.com\/sq\/wp-json\/wp\/v2\/pages\/2508\/revisions\/6045"}],"up":[{"embeddable":true,"href":"https:\/\/hodajlaw.com\/sq\/wp-json\/wp\/v2\/pages\/1111"}],"wp:attachment":[{"href":"https:\/\/hodajlaw.com\/sq\/wp-json\/wp\/v2\/media?parent=2508"}],"curies":[{"name":"wp","href":"https:\/\/api.w.org\/{rel}","templated":true}]}}