{"id":2572,"date":"2021-01-31T16:20:08","date_gmt":"2021-01-31T16:20:08","guid":{"rendered":"http:\/\/hodajlaw.com\/about\/team\/zeliha-mallaku\/"},"modified":"2024-09-05T19:59:43","modified_gmt":"2024-09-05T19:59:43","slug":"zeliha-mallaku","status":"publish","type":"page","link":"https:\/\/hodajlaw.com\/sq\/about-us-2\/team\/zeliha-mallaku\/","title":{"rendered":"Zeliha Mallaku"},"content":{"rendered":"<div data-elementor-type=\"wp-page\" data-elementor-id=\"2572\" class=\"elementor elementor-2572\">\n\t\t\t\t\t\t<section class=\"penci-section penci-dmcheck penci-elbg-activate penci-disSticky penci-structure-10 elementor-section elementor-top-section elementor-element elementor-element-bdeb21e elementor-section-boxed elementor-section-height-default elementor-section-height-default\" data-id=\"bdeb21e\" data-element_type=\"section\" data-e-type=\"section\" data-settings=\"{&quot;background_background&quot;:&quot;classic&quot;}\">\n\t\t\t\t\t\t<div class=\"elementor-container elementor-column-gap-default\">\n\t\t\t\t\t<div class=\"penci-ercol-100 penci-ercol-order-1 penci-sticky-ct    elementor-column elementor-col-100 elementor-top-column elementor-element elementor-element-a3bc9ad\" data-id=\"a3bc9ad\" data-element_type=\"column\" data-e-type=\"column\">\n\t\t\t<div class=\"elementor-widget-wrap elementor-element-populated\">\n\t\t\t\t\t\t<div class=\"elementor-element elementor-element-994b570 elementor-widget elementor-widget-penci-fancy_heading\" data-id=\"994b570\" data-element_type=\"widget\" data-e-type=\"widget\" data-widget_type=\"penci-fancy_heading.default\">\n\t\t\t\t<div class=\"elementor-widget-container\">\n\t\t\t\t\t\t\t<div class=\"penci-fancy-heading penci-heading-text-left\">\n\t\t\t<div class=\"penci-fancy-heading-inner\">\n\t\t\t\t<h2 class=\"penci-heading-title\"><span class=\"inner-tit\">Zeliha Mallaku\n<\/span><\/h2><div class=\"penci-heading-content entry-content\"><p>Bashk\u00ebpun\u00ebtor<\/p>\n<\/div>\t\t\t<\/div>\n\t\t<\/div>\n\t\t\t\t\t\t<\/div>\n\t\t\t\t<\/div>\n\t\t\t\t\t<\/div>\n\t\t<\/div>\n\t\t\t\t\t<\/div>\n\t\t<\/section>\n\t\t<div class=\"elementor-element elementor-element-84ae5f9 e-flex e-con-boxed e-con e-parent\" data-id=\"84ae5f9\" data-element_type=\"container\" data-e-type=\"container\">\n\t\t\t\t\t<div class=\"e-con-inner\">\n\t\t<div class=\"elementor-element elementor-element-25c1080 e-con-full e-flex e-con e-child\" data-id=\"25c1080\" data-element_type=\"container\" data-e-type=\"container\">\n\t\t\t\t<div class=\"elementor-element elementor-element-c4bd82c elementor-widget elementor-widget-image\" data-id=\"c4bd82c\" data-element_type=\"widget\" data-e-type=\"widget\" data-widget_type=\"image.default\">\n\t\t\t\t<div class=\"elementor-widget-container\">\n\t\t\t\t\t\t\t\t\t\t\t\t\t\t\t<img fetchpriority=\"high\" decoding=\"async\" width=\"1024\" height=\"1536\" src=\"https:\/\/hodajlaw.com\/wp-content\/uploads\/2024\/05\/IMG_4538-min-1024x1536.jpeg\" class=\"attachment-1536x1536 size-1536x1536 wp-image-6077\" alt=\"\" srcset=\"https:\/\/hodajlaw.com\/wp-content\/uploads\/2024\/05\/IMG_4538-min-1024x1536.jpeg 1024w, https:\/\/hodajlaw.com\/wp-content\/uploads\/2024\/05\/IMG_4538-min-200x300.jpeg 200w, https:\/\/hodajlaw.com\/wp-content\/uploads\/2024\/05\/IMG_4538-min-683x1024.jpeg 683w, https:\/\/hodajlaw.com\/wp-content\/uploads\/2024\/05\/IMG_4538-min-768x1152.jpeg 768w, https:\/\/hodajlaw.com\/wp-content\/uploads\/2024\/05\/IMG_4538-min-1365x2048.jpeg 1365w, https:\/\/hodajlaw.com\/wp-content\/uploads\/2024\/05\/IMG_4538-min-8x12.jpeg 8w, https:\/\/hodajlaw.com\/wp-content\/uploads\/2024\/05\/IMG_4538-min-1920x2880.jpeg 1920w, https:\/\/hodajlaw.com\/wp-content\/uploads\/2024\/05\/IMG_4538-min-1170x1755.jpeg 1170w, https:\/\/hodajlaw.com\/wp-content\/uploads\/2024\/05\/IMG_4538-min-585x878.jpeg 585w, https:\/\/hodajlaw.com\/wp-content\/uploads\/2024\/05\/IMG_4538-min-scaled.jpeg 1707w\" sizes=\"(max-width: 1024px) 100vw, 1024px\" \/>\t\t\t\t\t\t\t\t\t\t\t\t\t\t\t<\/div>\n\t\t\t\t<\/div>\n\t\t\t\t<\/div>\n\t\t<div class=\"elementor-element elementor-element-91c1fce e-con-full e-flex e-con e-child\" data-id=\"91c1fce\" data-element_type=\"container\" data-e-type=\"container\">\n\t\t\t\t<div class=\"elementor-element elementor-element-7255844 elementor-widget elementor-widget-penci-text-block\" data-id=\"7255844\" data-element_type=\"widget\" data-e-type=\"widget\" data-widget_type=\"penci-text-block.default\">\n\t\t\t\t<div class=\"elementor-widget-container\">\n\t\t\t\t\t\t\t<div class=\"penci-block-vc penci-text-editor\">\n\t\t\t\t\t\t<div class=\"penci-block_content\">\n\t\t\t\t<div class=\"elementor-text-editor elementor-clearfix\"><p><span style=\"font-size: x-large;\"><strong>Fushat e Ekspertiz\u00ebs &amp; P\u00ebrvoja Profesionale<\/strong><\/span><\/p><div class=\"adn ads\" data-message-id=\"#msg-f:1799055414037416882\" data-legacy-message-id=\"18f7875e04f18bb2\"><div class=\"gs\"><div class=\"\"><div id=\":1w\" class=\"ii gt\"><div id=\":1v\" class=\"a3s aiL\"><div dir=\"ltr\"><p>Znj. Zeliha Mallaku punon si Bashk\u00ebpun\u00ebtore Ligjore dhe Financiare n\u00eb Hodaj &amp; Partners, e cila iu bashkua ekipit nga gushti i vitit 2020, nd\u00ebrsa m\u00eb par\u00eb ka fituar p\u00ebrvoj\u00eb t\u00eb vlefshme p\u00ebrmes roleve t\u00eb saj t\u00eb m\u00ebparshme si praktikante ligjore n\u00eb Gjykat\u00ebn Themelore n\u00eb Prizren dhe si Asistente Ligjore n\u00eb nj\u00eb firm\u00eb private. Fushat kryesore t\u00eb fokusit t\u00eb saj p\u00ebrfshijn\u00eb t\u00eb drejt\u00ebn civile, kryesisht t\u00eb drejt\u00ebn e pun\u00ebs, t\u00eb drejtat e njeriut, \u00e7\u00ebshtjet p\u00ebrmbarimore dhe financiare.<\/p><p>\u00a0<\/p><p>Para se t'i bashkohej Hodaj &amp; Partners, rrug\u00ebtimi i saj akademik u sh\u00ebnua me pjes\u00ebmarrje aktive n\u00eb programe t\u00eb r\u00ebnd\u00ebsishme nd\u00ebrkomb\u00ebtare. Ajo ndoqi Shkoll\u00ebn Verore t\u00eb BE-s\u00eb n\u00eb Prishtin\u00eb, me fokus n\u00eb Integrimin Evropian dhe zgjeroi m\u00eb tej njohurit\u00eb e saj duke marr\u00eb pjes\u00eb n\u00eb Forumin Evropian Alpbach n\u00eb Austri, ku p\u00ebrfundoi trajnimin me tem\u00ebn \"The Role of the European Court of Human Rights\". Gjithashtu, znj. Mallaku \u00ebsht\u00eb angazhuar n\u00eb trajnime t\u00eb ndryshme me organizata joqeveritare n\u00eb Kosov\u00eb dhe jasht\u00eb saj, duke pasuruar m\u00eb tej ekspertiz\u00ebn e saj profesionale dhe ligjore.<\/p><p>\u00a0<\/p><p><strong>Gjuh\u00ebt<\/strong><br \/>Shqip, Anglisht<\/p><p>\u00a0<\/p><p><strong>Edukimi:<\/strong><br \/>2014, Universiteti i Prizrenit, (LL.B)<\/p><\/div><p><img decoding=\"async\" class=\"CToWUd\" src=\"https:\/\/ci3.googleusercontent.com\/meips\/ADKq_Na2EJp7mBaHzrzXzA8ojaFUWhdTDkKORghdo1cMYyKcz2DYs_8CUXuCyAr8Gri4yCiMFXhN3teNHEEEwfCjsG_Tzt5mhB4MoGAHDOlK2tzUVWZOrXbMqau8PrsJzvWiisKU8p09JGYS9IHSJpxwPeHgOlZ6O6MS7xna9h23drhqwJlo2dmwebAdUHbi11QptiSgzHEKdQHcDs9Ck5CS=s0-d-e1-ft#https:\/\/email-signature-image.com\/signature.gif?u=213856&amp;e=560682812&amp;v=4acb32dbb1c4ddf79d4a0f2a1c7fd470c43c3187f3d6feede1fd74d29b42b61c\" alt=\"\" width=\"0\" height=\"0\" data-bit=\"iit\" \/><\/p><div class=\"yj6qo\">\u00a0<\/div><div class=\"adL\">\u00a0<\/div><\/div><\/div><div class=\"WhmR8e\" data-hash=\"0\">\u00a0<\/div><\/div><\/div><div class=\"ajx\">\u00a0<\/div><\/div><div class=\"gA gt acV\"><div class=\"gB xu\"><div class=\"ip iq\">\u00a0<\/div><\/div><\/div><\/div>\n\t\t\t<\/div>\n\t\t<\/div>\n\t\t\t\t\t\t<\/div>\n\t\t\t\t<\/div>\n\t\t\t\t<\/div>\n\t\t\t\t\t<\/div>\n\t\t\t\t<\/div>\n\t\t\t\t<\/div>","protected":false},"excerpt":{"rendered":"<p>Zeliha Mallaku Associate Main Areas of Expertise &amp; Career Summary Ms. Zeliha Mallaku works as Associate at Hodaj &amp; Partners, who joined the team from August 2020, whereas before she&hellip;<\/p>","protected":false},"author":4,"featured_media":0,"parent":2198,"menu_order":0,"comment_status":"closed","ping_status":"closed","template":"elementor_header_footer","meta":{"_lmt_disableupdate":"","_lmt_disable":"","footnotes":""},"class_list":["post-2572","page","type-page","status-publish","hentry"],"yoast_head":"<!-- This site is optimized with the Yoast SEO plugin v27.4 - https:\/\/yoast.com\/product\/yoast-seo-wordpress\/ -->\n<title>Zeliha Mallaku - Hodaj &amp; Partners L.L.C.<\/title>\n<meta name=\"robots\" content=\"index, follow, max-snippet:-1, max-image-preview:large, max-video-preview:-1\" \/>\n<link rel=\"canonical\" href=\"https:\/\/hodajlaw.com\/sq\/about-us-2\/team\/zeliha-mallaku\/\" \/>\n<meta property=\"og:locale\" content=\"sq_AL\" \/>\n<meta property=\"og:type\" content=\"article\" \/>\n<meta property=\"og:title\" content=\"Zeliha Mallaku - Hodaj &amp; Partners L.L.C.\" \/>\n<meta property=\"og:description\" content=\"Zeliha Mallaku Associate Main Areas of Expertise &amp; Career Summary Ms. Zeliha Mallaku works as Associate at Hodaj &amp; Partners, who joined the team from August 2020, whereas before she&hellip;\" \/>\n<meta property=\"og:url\" content=\"https:\/\/hodajlaw.com\/sq\/about-us-2\/team\/zeliha-mallaku\/\" \/>\n<meta property=\"og:site_name\" content=\"Hodaj &amp; Partners L.L.C.\" \/>\n<meta property=\"article:modified_time\" content=\"2024-09-05T19:59:43+00:00\" \/>\n<meta property=\"og:image\" content=\"https:\/\/hodajlaw.com\/wp-content\/uploads\/2021\/01\/Zeliha-Mallaku.jpg\" \/>\n\t<meta property=\"og:image:width\" content=\"1200\" \/>\n\t<meta property=\"og:image:height\" content=\"1798\" \/>\n\t<meta property=\"og:image:type\" content=\"image\/jpeg\" \/>\n<meta name=\"twitter:card\" content=\"summary_large_image\" \/>\n<meta name=\"twitter:image\" content=\"https:\/\/hodajlaw.com\/wp-content\/uploads\/2021\/01\/Zeliha-Mallaku.jpg\" \/>\n<meta name=\"twitter:label1\" content=\"Est. reading time\" \/>\n\t<meta name=\"twitter:data1\" content=\"2 minuta\" \/>\n<script type=\"application\/ld+json\" class=\"yoast-schema-graph\">{\"@context\":\"https:\\\/\\\/schema.org\",\"@graph\":[{\"@type\":\"WebPage\",\"@id\":\"https:\\\/\\\/hodajlaw.com\\\/about-us-2\\\/team\\\/zeliha-mallaku\\\/\",\"url\":\"https:\\\/\\\/hodajlaw.com\\\/about-us-2\\\/team\\\/zeliha-mallaku\\\/\",\"name\":\"Zeliha Mallaku - Hodaj &amp; Partners L.L.C.\",\"isPartOf\":{\"@id\":\"https:\\\/\\\/hodajlaw.com\\\/#website\"},\"primaryImageOfPage\":{\"@id\":\"https:\\\/\\\/hodajlaw.com\\\/about-us-2\\\/team\\\/zeliha-mallaku\\\/#primaryimage\"},\"image\":{\"@id\":\"https:\\\/\\\/hodajlaw.com\\\/about-us-2\\\/team\\\/zeliha-mallaku\\\/#primaryimage\"},\"thumbnailUrl\":\"https:\\\/\\\/hodajlaw.com\\\/wp-content\\\/uploads\\\/2024\\\/05\\\/IMG_4538-min-1024x1536.jpeg\",\"datePublished\":\"2021-01-31T16:20:08+00:00\",\"dateModified\":\"2024-09-05T19:59:43+00:00\",\"breadcrumb\":{\"@id\":\"https:\\\/\\\/hodajlaw.com\\\/about-us-2\\\/team\\\/zeliha-mallaku\\\/#breadcrumb\"},\"inLanguage\":\"sq\",\"potentialAction\":[{\"@type\":\"ReadAction\",\"target\":[\"https:\\\/\\\/hodajlaw.com\\\/about-us-2\\\/team\\\/zeliha-mallaku\\\/\"]}]},{\"@type\":\"ImageObject\",\"inLanguage\":\"sq\",\"@id\":\"https:\\\/\\\/hodajlaw.com\\\/about-us-2\\\/team\\\/zeliha-mallaku\\\/#primaryimage\",\"url\":\"https:\\\/\\\/hodajlaw.com\\\/wp-content\\\/uploads\\\/2024\\\/05\\\/IMG_4538-min-1024x1536.jpeg\",\"contentUrl\":\"https:\\\/\\\/hodajlaw.com\\\/wp-content\\\/uploads\\\/2024\\\/05\\\/IMG_4538-min-1024x1536.jpeg\"},{\"@type\":\"BreadcrumbList\",\"@id\":\"https:\\\/\\\/hodajlaw.com\\\/about-us-2\\\/team\\\/zeliha-mallaku\\\/#breadcrumb\",\"itemListElement\":[{\"@type\":\"ListItem\",\"position\":1,\"name\":\"Home\",\"item\":\"https:\\\/\\\/hodajlaw.com\\\/\"},{\"@type\":\"ListItem\",\"position\":2,\"name\":\"Rreth Nesh\",\"item\":\"https:\\\/\\\/hodajlaw.com\\\/about-us-2\\\/\"},{\"@type\":\"ListItem\",\"position\":3,\"name\":\"Ekipi yn\u00eb\",\"item\":\"https:\\\/\\\/hodajlaw.com\\\/about-us-2\\\/team\\\/\"},{\"@type\":\"ListItem\",\"position\":4,\"name\":\"Zeliha Mallaku\"}]},{\"@type\":\"WebSite\",\"@id\":\"https:\\\/\\\/hodajlaw.com\\\/#website\",\"url\":\"https:\\\/\\\/hodajlaw.com\\\/\",\"name\":\"Hodaj &amp; Partners L.L.C.\",\"description\":\"Hodaj &amp; Partners\",\"potentialAction\":[{\"@type\":\"SearchAction\",\"target\":{\"@type\":\"EntryPoint\",\"urlTemplate\":\"https:\\\/\\\/hodajlaw.com\\\/?s={search_term_string}\"},\"query-input\":{\"@type\":\"PropertyValueSpecification\",\"valueRequired\":true,\"valueName\":\"search_term_string\"}}],\"inLanguage\":\"sq\"}]}<\/script>\n<!-- \/ Yoast SEO plugin. -->","yoast_head_json":{"title":"Zeliha Mallaku - Hodaj &amp; Partners L.L.C.","robots":{"index":"index","follow":"follow","max-snippet":"max-snippet:-1","max-image-preview":"max-image-preview:large","max-video-preview":"max-video-preview:-1"},"canonical":"https:\/\/hodajlaw.com\/sq\/about-us-2\/team\/zeliha-mallaku\/","og_locale":"sq_AL","og_type":"article","og_title":"Zeliha Mallaku - Hodaj &amp; Partners L.L.C.","og_description":"Zeliha Mallaku Associate Main Areas of Expertise &amp; Career Summary Ms. Zeliha Mallaku works as Associate at Hodaj &amp; Partners, who joined the team from August 2020, whereas before she&hellip;","og_url":"https:\/\/hodajlaw.com\/sq\/about-us-2\/team\/zeliha-mallaku\/","og_site_name":"Hodaj &amp; Partners L.L.C.","article_modified_time":"2024-09-05T19:59:43+00:00","og_image":[{"width":1200,"height":1798,"url":"https:\/\/hodajlaw.com\/wp-content\/uploads\/2021\/01\/Zeliha-Mallaku.jpg","type":"image\/jpeg"}],"twitter_card":"summary_large_image","twitter_image":"https:\/\/hodajlaw.com\/wp-content\/uploads\/2021\/01\/Zeliha-Mallaku.jpg","twitter_misc":{"Est. reading time":"2 minuta"},"schema":{"@context":"https:\/\/schema.org","@graph":[{"@type":"WebPage","@id":"https:\/\/hodajlaw.com\/about-us-2\/team\/zeliha-mallaku\/","url":"https:\/\/hodajlaw.com\/about-us-2\/team\/zeliha-mallaku\/","name":"Zeliha Mallaku - Hodaj &amp; Partners L.L.C.","isPartOf":{"@id":"https:\/\/hodajlaw.com\/#website"},"primaryImageOfPage":{"@id":"https:\/\/hodajlaw.com\/about-us-2\/team\/zeliha-mallaku\/#primaryimage"},"image":{"@id":"https:\/\/hodajlaw.com\/about-us-2\/team\/zeliha-mallaku\/#primaryimage"},"thumbnailUrl":"https:\/\/hodajlaw.com\/wp-content\/uploads\/2024\/05\/IMG_4538-min-1024x1536.jpeg","datePublished":"2021-01-31T16:20:08+00:00","dateModified":"2024-09-05T19:59:43+00:00","breadcrumb":{"@id":"https:\/\/hodajlaw.com\/about-us-2\/team\/zeliha-mallaku\/#breadcrumb"},"inLanguage":"sq","potentialAction":[{"@type":"ReadAction","target":["https:\/\/hodajlaw.com\/about-us-2\/team\/zeliha-mallaku\/"]}]},{"@type":"ImageObject","inLanguage":"sq","@id":"https:\/\/hodajlaw.com\/about-us-2\/team\/zeliha-mallaku\/#primaryimage","url":"https:\/\/hodajlaw.com\/wp-content\/uploads\/2024\/05\/IMG_4538-min-1024x1536.jpeg","contentUrl":"https:\/\/hodajlaw.com\/wp-content\/uploads\/2024\/05\/IMG_4538-min-1024x1536.jpeg"},{"@type":"BreadcrumbList","@id":"https:\/\/hodajlaw.com\/about-us-2\/team\/zeliha-mallaku\/#breadcrumb","itemListElement":[{"@type":"ListItem","position":1,"name":"Home","item":"https:\/\/hodajlaw.com\/"},{"@type":"ListItem","position":2,"name":"Rreth Nesh","item":"https:\/\/hodajlaw.com\/about-us-2\/"},{"@type":"ListItem","position":3,"name":"Ekipi yn\u00eb","item":"https:\/\/hodajlaw.com\/about-us-2\/team\/"},{"@type":"ListItem","position":4,"name":"Zeliha Mallaku"}]},{"@type":"WebSite","@id":"https:\/\/hodajlaw.com\/#website","url":"https:\/\/hodajlaw.com\/","name":"Hodaj &amp; Partners L.L.C.","description":"Hodaj &amp; Partners","potentialAction":[{"@type":"SearchAction","target":{"@type":"EntryPoint","urlTemplate":"https:\/\/hodajlaw.com\/?s={search_term_string}"},"query-input":{"@type":"PropertyValueSpecification","valueRequired":true,"valueName":"search_term_string"}}],"inLanguage":"sq"}]}},"_links":{"self":[{"href":"https:\/\/hodajlaw.com\/sq\/wp-json\/wp\/v2\/pages\/2572","targetHints":{"allow":["GET"]}}],"collection":[{"href":"https:\/\/hodajlaw.com\/sq\/wp-json\/wp\/v2\/pages"}],"about":[{"href":"https:\/\/hodajlaw.com\/sq\/wp-json\/wp\/v2\/types\/page"}],"author":[{"embeddable":true,"href":"https:\/\/hodajlaw.com\/sq\/wp-json\/wp\/v2\/users\/4"}],"replies":[{"embeddable":true,"href":"https:\/\/hodajlaw.com\/sq\/wp-json\/wp\/v2\/comments?post=2572"}],"version-history":[{"count":37,"href":"https:\/\/hodajlaw.com\/sq\/wp-json\/wp\/v2\/pages\/2572\/revisions"}],"predecessor-version":[{"id":6438,"href":"https:\/\/hodajlaw.com\/sq\/wp-json\/wp\/v2\/pages\/2572\/revisions\/6438"}],"up":[{"embeddable":true,"href":"https:\/\/hodajlaw.com\/sq\/wp-json\/wp\/v2\/pages\/2198"}],"wp:attachment":[{"href":"https:\/\/hodajlaw.com\/sq\/wp-json\/wp\/v2\/media?parent=2572"}],"curies":[{"name":"wp","href":"https:\/\/api.w.org\/{rel}","templated":true}]}}