{"id":2609,"date":"2021-02-15T15:36:00","date_gmt":"2021-02-15T15:36:00","guid":{"rendered":"https:\/\/hodajlaw.com\/?page_id=2609"},"modified":"2025-09-16T18:44:58","modified_gmt":"2025-09-16T18:44:58","slug":"litigation-arbitration","status":"publish","type":"page","link":"https:\/\/hodajlaw.com\/sq\/areas-of-practice\/litigation-arbitration\/","title":{"rendered":"Litigation &#038; Arbitration"},"content":{"rendered":"<div data-elementor-type=\"wp-page\" data-elementor-id=\"2609\" class=\"elementor elementor-2609\">\n\t\t\t\t<div class=\"elementor-element elementor-element-938a6b8 e-flex e-con-boxed e-con e-parent\" data-id=\"938a6b8\" data-element_type=\"container\" data-e-type=\"container\">\n\t\t\t\t\t<div class=\"e-con-inner\">\n\t\t\t\t<div class=\"elementor-element elementor-element-c44c157 elementor-widget elementor-widget-penci-info-box\" data-id=\"c44c157\" data-element_type=\"widget\" data-e-type=\"widget\" data-widget_type=\"penci-info-box.default\">\n\t\t\t\t<div class=\"elementor-widget-container\">\n\t\t\t\t\t        <div id=\"penci_info_box_61815\" class=\"penci-block-vc penci-info-box penci-ibox-top-center penci-view-default penci-shape-circle\">\n            <div class=\"penci-ibox-inner\">\n\t\t\t\t\t\t\t\t<div class=\"penci-ibox-icon penci-ibox-icon--image has-hover\"><a class=\"penci-ibox-icon-fa-fix\" href=\"\/sq\/areas-of-practice\/litigation-arbitration\/\"><\/a><a class=\"penci-ibox-icon-fa\" href=\"\/sq\/areas-of-practice\/litigation-arbitration\/\"><img decoding=\"async\" class=\"penci-ibox-img_active\" src=\"https:\/\/hodajlaw.com\/wp-content\/uploads\/2024\/01\/LitigationArbitration-01.svg\" width=\"150\" height=\"150\"><img decoding=\"async\" class=\"penci-ibox-img_hover\" src=\"https:\/\/hodajlaw.com\/wp-content\/uploads\/2024\/01\/LitigationArbitration-01.svg\" width=\"150\" height=\"150\"><\/a><\/div>                <div class=\"penci-ibox-content-wrap\">\n\t\t\t\t\t\t\t\t\t\t<h3\n                            class=\"penci-ibox-title\">P\u00ebrfaq\u00ebsim gjyq\u00ebsor dhe arbitrazh<\/h3>\t\t\t\t\t\t\t\t\t\t\t\t\t\t\t                <\/div>\n            <\/div>\n        <\/div>\n\t\t\t\t\t\t<\/div>\n\t\t\t\t<\/div>\n\t\t\t\t\t<\/div>\n\t\t\t\t<\/div>\n\t\t<div class=\"elementor-element elementor-element-44facd80 e-flex e-con-boxed e-con e-parent\" data-id=\"44facd80\" data-element_type=\"container\" data-e-type=\"container\">\n\t\t\t\t\t<div class=\"e-con-inner\">\n\t\t\t\t<div class=\"elementor-element elementor-element-79e2538c elementor-widget elementor-widget-text-editor\" data-id=\"79e2538c\" data-element_type=\"widget\" data-e-type=\"widget\" data-widget_type=\"text-editor.default\">\n\t\t\t\t<div class=\"elementor-widget-container\">\n\t\t\t\t\t\t\t\t\t<p>Ne ju ndihmojm\u00eb t\u00eb ndiqni dhe mbroni pretendimet tuaja, qoft\u00eb n\u00eb gjykat\u00eb apo jasht\u00eb saj, p\u00ebrmes proceseve gjyq\u00ebsore ose arbitrazhit tregtar, duke ju ofruar k\u00ebshilla ligjore t\u00eb ekspert\u00ebve dhe vler\u00ebsime t\u00eb qarta t\u00eb suksesit. Ne i marrim n\u00eb konsiderat\u00eb t\u00eb gjitha risqet dhe kostot e mundshme t\u00eb p\u00ebrfshira n\u00eb nj\u00eb rast.<\/p><p>Misioni yn\u00eb \u00ebsht\u00eb t\u00eb mb\u00ebshtesim klient\u00ebt tan\u00eb n\u00eb arritjen e objektivave t\u00eb tyre, duke p\u00ebrdorur strategji t\u00eb provuara dhe zgjidhjet m\u00eb t\u00eb mira praktike bazuar n\u00eb p\u00ebrvoj\u00ebn dhe praktikat tona m\u00eb t\u00eb mira.<\/p><p>Avokat\u00ebt tan\u00eb jan\u00eb an\u00ebtar\u00eb t\u00eb organeve kosovare dhe nd\u00ebrkomb\u00ebtare t\u00eb arbitrazhit dhe kan\u00eb p\u00ebrvoj\u00eb t\u00eb gjer\u00eb n\u00eb fush\u00ebn e arbitrazhit gjyq\u00ebsor dhe t\u00eb arbitrazhit komercial n\u00eb Kosov\u00eb dhe nd\u00ebrkomb\u00ebtar Arbitrazhit Tregtar, si n\u00eb Kosov\u00eb ashtu edhe n\u00eb nivel nd\u00ebrkomb\u00ebtar. N\u00eb Kosov\u00eb, ne kemi p\u00ebrfaq\u00ebsuar disas klient\u00eb para Qendr\u00ebs s\u00eb Arbitrazhit n\u00eb Oden Ekonomike Amerikane ne Kosov\u00eb dhe para Qendr\u00ebs s\u00eb Arbitrazhit n\u00eb Od\u00ebn Ekonomike t\u00eb Kosov\u00ebs.<\/p><p>Hodaj &amp; Partners, n\u00eb bashk\u00ebpunim me zyre ligjore partnere t\u00eb huaja, ofron p\u00ebrfaq\u00ebsim ligjor me cil\u00ebsi t\u00eb lart\u00eb n\u00eb arbitrazhe komplekse nd\u00ebrkomb\u00ebtare dhe arbitrazhe investitor-shtet. Ne kemi ndihmuar disa zyre ligjore n\u00eb p\u00ebrfaq\u00ebsimin e nj\u00eb grupi markash nd\u00ebrkomb\u00ebtare n\u00eb nj\u00eb arbitrazh investimesh t\u00eb profilit t\u00eb lart\u00eb kund\u00ebr Kosov\u00ebs n\u00eb lidhje me privatizimin e nj\u00eb nd\u00ebrmarrjeje shtet\u00ebrore. M\u00eb tej, ne kemi ndihmuar koleg\u00ebt tan\u00eb austriak\u00eb n\u00eb nj\u00eb rast kompleks t\u00eb investimeve t\u00eb huaja n\u00eb Kosov\u00eb para Qendr\u00ebs Nd\u00ebrkomb\u00ebtare t\u00eb Arbitrazhit t\u00eb Vjen\u00ebs (VIAC).<\/p>\t\t\t\t\t\t\t\t<\/div>\n\t\t\t\t<\/div>\n\t\t\t\t\t<\/div>\n\t\t\t\t<\/div>\n\t\t\t\t<\/div>","protected":false},"excerpt":{"rendered":"<p>Litigation &#038; Arbitration We help you pursue and protect your claims, whether in or out of court, through litigation and commercial arbitration, by providing expert legal advice and clear assessments&hellip;<\/p>","protected":false},"author":1,"featured_media":0,"parent":4706,"menu_order":0,"comment_status":"closed","ping_status":"closed","template":"","meta":{"_lmt_disableupdate":"","_lmt_disable":"","footnotes":""},"class_list":["post-2609","page","type-page","status-publish","hentry"],"yoast_head":"<!-- This site is optimized with the Yoast SEO plugin v27.4 - https:\/\/yoast.com\/product\/yoast-seo-wordpress\/ -->\n<title>Litigation &amp; Arbitration - Hodaj &amp; Partners L.L.C.<\/title>\n<meta name=\"robots\" content=\"index, follow, max-snippet:-1, max-image-preview:large, max-video-preview:-1\" \/>\n<link rel=\"canonical\" href=\"https:\/\/hodajlaw.com\/sq\/areas-of-practice\/litigation-arbitration\/\" \/>\n<meta property=\"og:locale\" content=\"sq_AL\" \/>\n<meta property=\"og:type\" content=\"article\" \/>\n<meta property=\"og:title\" content=\"Litigation &amp; Arbitration - Hodaj &amp; Partners L.L.C.\" \/>\n<meta property=\"og:description\" content=\"Litigation &#038; Arbitration We help you pursue and protect your claims, whether in or out of court, through litigation and commercial arbitration, by providing expert legal advice and clear assessments&hellip;\" \/>\n<meta property=\"og:url\" content=\"https:\/\/hodajlaw.com\/sq\/areas-of-practice\/litigation-arbitration\/\" \/>\n<meta property=\"og:site_name\" content=\"Hodaj &amp; Partners L.L.C.\" \/>\n<meta property=\"article:modified_time\" content=\"2025-09-16T18:44:58+00:00\" \/>\n<meta property=\"og:image\" content=\"https:\/\/hodajlaw.com\/wp-content\/uploads\/2024\/01\/LitigationArbitration-01.svg\" \/>\n<meta name=\"twitter:card\" content=\"summary_large_image\" \/>\n<meta name=\"twitter:label1\" content=\"Est. reading time\" \/>\n\t<meta name=\"twitter:data1\" content=\"2 minuta\" \/>\n<script type=\"application\/ld+json\" class=\"yoast-schema-graph\">{\"@context\":\"https:\\\/\\\/schema.org\",\"@graph\":[{\"@type\":\"WebPage\",\"@id\":\"https:\\\/\\\/hodajlaw.com\\\/areas-of-practice\\\/litigation-arbitration\\\/\",\"url\":\"https:\\\/\\\/hodajlaw.com\\\/areas-of-practice\\\/litigation-arbitration\\\/\",\"name\":\"Litigation & Arbitration - Hodaj &amp; Partners L.L.C.\",\"isPartOf\":{\"@id\":\"https:\\\/\\\/hodajlaw.com\\\/#website\"},\"primaryImageOfPage\":{\"@id\":\"https:\\\/\\\/hodajlaw.com\\\/areas-of-practice\\\/litigation-arbitration\\\/#primaryimage\"},\"image\":{\"@id\":\"https:\\\/\\\/hodajlaw.com\\\/areas-of-practice\\\/litigation-arbitration\\\/#primaryimage\"},\"thumbnailUrl\":\"https:\\\/\\\/hodajlaw.com\\\/wp-content\\\/uploads\\\/2024\\\/01\\\/LitigationArbitration-01.svg\",\"datePublished\":\"2021-02-15T15:36:00+00:00\",\"dateModified\":\"2025-09-16T18:44:58+00:00\",\"breadcrumb\":{\"@id\":\"https:\\\/\\\/hodajlaw.com\\\/areas-of-practice\\\/litigation-arbitration\\\/#breadcrumb\"},\"inLanguage\":\"sq\",\"potentialAction\":[{\"@type\":\"ReadAction\",\"target\":[\"https:\\\/\\\/hodajlaw.com\\\/areas-of-practice\\\/litigation-arbitration\\\/\"]}]},{\"@type\":\"ImageObject\",\"inLanguage\":\"sq\",\"@id\":\"https:\\\/\\\/hodajlaw.com\\\/areas-of-practice\\\/litigation-arbitration\\\/#primaryimage\",\"url\":\"https:\\\/\\\/hodajlaw.com\\\/wp-content\\\/uploads\\\/2024\\\/01\\\/LitigationArbitration-01.svg\",\"contentUrl\":\"https:\\\/\\\/hodajlaw.com\\\/wp-content\\\/uploads\\\/2024\\\/01\\\/LitigationArbitration-01.svg\"},{\"@type\":\"BreadcrumbList\",\"@id\":\"https:\\\/\\\/hodajlaw.com\\\/areas-of-practice\\\/litigation-arbitration\\\/#breadcrumb\",\"itemListElement\":[{\"@type\":\"ListItem\",\"position\":1,\"name\":\"Home\",\"item\":\"https:\\\/\\\/hodajlaw.com\\\/\"},{\"@type\":\"ListItem\",\"position\":2,\"name\":\"Areas of Practice\",\"item\":\"https:\\\/\\\/hodajlaw.com\\\/areas-of-practice\\\/\"},{\"@type\":\"ListItem\",\"position\":3,\"name\":\"Litigation &#038; Arbitration\"}]},{\"@type\":\"WebSite\",\"@id\":\"https:\\\/\\\/hodajlaw.com\\\/#website\",\"url\":\"https:\\\/\\\/hodajlaw.com\\\/\",\"name\":\"Hodaj &amp; Partners L.L.C.\",\"description\":\"Hodaj &amp; Partners\",\"potentialAction\":[{\"@type\":\"SearchAction\",\"target\":{\"@type\":\"EntryPoint\",\"urlTemplate\":\"https:\\\/\\\/hodajlaw.com\\\/?s={search_term_string}\"},\"query-input\":{\"@type\":\"PropertyValueSpecification\",\"valueRequired\":true,\"valueName\":\"search_term_string\"}}],\"inLanguage\":\"sq\"}]}<\/script>\n<!-- \/ Yoast SEO plugin. -->","yoast_head_json":{"title":"Litigation & Arbitration - Hodaj &amp; Partners L.L.C.","robots":{"index":"index","follow":"follow","max-snippet":"max-snippet:-1","max-image-preview":"max-image-preview:large","max-video-preview":"max-video-preview:-1"},"canonical":"https:\/\/hodajlaw.com\/sq\/areas-of-practice\/litigation-arbitration\/","og_locale":"sq_AL","og_type":"article","og_title":"Litigation & Arbitration - Hodaj &amp; Partners L.L.C.","og_description":"Litigation &#038; Arbitration We help you pursue and protect your claims, whether in or out of court, through litigation and commercial arbitration, by providing expert legal advice and clear assessments&hellip;","og_url":"https:\/\/hodajlaw.com\/sq\/areas-of-practice\/litigation-arbitration\/","og_site_name":"Hodaj &amp; Partners L.L.C.","article_modified_time":"2025-09-16T18:44:58+00:00","og_image":[{"url":"https:\/\/hodajlaw.com\/wp-content\/uploads\/2024\/01\/LitigationArbitration-01.svg","type":"","width":"","height":""}],"twitter_card":"summary_large_image","twitter_misc":{"Est. reading time":"2 minuta"},"schema":{"@context":"https:\/\/schema.org","@graph":[{"@type":"WebPage","@id":"https:\/\/hodajlaw.com\/areas-of-practice\/litigation-arbitration\/","url":"https:\/\/hodajlaw.com\/areas-of-practice\/litigation-arbitration\/","name":"Litigation & Arbitration - Hodaj &amp; Partners L.L.C.","isPartOf":{"@id":"https:\/\/hodajlaw.com\/#website"},"primaryImageOfPage":{"@id":"https:\/\/hodajlaw.com\/areas-of-practice\/litigation-arbitration\/#primaryimage"},"image":{"@id":"https:\/\/hodajlaw.com\/areas-of-practice\/litigation-arbitration\/#primaryimage"},"thumbnailUrl":"https:\/\/hodajlaw.com\/wp-content\/uploads\/2024\/01\/LitigationArbitration-01.svg","datePublished":"2021-02-15T15:36:00+00:00","dateModified":"2025-09-16T18:44:58+00:00","breadcrumb":{"@id":"https:\/\/hodajlaw.com\/areas-of-practice\/litigation-arbitration\/#breadcrumb"},"inLanguage":"sq","potentialAction":[{"@type":"ReadAction","target":["https:\/\/hodajlaw.com\/areas-of-practice\/litigation-arbitration\/"]}]},{"@type":"ImageObject","inLanguage":"sq","@id":"https:\/\/hodajlaw.com\/areas-of-practice\/litigation-arbitration\/#primaryimage","url":"https:\/\/hodajlaw.com\/wp-content\/uploads\/2024\/01\/LitigationArbitration-01.svg","contentUrl":"https:\/\/hodajlaw.com\/wp-content\/uploads\/2024\/01\/LitigationArbitration-01.svg"},{"@type":"BreadcrumbList","@id":"https:\/\/hodajlaw.com\/areas-of-practice\/litigation-arbitration\/#breadcrumb","itemListElement":[{"@type":"ListItem","position":1,"name":"Home","item":"https:\/\/hodajlaw.com\/"},{"@type":"ListItem","position":2,"name":"Areas of Practice","item":"https:\/\/hodajlaw.com\/areas-of-practice\/"},{"@type":"ListItem","position":3,"name":"Litigation &#038; Arbitration"}]},{"@type":"WebSite","@id":"https:\/\/hodajlaw.com\/#website","url":"https:\/\/hodajlaw.com\/","name":"Hodaj &amp; Partners L.L.C.","description":"Hodaj &amp; Partners","potentialAction":[{"@type":"SearchAction","target":{"@type":"EntryPoint","urlTemplate":"https:\/\/hodajlaw.com\/?s={search_term_string}"},"query-input":{"@type":"PropertyValueSpecification","valueRequired":true,"valueName":"search_term_string"}}],"inLanguage":"sq"}]}},"_links":{"self":[{"href":"https:\/\/hodajlaw.com\/sq\/wp-json\/wp\/v2\/pages\/2609","targetHints":{"allow":["GET"]}}],"collection":[{"href":"https:\/\/hodajlaw.com\/sq\/wp-json\/wp\/v2\/pages"}],"about":[{"href":"https:\/\/hodajlaw.com\/sq\/wp-json\/wp\/v2\/types\/page"}],"author":[{"embeddable":true,"href":"https:\/\/hodajlaw.com\/sq\/wp-json\/wp\/v2\/users\/1"}],"replies":[{"embeddable":true,"href":"https:\/\/hodajlaw.com\/sq\/wp-json\/wp\/v2\/comments?post=2609"}],"version-history":[{"count":13,"href":"https:\/\/hodajlaw.com\/sq\/wp-json\/wp\/v2\/pages\/2609\/revisions"}],"predecessor-version":[{"id":6662,"href":"https:\/\/hodajlaw.com\/sq\/wp-json\/wp\/v2\/pages\/2609\/revisions\/6662"}],"up":[{"embeddable":true,"href":"https:\/\/hodajlaw.com\/sq\/wp-json\/wp\/v2\/pages\/4706"}],"wp:attachment":[{"href":"https:\/\/hodajlaw.com\/sq\/wp-json\/wp\/v2\/media?parent=2609"}],"curies":[{"name":"wp","href":"https:\/\/api.w.org\/{rel}","templated":true}]}}