{"id":2614,"date":"2021-02-15T15:49:40","date_gmt":"2021-02-15T15:49:40","guid":{"rendered":"https:\/\/hodajlaw.com\/?page_id=2614"},"modified":"2025-09-16T18:54:43","modified_gmt":"2025-09-16T18:54:43","slug":"lobbying-and-public-affairs","status":"publish","type":"page","link":"https:\/\/hodajlaw.com\/sq\/areas-of-practice\/lobbying-and-public-affairs\/","title":{"rendered":"Lobimi dhe \u00c7\u00ebshtjet Publike"},"content":{"rendered":"<div data-elementor-type=\"wp-page\" data-elementor-id=\"2614\" class=\"elementor elementor-2614\">\n\t\t\t\t<div class=\"elementor-element elementor-element-bc363b0 e-flex e-con-boxed e-con e-parent\" data-id=\"bc363b0\" data-element_type=\"container\" data-e-type=\"container\">\n\t\t\t\t\t<div class=\"e-con-inner\">\n\t\t\t\t<div class=\"elementor-element elementor-element-4b0a3d5 elementor-widget elementor-widget-penci-info-box\" data-id=\"4b0a3d5\" data-element_type=\"widget\" data-e-type=\"widget\" data-widget_type=\"penci-info-box.default\">\n\t\t\t\t<div class=\"elementor-widget-container\">\n\t\t\t\t\t        <div id=\"penci_info_box_17058\" class=\"penci-block-vc penci-info-box penci-ibox-top-center penci-view-default penci-shape-circle\">\n            <div class=\"penci-ibox-inner\">\n\t\t\t\t\t\t\t\t<div class=\"penci-ibox-icon penci-ibox-icon--image has-hover\"><a class=\"penci-ibox-icon-fa-fix\" href=\"\/sq\/areas-of-practice\/lobbying-and-public-affairs\/\"><\/a><a class=\"penci-ibox-icon-fa\" href=\"\/sq\/areas-of-practice\/lobbying-and-public-affairs\/\"><img decoding=\"async\" class=\"penci-ibox-img_active\" src=\"https:\/\/hodajlaw.com\/wp-content\/uploads\/2024\/01\/LobbyPublicAffairs-01.svg\" width=\"150\" height=\"150\"><img decoding=\"async\" class=\"penci-ibox-img_hover\" src=\"https:\/\/hodajlaw.com\/wp-content\/uploads\/2024\/01\/LobbyPublicAffairs-01.svg\" width=\"150\" height=\"150\"><\/a><\/div>                <div class=\"penci-ibox-content-wrap\">\n\t\t\t\t\t\t\t\t\t\t<h3\n                            class=\"penci-ibox-title\">Lobimi dhe \u00c7\u00ebshtjet Publike<\/h3>\t\t\t\t\t\t\t\t\t\t\t\t\t\t\t                <\/div>\n            <\/div>\n        <\/div>\n\t\t\t\t\t\t<\/div>\n\t\t\t\t<\/div>\n\t\t\t\t\t<\/div>\n\t\t\t\t<\/div>\n\t\t<div class=\"elementor-element elementor-element-6d19aa84 e-flex e-con-boxed e-con e-parent\" data-id=\"6d19aa84\" data-element_type=\"container\" data-e-type=\"container\">\n\t\t\t\t\t<div class=\"e-con-inner\">\n\t\t\t\t<div class=\"elementor-element elementor-element-6e7c6d20 elementor-widget elementor-widget-text-editor\" data-id=\"6e7c6d20\" data-element_type=\"widget\" data-e-type=\"widget\" data-widget_type=\"text-editor.default\">\n\t\t\t\t<div class=\"elementor-widget-container\">\n\t\t\t\t\t\t\t\t\t<p>Ne e kuptojm\u00eb se legjislacioni dhe vendimet e politikave n\u00eb nj\u00eb gam\u00eb t\u00eb gjer\u00eb sektor\u00ebsh mund t\u00eb ndikojn\u00eb n\u00eb vitalitetin e organizat\u00ebs suaj m\u00eb thell\u00eb sesa vendimet e gjykat\u00ebs dhe aq ashp\u00ebr sa vendimet e biznesit q\u00eb lidhen me aktivitetet tuaja kryesore.<\/p><p>T\u00eb kuptuarit e politik\u00ebs, kontekstit politik dhe rregullator q\u00eb ndikon n\u00eb organizat\u00ebn tuaj \u00ebsht\u00eb kritike p\u00ebr suksesin tuaj t\u00eb p\u00ebrgjithsh\u00ebm. Bizneset, shoqatat tregtare, organizatat dhe individ\u00ebt ndonj\u00ebher\u00eb mund t\u00eb jen\u00eb t\u00eb pasigurt se si procesi i vendimmarrjes politike ndikon tek ata dhe se si t\u00eb angazhohen m\u00eb mir\u00eb me politik\u00ebb\u00ebr\u00ebsit dhe aktor\u00ebt m\u00eb t\u00eb gjer\u00eb.<\/p><p>Ne mund t'ju ndihmoj\u00eb t\u00eb identifikoni objektivat tuaja n\u00eb var\u00ebsi t\u00eb situat\u00ebs dhe kontekstit, n\u00ebse ju:<\/p><ol><li>K\u00ebrkoni t\u00eb reduktoni koston q\u00eb do t\u00eb \u00e7oj\u00eb nj\u00eb ligj i pashmangsh\u00ebm<\/li><li>K\u00ebrkojni m\u00ebnyra p\u00ebr t\u00eb p\u00ebrfituar nga nj\u00eb vendim i qeveris\u00eb ose p\u00ebr t\u00eb minimizuar ndikimin e tij<\/li><li>D\u00ebshironi t\u00eb nd\u00ebrhyni p\u00ebr t\u00eb sfiduar nj\u00eb mas\u00eb t\u00eb pafavorshme; ose<\/li><li>Planifikoni t\u00eb merrni pjes\u00eb n\u00eb p\u00ebrgatitjen e veprimeve shtet\u00ebrore, sektoriale ose t\u00eb p\u00ebrgjithshme.<\/li><\/ol><p>Ne mund t'ju ndihmojm\u00eb t\u00eb navigoni, t\u00eb angazhoheni dhe t\u00eb ndikoni n\u00eb sken\u00ebn politike dhe rregullatore q\u00eb ndikon n\u00eb organizat\u00ebn tuaj, duke siguruar q\u00eb mesazhi juaj t\u00eb arrij\u00eb njer\u00ebzit e duhur p\u00ebr t\u00eb prodhuar ndryshime t\u00eb v\u00ebrteta.<\/p><p>Ne i ndihmojm\u00eb klient\u00ebt tan\u00eb t\u00eb maksimizojn\u00eb p\u00ebrfitimet e mundshme dhe t\u00eb minimizojn\u00eb riskun nga mjedisi politik.<\/p>\t\t\t\t\t\t\t\t<\/div>\n\t\t\t\t<\/div>\n\t\t\t\t\t<\/div>\n\t\t\t\t<\/div>\n\t\t\t\t<\/div>","protected":false},"excerpt":{"rendered":"<p>Lobbying and Public Affairs We understand that legislation and policy decisions across a broad range of sectors can impact your organisation\u2019s vitality more profoundly than court judgments and as severely&hellip;<\/p>","protected":false},"author":2,"featured_media":0,"parent":4706,"menu_order":0,"comment_status":"closed","ping_status":"open","template":"","meta":{"_lmt_disableupdate":"","_lmt_disable":"","footnotes":""},"class_list":["post-2614","page","type-page","status-publish","hentry"],"yoast_head":"<!-- This site is optimized with the Yoast SEO plugin v27.4 - https:\/\/yoast.com\/product\/yoast-seo-wordpress\/ -->\n<title>Lobbying and Public Affairs - Hodaj &amp; Partners L.L.C.<\/title>\n<meta name=\"robots\" content=\"index, follow, max-snippet:-1, max-image-preview:large, max-video-preview:-1\" \/>\n<link rel=\"canonical\" href=\"https:\/\/hodajlaw.com\/sq\/areas-of-practice\/lobbying-and-public-affairs\/\" \/>\n<meta property=\"og:locale\" content=\"sq_AL\" \/>\n<meta property=\"og:type\" content=\"article\" \/>\n<meta property=\"og:title\" content=\"Lobbying and Public Affairs - Hodaj &amp; Partners L.L.C.\" \/>\n<meta property=\"og:description\" content=\"Lobbying and Public Affairs We understand that legislation and policy decisions across a broad range of sectors can impact your organisation\u2019s vitality more profoundly than court judgments and as severely&hellip;\" \/>\n<meta property=\"og:url\" content=\"https:\/\/hodajlaw.com\/sq\/areas-of-practice\/lobbying-and-public-affairs\/\" \/>\n<meta property=\"og:site_name\" content=\"Hodaj &amp; Partners L.L.C.\" \/>\n<meta property=\"article:modified_time\" content=\"2025-09-16T18:54:43+00:00\" \/>\n<meta property=\"og:image\" content=\"https:\/\/hodajlaw.com\/wp-content\/uploads\/2024\/01\/LobbyPublicAffairs-01.svg\" \/>\n<meta name=\"twitter:card\" content=\"summary_large_image\" \/>\n<meta name=\"twitter:label1\" content=\"Est. reading time\" \/>\n\t<meta name=\"twitter:data1\" content=\"2 minuta\" \/>\n<script type=\"application\/ld+json\" class=\"yoast-schema-graph\">{\"@context\":\"https:\\\/\\\/schema.org\",\"@graph\":[{\"@type\":\"WebPage\",\"@id\":\"https:\\\/\\\/hodajlaw.com\\\/areas-of-practice\\\/lobbying-and-public-affairs\\\/\",\"url\":\"https:\\\/\\\/hodajlaw.com\\\/areas-of-practice\\\/lobbying-and-public-affairs\\\/\",\"name\":\"Lobbying and Public Affairs - Hodaj &amp; Partners L.L.C.\",\"isPartOf\":{\"@id\":\"https:\\\/\\\/hodajlaw.com\\\/#website\"},\"primaryImageOfPage\":{\"@id\":\"https:\\\/\\\/hodajlaw.com\\\/areas-of-practice\\\/lobbying-and-public-affairs\\\/#primaryimage\"},\"image\":{\"@id\":\"https:\\\/\\\/hodajlaw.com\\\/areas-of-practice\\\/lobbying-and-public-affairs\\\/#primaryimage\"},\"thumbnailUrl\":\"https:\\\/\\\/hodajlaw.com\\\/wp-content\\\/uploads\\\/2024\\\/01\\\/LobbyPublicAffairs-01.svg\",\"datePublished\":\"2021-02-15T15:49:40+00:00\",\"dateModified\":\"2025-09-16T18:54:43+00:00\",\"breadcrumb\":{\"@id\":\"https:\\\/\\\/hodajlaw.com\\\/areas-of-practice\\\/lobbying-and-public-affairs\\\/#breadcrumb\"},\"inLanguage\":\"sq\",\"potentialAction\":[{\"@type\":\"ReadAction\",\"target\":[\"https:\\\/\\\/hodajlaw.com\\\/areas-of-practice\\\/lobbying-and-public-affairs\\\/\"]}]},{\"@type\":\"ImageObject\",\"inLanguage\":\"sq\",\"@id\":\"https:\\\/\\\/hodajlaw.com\\\/areas-of-practice\\\/lobbying-and-public-affairs\\\/#primaryimage\",\"url\":\"https:\\\/\\\/hodajlaw.com\\\/wp-content\\\/uploads\\\/2024\\\/01\\\/LobbyPublicAffairs-01.svg\",\"contentUrl\":\"https:\\\/\\\/hodajlaw.com\\\/wp-content\\\/uploads\\\/2024\\\/01\\\/LobbyPublicAffairs-01.svg\"},{\"@type\":\"BreadcrumbList\",\"@id\":\"https:\\\/\\\/hodajlaw.com\\\/areas-of-practice\\\/lobbying-and-public-affairs\\\/#breadcrumb\",\"itemListElement\":[{\"@type\":\"ListItem\",\"position\":1,\"name\":\"Home\",\"item\":\"https:\\\/\\\/hodajlaw.com\\\/\"},{\"@type\":\"ListItem\",\"position\":2,\"name\":\"Areas of Practice\",\"item\":\"https:\\\/\\\/hodajlaw.com\\\/areas-of-practice\\\/\"},{\"@type\":\"ListItem\",\"position\":3,\"name\":\"Lobbying and Public Affairs\"}]},{\"@type\":\"WebSite\",\"@id\":\"https:\\\/\\\/hodajlaw.com\\\/#website\",\"url\":\"https:\\\/\\\/hodajlaw.com\\\/\",\"name\":\"Hodaj &amp; Partners L.L.C.\",\"description\":\"Hodaj &amp; Partners\",\"potentialAction\":[{\"@type\":\"SearchAction\",\"target\":{\"@type\":\"EntryPoint\",\"urlTemplate\":\"https:\\\/\\\/hodajlaw.com\\\/?s={search_term_string}\"},\"query-input\":{\"@type\":\"PropertyValueSpecification\",\"valueRequired\":true,\"valueName\":\"search_term_string\"}}],\"inLanguage\":\"sq\"}]}<\/script>\n<!-- \/ Yoast SEO plugin. -->","yoast_head_json":{"title":"Lobbying and Public Affairs - Hodaj &amp; Partners L.L.C.","robots":{"index":"index","follow":"follow","max-snippet":"max-snippet:-1","max-image-preview":"max-image-preview:large","max-video-preview":"max-video-preview:-1"},"canonical":"https:\/\/hodajlaw.com\/sq\/areas-of-practice\/lobbying-and-public-affairs\/","og_locale":"sq_AL","og_type":"article","og_title":"Lobbying and Public Affairs - Hodaj &amp; Partners L.L.C.","og_description":"Lobbying and Public Affairs We understand that legislation and policy decisions across a broad range of sectors can impact your organisation\u2019s vitality more profoundly than court judgments and as severely&hellip;","og_url":"https:\/\/hodajlaw.com\/sq\/areas-of-practice\/lobbying-and-public-affairs\/","og_site_name":"Hodaj &amp; Partners L.L.C.","article_modified_time":"2025-09-16T18:54:43+00:00","og_image":[{"url":"https:\/\/hodajlaw.com\/wp-content\/uploads\/2024\/01\/LobbyPublicAffairs-01.svg","type":"","width":"","height":""}],"twitter_card":"summary_large_image","twitter_misc":{"Est. reading time":"2 minuta"},"schema":{"@context":"https:\/\/schema.org","@graph":[{"@type":"WebPage","@id":"https:\/\/hodajlaw.com\/areas-of-practice\/lobbying-and-public-affairs\/","url":"https:\/\/hodajlaw.com\/areas-of-practice\/lobbying-and-public-affairs\/","name":"Lobbying and Public Affairs - Hodaj &amp; Partners L.L.C.","isPartOf":{"@id":"https:\/\/hodajlaw.com\/#website"},"primaryImageOfPage":{"@id":"https:\/\/hodajlaw.com\/areas-of-practice\/lobbying-and-public-affairs\/#primaryimage"},"image":{"@id":"https:\/\/hodajlaw.com\/areas-of-practice\/lobbying-and-public-affairs\/#primaryimage"},"thumbnailUrl":"https:\/\/hodajlaw.com\/wp-content\/uploads\/2024\/01\/LobbyPublicAffairs-01.svg","datePublished":"2021-02-15T15:49:40+00:00","dateModified":"2025-09-16T18:54:43+00:00","breadcrumb":{"@id":"https:\/\/hodajlaw.com\/areas-of-practice\/lobbying-and-public-affairs\/#breadcrumb"},"inLanguage":"sq","potentialAction":[{"@type":"ReadAction","target":["https:\/\/hodajlaw.com\/areas-of-practice\/lobbying-and-public-affairs\/"]}]},{"@type":"ImageObject","inLanguage":"sq","@id":"https:\/\/hodajlaw.com\/areas-of-practice\/lobbying-and-public-affairs\/#primaryimage","url":"https:\/\/hodajlaw.com\/wp-content\/uploads\/2024\/01\/LobbyPublicAffairs-01.svg","contentUrl":"https:\/\/hodajlaw.com\/wp-content\/uploads\/2024\/01\/LobbyPublicAffairs-01.svg"},{"@type":"BreadcrumbList","@id":"https:\/\/hodajlaw.com\/areas-of-practice\/lobbying-and-public-affairs\/#breadcrumb","itemListElement":[{"@type":"ListItem","position":1,"name":"Home","item":"https:\/\/hodajlaw.com\/"},{"@type":"ListItem","position":2,"name":"Areas of Practice","item":"https:\/\/hodajlaw.com\/areas-of-practice\/"},{"@type":"ListItem","position":3,"name":"Lobbying and Public Affairs"}]},{"@type":"WebSite","@id":"https:\/\/hodajlaw.com\/#website","url":"https:\/\/hodajlaw.com\/","name":"Hodaj &amp; Partners L.L.C.","description":"Hodaj &amp; Partners","potentialAction":[{"@type":"SearchAction","target":{"@type":"EntryPoint","urlTemplate":"https:\/\/hodajlaw.com\/?s={search_term_string}"},"query-input":{"@type":"PropertyValueSpecification","valueRequired":true,"valueName":"search_term_string"}}],"inLanguage":"sq"}]}},"_links":{"self":[{"href":"https:\/\/hodajlaw.com\/sq\/wp-json\/wp\/v2\/pages\/2614","targetHints":{"allow":["GET"]}}],"collection":[{"href":"https:\/\/hodajlaw.com\/sq\/wp-json\/wp\/v2\/pages"}],"about":[{"href":"https:\/\/hodajlaw.com\/sq\/wp-json\/wp\/v2\/types\/page"}],"author":[{"embeddable":true,"href":"https:\/\/hodajlaw.com\/sq\/wp-json\/wp\/v2\/users\/2"}],"replies":[{"embeddable":true,"href":"https:\/\/hodajlaw.com\/sq\/wp-json\/wp\/v2\/comments?post=2614"}],"version-history":[{"count":16,"href":"https:\/\/hodajlaw.com\/sq\/wp-json\/wp\/v2\/pages\/2614\/revisions"}],"predecessor-version":[{"id":6689,"href":"https:\/\/hodajlaw.com\/sq\/wp-json\/wp\/v2\/pages\/2614\/revisions\/6689"}],"up":[{"embeddable":true,"href":"https:\/\/hodajlaw.com\/sq\/wp-json\/wp\/v2\/pages\/4706"}],"wp:attachment":[{"href":"https:\/\/hodajlaw.com\/sq\/wp-json\/wp\/v2\/media?parent=2614"}],"curies":[{"name":"wp","href":"https:\/\/api.w.org\/{rel}","templated":true}]}}