{"id":3739,"date":"2021-05-31T23:43:47","date_gmt":"2021-05-31T23:43:47","guid":{"rendered":"https:\/\/hodajlaw.com\/?page_id=3739"},"modified":"2023-05-30T15:37:10","modified_gmt":"2023-05-30T15:37:10","slug":"lajmet-publikimet","status":"publish","type":"page","link":"https:\/\/hodajlaw.com\/sq\/lajmet-publikimet\/","title":{"rendered":"LAJMET\/PUBLIKIMET"},"content":{"rendered":"<p>[page_header style=&#8221;simple&#8221; type=&#8221;onpage&#8221; text_color=&#8221;dark&#8221; align=&#8221;center&#8221; title_case=&#8221;uppercase&#8221; nav_size=&#8221;small&#8221; bg_size=&#8221;medium&#8221; visibility=&#8221;show-for-small&#8221;]<\/p>\n<p>[page_header style=&#8221;normal&#8221; text_color=&#8221;dark&#8221; title_case=&#8221;uppercase&#8221; nav_size=&#8221;small&#8221; bg_size=&#8221;medium&#8221; visibility=&#8221;hide-for-small&#8221;]<\/p>\n<p>[page_header style=&#8221;simple&#8221; type=&#8221;onpage&#8221; text_color=&#8221;dark&#8221; align=&#8221;center&#8221; title_case=&#8221;uppercase&#8221; sub_title=&#8221;External Advisor&#8221; nav_size=&#8221;small&#8221; bg_size=&#8221;medium&#8221; visibility=&#8221;show-for-small&#8221;]<\/p>\n<p>[section]<\/p>\n<p>[row]<\/p>\n<p>[col span=&#8221;6&#8243; span__sm=&#8221;12&#8243;]<\/p>\n<p style=\"text-align: justify;\"><strong>Nj\u00eb avokat i ri i bashkohet Hodaj &amp; Partners<\/strong><\/p>\n<p>N\u00eb vijim t\u00eb p\u00ebrpjekjeve tona p\u00ebr rritje dhe p\u00ebrmir\u00ebsim t\u00eb sh\u00ebrbimeve t\u00eb ofruara, me k\u00ebnaq\u00ebsi ju njoftojm\u00eb se kemi marr\u00eb n\u00eb stafin ton\u00eb nj\u00eb koleg t\u00eb ri, avokatin Lirim Ismaili.\u00a0<\/p>\n<p>Ky bashk\u00ebpunim i ri me z. Ismaili vjen si rezultat i p\u00ebrkushtimit ton\u00eb p\u00ebr t\u00eb ofruar sh\u00ebrbime sa m\u00eb cil\u00ebsore dhe t\u00eb specializuara p\u00ebr klient\u00ebt tan\u00eb t\u00eb \u00e7muar. N\u00ebp\u00ebrmjet angazhimit t\u00eb nj\u00eb profesionisti t\u00eb kualifikuar, ne thellojm\u00eb angazhimin ton\u00eb p\u00ebr t&#8217;i ofruar klient\u00ebve tan\u00eb nj\u00eb p\u00ebrvoj\u00eb t\u00eb shk\u00eblqyeshme n\u00eb fush\u00ebn e avokatur\u00ebs.<\/p>\n<p><span style=\"font-size: 14.4px;\">Z. Ismaili \u00ebsht\u00eb i fokusuar n\u00eb t\u00eb drejt\u00ebn penale, t\u00eb drejt\u00ebn civile dhe t\u00eb drejt\u00ebn e taksave. Krahas angazhimeve me pun\u00eb praktike n\u00eb Gjykat\u00ebn Themelore t\u00eb Prishtin\u00ebs, ai gjithashtu ka punuar si ligj\u00ebrues i l\u00ebnd\u00ebv\u00eb nga sistemi i drejt\u00ebsis\u00eb n\u00eb Kosov\u00eb&#8230;<\/span><span style=\"font-size: 14.4px;\">\u00a0<\/span><a style=\"font-size: 14.4px;\" href=\"https:\/\/hodajlaw.com\/2023\/05\/30\/avokati-i-bashkohet-hodaj-partners\/?lang=sq\"><strong>Read More<\/strong><\/a><\/p>\n<p>[\/col]<br \/>\n[col span=&#8221;6&#8243; span__sm=&#8221;12&#8243; force_first=&#8221;small&#8221;]<\/p>\n<p>[ux_image id=&#8221;4500&#8243; image_size=&#8221;original&#8221; height=&#8221;90%&#8221;]<\/p>\n<p>[\/col]<\/p>\n<p>[\/row]<\/p>\n<p>[\/section]<br \/>\n[section]<\/p>\n<p>[row]<\/p>\n<p>[col span=&#8221;6&#8243; span__sm=&#8221;12&#8243;]<\/p>\n<p><strong>Partneri menaxhues i Hodaj &amp; Partners, Taulant Hodaj prononcohet p\u00ebr AlJazeera Balkans lidhur me padin\u00eb eventuale p\u00ebr gjenocid kund\u00ebr Serbis\u00eb<\/strong><\/p>\n<p>z. Hodaj \u00ebsht\u00eb prononcuar p\u00ebr AlJazeera Balkans, duke qen\u00eb k\u00ebshtu i p\u00ebrzgjedhur nga ky medium si (ashtu si e cil\u00ebson edhe vet\u00eb artikulli): avokat me nj\u00eb eksperienc\u00eb t\u00eb pasur n\u00eb t\u00eb drejt\u00ebn penale si n\u00eb vend, ashtu edhe n\u00eb institucionet nd\u00ebrkomb\u00ebtare, si Tribunali i Hag\u00ebs p\u00ebr ish Jugosllavin\u00eb.<br \/>z. Hodaj ka theksuar q\u00eb t\u00eb ushtruarit e padis\u00eb kund\u00ebr Serbis\u00eb nuk \u00ebsht\u00eb e pamundur, marr\u00eb parasysh q\u00eb Kosova ishte pal\u00eb para Gjykat\u00ebs Nd\u00ebrkomb\u00ebtare t\u00eb Drejt\u00ebsis\u00eb edhe m\u00eb her\u00ebt. N\u00eb k\u00ebt\u00eb drejtim, \u00ebsht\u00eb e mundur q\u00eb, marr\u00eb parasysh q\u00eb Kosova nuk \u00ebsht\u00eb pjes\u00eb e Kombeve t\u00eb Bashkuara, q\u00eb padin\u00eb t\u2019a b\u00ebj\u00eb ndonj\u00eb shtet tjet\u00ebr (si Shqip\u00ebria), por do ishte m\u00eb e p\u00eblqyeshme q\u00eb k\u00ebt\u00eb t\u00eb b\u00ebnte ndonj\u00eb shtet me p\u00ebrvoj\u00eb m\u00eb t\u00eb madhe n\u00eb k\u00ebt\u00eb drejtim si&#8230; <a style=\"text-align: justify;\" href=\"https:\/\/hodajlaw.com\/2022\/03\/15\/partneri-menaxhues-i-hodaj-partners-taulant-hodaj-prononcohet-per-aljazeera-balkans-lidhur-me-padine-eventuale-per-gjenocid-kunder-serbise\/?lang=sq\"><strong>Read More<\/strong><\/a><\/p>\n<p>[\/col]<br \/>\n[col span=&#8221;6&#8243; span__sm=&#8221;12&#8243; force_first=&#8221;small&#8221;]<\/p>\n<p>[ux_image id=&#8221;1428&#8243; image_size=&#8221;original&#8221; height=&#8221;90%&#8221;]<\/p>\n<p>[\/col]<\/p>\n<p>[\/row]<\/p>\n<p>[\/section]<br \/>\n[section]<\/p>\n<p>[row]<\/p>\n<p>[col span=&#8221;6&#8243; span__sm=&#8221;12&#8243;]<\/p>\n<p class=\"entry-title\"><strong><span style=\"font-size: 120%;\">Njihuni me dy bashk\u00ebpun\u00ebtor\u00ebt e Hodaj &amp;amp; Partners, Zyra e Avokatis\u00eb<br \/><\/span><\/strong><span style=\"color: #333333;\"><br \/>Hodaj &amp; Partners si nj\u00eb nd\u00ebr zyrat m\u00eb t\u00eb njohura t\u00eb avokat\u00ebve n\u00eb Kosov\u00eb ka k\u00ebnaq\u00ebsin t\u00eb njoftoj se dy bashk\u00ebpun\u00ebtor\u00eb t\u00eb ri i jan\u00eb bashkangjitur zyr\u00ebs son\u00eb. <br \/>Z. Zgjim Mikullovci q\u00eb \u00ebsht\u00eb b\u00ebr\u00eb pjes\u00eb e zyr\u00ebs para disa muajve dhe tani prej muajit shkurt 2022, edhe Znj. Zana Cena \u00ebsht\u00eb b\u00ebr\u00eb pjes\u00eb e zyr\u00ebs son\u00eb.<br \/><\/span><\/p>\n<p><span style=\"color: #333333;\">Zgjim Mikullovci ka diplomuar n\u00eb Universitetin e Prishtin\u00ebs, Fakultetit Juridik n\u00eb vitin 2020. Ai ka marr\u00eb pjes\u00eb n\u00eb gar\u00ebn Wilem C. Vis International Commercial Arbitration Moot n\u00eb Vien\u00eb dhe Philip C. Jessup International Moot Court Competition n\u00eb Washington D.C. Ai po ashtu \u00ebsht\u00eb bursist i Fulbright Foreign Student&#8230; <\/span><a style=\"text-align: justify;\" href=\"https:\/\/hodajlaw.com\/2022\/03\/15\/njihuni-me-dy-bashkepunetoret-e-hodaj-partners-zyra-e-avokatise\/?lang=sq\"><strong>Read More<\/strong><\/a><\/p>\n<p>[\/col]<br \/>\n[col span=&#8221;6&#8243; span__sm=&#8221;12&#8243; force_first=&#8221;small&#8221;]<\/p>\n<p>[ux_image id=&#8221;4378&#8243; image_size=&#8221;original&#8221; height=&#8221;90%&#8221;]<\/p>\n<p>[\/col]<\/p>\n<p>[\/row]<\/p>\n<p>[\/section]<\/p>\n","protected":false},"excerpt":{"rendered":"<p>[page_header style=&#8221;simple&#8221; type=&#8221;onpage&#8221; text_color=&#8221;dark&#8221; align=&#8221;center&#8221; title_case=&#8221;uppercase&#8221; nav_size=&#8221;small&#8221; bg_size=&#8221;medium&#8221; visibility=&#8221;show-for-small&#8221;] [page_header style=&#8221;normal&#8221; text_color=&#8221;dark&#8221; title_case=&#8221;uppercase&#8221; nav_size=&#8221;small&#8221; bg_size=&#8221;medium&#8221; visibility=&#8221;hide-for-small&#8221;] [page_header style=&#8221;simple&#8221; type=&#8221;onpage&#8221; text_color=&#8221;dark&#8221; align=&#8221;center&#8221; title_case=&#8221;uppercase&#8221; sub_title=&#8221;External Advisor&#8221; nav_size=&#8221;small&#8221; bg_size=&#8221;medium&#8221; visibility=&#8221;show-for-small&#8221;] [section] [row] [col&hellip;<\/p>\n","protected":false},"author":4,"featured_media":0,"parent":0,"menu_order":0,"comment_status":"closed","ping_status":"closed","template":"","meta":{"_lmt_disableupdate":"","_lmt_disable":"","footnotes":""},"class_list":["post-3739","page","type-page","status-publish","hentry"],"yoast_head":"<!-- This site is optimized with the Yoast SEO plugin v27.4 - https:\/\/yoast.com\/product\/yoast-seo-wordpress\/ -->\n<title>LAJMET\/PUBLIKIMET - Hodaj &amp; Partners L.L.C.<\/title>\n<meta name=\"robots\" content=\"index, follow, max-snippet:-1, max-image-preview:large, max-video-preview:-1\" \/>\n<link rel=\"canonical\" href=\"https:\/\/hodajlaw.com\/sq\/lajmet-publikimet\/?lang=sq\" \/>\n<meta property=\"og:locale\" content=\"sq_AL\" \/>\n<meta property=\"og:type\" content=\"article\" \/>\n<meta property=\"og:title\" content=\"LAJMET\/PUBLIKIMET - Hodaj &amp; Partners L.L.C.\" \/>\n<meta property=\"og:description\" content=\"[page_header style=&#8221;simple&#8221; type=&#8221;onpage&#8221; text_color=&#8221;dark&#8221; align=&#8221;center&#8221; title_case=&#8221;uppercase&#8221; nav_size=&#8221;small&#8221; bg_size=&#8221;medium&#8221; visibility=&#8221;show-for-small&#8221;] [page_header style=&#8221;normal&#8221; text_color=&#8221;dark&#8221; title_case=&#8221;uppercase&#8221; nav_size=&#8221;small&#8221; bg_size=&#8221;medium&#8221; visibility=&#8221;hide-for-small&#8221;] [page_header style=&#8221;simple&#8221; type=&#8221;onpage&#8221; text_color=&#8221;dark&#8221; align=&#8221;center&#8221; title_case=&#8221;uppercase&#8221; sub_title=&#8221;External Advisor&#8221; nav_size=&#8221;small&#8221; bg_size=&#8221;medium&#8221; visibility=&#8221;show-for-small&#8221;] [section] [row] [col&hellip;\" \/>\n<meta property=\"og:url\" content=\"https:\/\/hodajlaw.com\/sq\/lajmet-publikimet\/?lang=sq\" \/>\n<meta property=\"og:site_name\" content=\"Hodaj &amp; Partners L.L.C.\" \/>\n<meta property=\"article:modified_time\" content=\"2023-05-30T15:37:10+00:00\" \/>\n<meta name=\"twitter:card\" content=\"summary_large_image\" \/>\n<meta name=\"twitter:label1\" content=\"Est. reading time\" \/>\n\t<meta name=\"twitter:data1\" content=\"3 minuta\" \/>\n<script type=\"application\/ld+json\" class=\"yoast-schema-graph\">{\"@context\":\"https:\\\/\\\/schema.org\",\"@graph\":[{\"@type\":\"WebPage\",\"@id\":\"https:\\\/\\\/hodajlaw.com\\\/lajmet-publikimet\\\/?lang=sq\",\"url\":\"https:\\\/\\\/hodajlaw.com\\\/lajmet-publikimet\\\/?lang=sq\",\"name\":\"LAJMET\\\/PUBLIKIMET - Hodaj &amp; Partners L.L.C.\",\"isPartOf\":{\"@id\":\"https:\\\/\\\/hodajlaw.com\\\/#website\"},\"datePublished\":\"2021-05-31T23:43:47+00:00\",\"dateModified\":\"2023-05-30T15:37:10+00:00\",\"breadcrumb\":{\"@id\":\"https:\\\/\\\/hodajlaw.com\\\/lajmet-publikimet\\\/?lang=sq#breadcrumb\"},\"inLanguage\":\"sq\",\"potentialAction\":[{\"@type\":\"ReadAction\",\"target\":[\"https:\\\/\\\/hodajlaw.com\\\/lajmet-publikimet\\\/?lang=sq\"]}]},{\"@type\":\"BreadcrumbList\",\"@id\":\"https:\\\/\\\/hodajlaw.com\\\/lajmet-publikimet\\\/?lang=sq#breadcrumb\",\"itemListElement\":[{\"@type\":\"ListItem\",\"position\":1,\"name\":\"Home\",\"item\":\"https:\\\/\\\/hodajlaw.com\\\/\"},{\"@type\":\"ListItem\",\"position\":2,\"name\":\"LAJMET\\\/PUBLIKIMET\"}]},{\"@type\":\"WebSite\",\"@id\":\"https:\\\/\\\/hodajlaw.com\\\/#website\",\"url\":\"https:\\\/\\\/hodajlaw.com\\\/\",\"name\":\"Hodaj &amp; Partners L.L.C.\",\"description\":\"Hodaj &amp; Partners\",\"potentialAction\":[{\"@type\":\"SearchAction\",\"target\":{\"@type\":\"EntryPoint\",\"urlTemplate\":\"https:\\\/\\\/hodajlaw.com\\\/?s={search_term_string}\"},\"query-input\":{\"@type\":\"PropertyValueSpecification\",\"valueRequired\":true,\"valueName\":\"search_term_string\"}}],\"inLanguage\":\"sq\"}]}<\/script>\n<!-- \/ Yoast SEO plugin. -->","yoast_head_json":{"title":"LAJMET\/PUBLIKIMET - Hodaj &amp; Partners L.L.C.","robots":{"index":"index","follow":"follow","max-snippet":"max-snippet:-1","max-image-preview":"max-image-preview:large","max-video-preview":"max-video-preview:-1"},"canonical":"https:\/\/hodajlaw.com\/sq\/lajmet-publikimet\/?lang=sq","og_locale":"sq_AL","og_type":"article","og_title":"LAJMET\/PUBLIKIMET - Hodaj &amp; Partners L.L.C.","og_description":"[page_header style=&#8221;simple&#8221; type=&#8221;onpage&#8221; text_color=&#8221;dark&#8221; align=&#8221;center&#8221; title_case=&#8221;uppercase&#8221; nav_size=&#8221;small&#8221; bg_size=&#8221;medium&#8221; visibility=&#8221;show-for-small&#8221;] [page_header style=&#8221;normal&#8221; text_color=&#8221;dark&#8221; title_case=&#8221;uppercase&#8221; nav_size=&#8221;small&#8221; bg_size=&#8221;medium&#8221; visibility=&#8221;hide-for-small&#8221;] [page_header style=&#8221;simple&#8221; type=&#8221;onpage&#8221; text_color=&#8221;dark&#8221; align=&#8221;center&#8221; title_case=&#8221;uppercase&#8221; sub_title=&#8221;External Advisor&#8221; nav_size=&#8221;small&#8221; bg_size=&#8221;medium&#8221; visibility=&#8221;show-for-small&#8221;] [section] [row] [col&hellip;","og_url":"https:\/\/hodajlaw.com\/sq\/lajmet-publikimet\/?lang=sq","og_site_name":"Hodaj &amp; Partners L.L.C.","article_modified_time":"2023-05-30T15:37:10+00:00","twitter_card":"summary_large_image","twitter_misc":{"Est. reading time":"3 minuta"},"schema":{"@context":"https:\/\/schema.org","@graph":[{"@type":"WebPage","@id":"https:\/\/hodajlaw.com\/lajmet-publikimet\/?lang=sq","url":"https:\/\/hodajlaw.com\/lajmet-publikimet\/?lang=sq","name":"LAJMET\/PUBLIKIMET - Hodaj &amp; Partners L.L.C.","isPartOf":{"@id":"https:\/\/hodajlaw.com\/#website"},"datePublished":"2021-05-31T23:43:47+00:00","dateModified":"2023-05-30T15:37:10+00:00","breadcrumb":{"@id":"https:\/\/hodajlaw.com\/lajmet-publikimet\/?lang=sq#breadcrumb"},"inLanguage":"sq","potentialAction":[{"@type":"ReadAction","target":["https:\/\/hodajlaw.com\/lajmet-publikimet\/?lang=sq"]}]},{"@type":"BreadcrumbList","@id":"https:\/\/hodajlaw.com\/lajmet-publikimet\/?lang=sq#breadcrumb","itemListElement":[{"@type":"ListItem","position":1,"name":"Home","item":"https:\/\/hodajlaw.com\/"},{"@type":"ListItem","position":2,"name":"LAJMET\/PUBLIKIMET"}]},{"@type":"WebSite","@id":"https:\/\/hodajlaw.com\/#website","url":"https:\/\/hodajlaw.com\/","name":"Hodaj &amp; Partners L.L.C.","description":"Hodaj &amp; Partners","potentialAction":[{"@type":"SearchAction","target":{"@type":"EntryPoint","urlTemplate":"https:\/\/hodajlaw.com\/?s={search_term_string}"},"query-input":{"@type":"PropertyValueSpecification","valueRequired":true,"valueName":"search_term_string"}}],"inLanguage":"sq"}]}},"_links":{"self":[{"href":"https:\/\/hodajlaw.com\/sq\/wp-json\/wp\/v2\/pages\/3739","targetHints":{"allow":["GET"]}}],"collection":[{"href":"https:\/\/hodajlaw.com\/sq\/wp-json\/wp\/v2\/pages"}],"about":[{"href":"https:\/\/hodajlaw.com\/sq\/wp-json\/wp\/v2\/types\/page"}],"author":[{"embeddable":true,"href":"https:\/\/hodajlaw.com\/sq\/wp-json\/wp\/v2\/users\/4"}],"replies":[{"embeddable":true,"href":"https:\/\/hodajlaw.com\/sq\/wp-json\/wp\/v2\/comments?post=3739"}],"version-history":[{"count":16,"href":"https:\/\/hodajlaw.com\/sq\/wp-json\/wp\/v2\/pages\/3739\/revisions"}],"predecessor-version":[{"id":4511,"href":"https:\/\/hodajlaw.com\/sq\/wp-json\/wp\/v2\/pages\/3739\/revisions\/4511"}],"wp:attachment":[{"href":"https:\/\/hodajlaw.com\/sq\/wp-json\/wp\/v2\/media?parent=3739"}],"curies":[{"name":"wp","href":"https:\/\/api.w.org\/{rel}","templated":true}]}}