{"id":4175,"date":"2021-09-15T18:26:57","date_gmt":"2021-09-15T18:26:57","guid":{"rendered":"https:\/\/hodajlaw.com\/?page_id=4175"},"modified":"2024-02-08T20:30:20","modified_gmt":"2024-02-08T20:30:20","slug":"rivetnet","status":"publish","type":"page","link":"https:\/\/hodajlaw.com\/sq\/rivetnet\/","title":{"rendered":"Rivet:net"},"content":{"rendered":"<div data-elementor-type=\"wp-page\" data-elementor-id=\"4175\" class=\"elementor elementor-4175\">\n\t\t\t\t<div class=\"elementor-element elementor-element-3ca8b7b e-flex e-con-boxed e-con e-parent\" data-id=\"3ca8b7b\" data-element_type=\"container\" data-e-type=\"container\">\n\t\t\t\t\t<div class=\"e-con-inner\">\n\t\t\t\t<div class=\"elementor-element elementor-element-0d9e849 elementor-widget elementor-widget-image\" data-id=\"0d9e849\" data-element_type=\"widget\" data-e-type=\"widget\" data-widget_type=\"image.default\">\n\t\t\t\t<div class=\"elementor-widget-container\">\n\t\t\t\t\t\t\t\t\t\t\t\t\t\t\t<img fetchpriority=\"high\" decoding=\"async\" width=\"1536\" height=\"384\" src=\"https:\/\/hodajlaw.com\/wp-content\/uploads\/2020\/06\/rivet-group-1536x384.jpg\" class=\"attachment-1536x1536 size-1536x1536 wp-image-2399\" alt=\"\" srcset=\"https:\/\/hodajlaw.com\/wp-content\/uploads\/2020\/06\/rivet-group-1536x384.jpg 1536w, https:\/\/hodajlaw.com\/wp-content\/uploads\/2020\/06\/rivet-group-510x128.jpg 510w, https:\/\/hodajlaw.com\/wp-content\/uploads\/2020\/06\/rivet-group-300x75.jpg 300w, https:\/\/hodajlaw.com\/wp-content\/uploads\/2020\/06\/rivet-group-1024x256.jpg 1024w, https:\/\/hodajlaw.com\/wp-content\/uploads\/2020\/06\/rivet-group-768x192.jpg 768w, https:\/\/hodajlaw.com\/wp-content\/uploads\/2020\/06\/rivet-group-600x150.jpg 600w, https:\/\/hodajlaw.com\/wp-content\/uploads\/2020\/06\/rivet-group.jpg 1920w\" sizes=\"(max-width: 1536px) 100vw, 1536px\" \/>\t\t\t\t\t\t\t\t\t\t\t\t\t\t\t<\/div>\n\t\t\t\t<\/div>\n\t\t\t\t\t<\/div>\n\t\t\t\t<\/div>\n\t\t<div class=\"elementor-element elementor-element-7548fcf e-flex e-con-boxed e-con e-parent\" data-id=\"7548fcf\" data-element_type=\"container\" data-e-type=\"container\">\n\t\t\t\t\t<div class=\"e-con-inner\">\n\t\t\t\t<div class=\"elementor-element elementor-element-5b053f07 elementor-widget elementor-widget-text-editor\" data-id=\"5b053f07\" data-element_type=\"widget\" data-e-type=\"widget\" data-widget_type=\"text-editor.default\">\n\t\t\t\t<div class=\"elementor-widget-container\">\n\t\t\t\t\t\t\t\t\t<h2 style=\"text-align: center;\">Rivet:net<\/h2><p style=\"text-align: justify;\">Rivet \u00ebsht\u00eb nj\u00eb aleanc\u00eb e integruar ngusht\u00eb e firmave lidere t\u00eb pavarura ligjore n\u00eb Slloveni, Kroaci, Bosnj\u00eb dhe Hercegovin\u00eb, Serbi, Mal t\u00eb Zi, Maqedonin\u00eb e Veriut dhe Kosov\u00eb, duke bashkuar njohurit\u00eb e nevojshme t\u00eb industris\u00eb dhe ekspertiz\u00ebn ligjore dhe rregullatore.<\/p><p style=\"text-align: justify;\">Kuptimi i plot\u00eb i tregjeve dhe nevojave t\u00eb klient\u00ebve rajonal\u00eb dhe nd\u00ebrkomb\u00ebtar\u00eb na lejon t\u00eb ofrojm\u00eb informacionin m\u00eb t\u00eb mir\u00eb t\u00eb disponuesh\u00ebm dhe gjykimin e arsyetuar profesional. \u00cbsht\u00eb rrjeti m\u00eb i ri i zon\u00ebs, por ka nj\u00eb bashk\u00ebpunim t\u00eb gjat\u00eb joformal brenda firmave an\u00ebtare. Pas vitesh bashk\u00ebpunimi, lind nevoja p\u00ebr t\u00eb pasur nj\u00eb lidhje m\u00eb t\u00eb fort\u00eb duke e mbajtur ende fleksib\u00ebl dhe t\u00eb dob\u00ebt.<\/p><p style=\"text-align: justify;\">Recognized for our thorough understanding of markets and needs of our clients, we are strong across all the key industry sectors and practice areas, such as:<\/p><ul class=\"mb-5 text-left\"><li>Commercial<\/li><li>Corporate and M&amp;A<\/li><li>Competition and Antitrust<\/li><li>Dispute resolution<\/li><li>Data protection<\/li><li>Employment<\/li><li>Banking &amp; finance<\/li><li>Intellectual property<\/li><li>Insurance<\/li><li>Public procurement<\/li><\/ul>\t\t\t\t\t\t\t\t<\/div>\n\t\t\t\t<\/div>\n\t\t\t\t\t<\/div>\n\t\t\t\t<\/div>\n\t\t<div class=\"elementor-element elementor-element-45c8846 e-flex e-con-boxed e-con e-parent\" data-id=\"45c8846\" data-element_type=\"container\" data-e-type=\"container\">\n\t\t\t\t\t<div class=\"e-con-inner\">\n\t\t<div class=\"elementor-element elementor-element-da39eb4 e-flex e-con-boxed e-con e-child\" data-id=\"da39eb4\" data-element_type=\"container\" data-e-type=\"container\">\n\t\t\t\t\t<div class=\"e-con-inner\">\n\t\t\t\t<div class=\"elementor-element elementor-element-1c15746 elementor-widget elementor-widget-heading\" data-id=\"1c15746\" data-element_type=\"widget\" data-e-type=\"widget\" data-widget_type=\"heading.default\">\n\t\t\t\t<div class=\"elementor-widget-container\">\n\t\t\t\t\t<h1 class=\"elementor-heading-title elementor-size-medium\">Our Members<\/h1>\t\t\t\t<\/div>\n\t\t\t\t<\/div>\n\t\t\t\t\t<\/div>\n\t\t\t\t<\/div>\n\t\t\t\t\t<\/div>\n\t\t\t\t<\/div>\n\t\t<div class=\"elementor-element elementor-element-bb26f35 e-con-full e-flex e-con e-parent\" data-id=\"bb26f35\" data-element_type=\"container\" data-e-type=\"container\">\n\t\t<div class=\"elementor-element elementor-element-b9172e0 e-flex e-con-boxed e-con e-child\" data-id=\"b9172e0\" data-element_type=\"container\" data-e-type=\"container\">\n\t\t\t\t\t<div class=\"e-con-inner\">\n\t\t<div class=\"elementor-element elementor-element-741e399 e-con-full e-flex e-con e-child\" data-id=\"741e399\" data-element_type=\"container\" data-e-type=\"container\">\n\t\t\t\t<div class=\"elementor-element elementor-element-d7b53c3 elementor-widget elementor-widget-penci-text-block\" data-id=\"d7b53c3\" data-element_type=\"widget\" data-e-type=\"widget\" data-widget_type=\"penci-text-block.default\">\n\t\t\t\t<div class=\"elementor-widget-container\">\n\t\t\t\t\t\t\t<div class=\"penci-block-vc penci-text-editor\">\n\t\t\t    <div class=\"penci-border-arrow penci-homepage-title penci-home-latest-posts style-4 pcalign-left pciconp-right pcicon-right block-title-icon-left\">\n        <h3 class=\"inner-arrow\">\n        <span>\n                    <span>North Macedonia<\/a>                <\/span>\n        <\/h3>\n\t\t        <\/div>\n\t\t\t\t\t<div class=\"penci-block_content\">\n\t\t\t\t<div class=\"elementor-text-editor elementor-clearfix\"><p><strong><b>Bona Fide<\/b><\/strong><\/p><p>Jordan Hadzikonstantinov-Dzinot 3<br \/>1 000 Skopje<br \/><strong><a href=\"https:\/\/web.archive.org\/web\/20230401052754\/http:\/\/bonafide.mk\/\">bonafide.mk<\/a><\/strong><\/p><\/div>\n\t\t\t<\/div>\n\t\t<\/div>\n\t\t\t\t\t\t<\/div>\n\t\t\t\t<\/div>\n\t\t\t\t<\/div>\n\t\t<div class=\"elementor-element elementor-element-f5050ea e-con-full e-flex e-con e-child\" data-id=\"f5050ea\" data-element_type=\"container\" data-e-type=\"container\">\n\t\t\t\t<div class=\"elementor-element elementor-element-73e76aa elementor-widget elementor-widget-penci-text-block\" data-id=\"73e76aa\" data-element_type=\"widget\" data-e-type=\"widget\" data-widget_type=\"penci-text-block.default\">\n\t\t\t\t<div class=\"elementor-widget-container\">\n\t\t\t\t\t\t\t<div class=\"penci-block-vc penci-text-editor\">\n\t\t\t    <div class=\"penci-border-arrow penci-homepage-title penci-home-latest-posts style-4 pcalign-left pciconp-right pcicon-right block-title-icon-left\">\n        <h3 class=\"inner-arrow\">\n        <span>\n                    <span>Slovenia<\/a>                <\/span>\n        <\/h3>\n\t\t        <\/div>\n\t\t\t\t\t<div class=\"penci-block_content\">\n\t\t\t\t<div class=\"elementor-text-editor elementor-clearfix\"><p><strong>Fatur Menard<\/strong><\/p><p>Dunajska cesta 22<br \/>1 000 Ljubljana<\/p><p><strong><a href=\"https:\/\/web.archive.org\/web\/20230401052754\/https:\/\/fatur-menard.com\/\">fatur-menard.com<\/a><\/strong><\/p><\/div>\n\t\t\t<\/div>\n\t\t<\/div>\n\t\t\t\t\t\t<\/div>\n\t\t\t\t<\/div>\n\t\t\t\t<\/div>\n\t\t<div class=\"elementor-element elementor-element-03d1c10 e-con-full e-flex e-con e-child\" data-id=\"03d1c10\" data-element_type=\"container\" data-e-type=\"container\">\n\t\t\t\t<div class=\"elementor-element elementor-element-4c66a87 elementor-widget elementor-widget-penci-text-block\" data-id=\"4c66a87\" data-element_type=\"widget\" data-e-type=\"widget\" data-widget_type=\"penci-text-block.default\">\n\t\t\t\t<div class=\"elementor-widget-container\">\n\t\t\t\t\t\t\t<div class=\"penci-block-vc penci-text-editor\">\n\t\t\t    <div class=\"penci-border-arrow penci-homepage-title penci-home-latest-posts style-4 pcalign-left pciconp-right pcicon-right block-title-icon-left\">\n        <h3 class=\"inner-arrow\">\n        <span>\n                    <span>Kosovo<\/a>                <\/span>\n        <\/h3>\n\t\t        <\/div>\n\t\t\t\t\t<div class=\"penci-block_content\">\n\t\t\t\t<div class=\"elementor-text-editor elementor-clearfix\"><p><b>Hodaj &amp; Partners<\/b><\/p><p>Fehmi\u00a0 Agani\u00a0 79<br \/>10 000 Prishtina<br \/><strong><a href=\"https:\/\/web.archive.org\/web\/20230401052754\/https:\/\/hodajlaw.com\/\">hodajlaw.com<\/a><\/strong><\/p><\/div>\n\t\t\t<\/div>\n\t\t<\/div>\n\t\t\t\t\t\t<\/div>\n\t\t\t\t<\/div>\n\t\t\t\t<\/div>\n\t\t\t\t\t<\/div>\n\t\t\t\t<\/div>\n\t\t\t\t<\/div>\n\t\t<div class=\"elementor-element elementor-element-934e2d2 e-flex e-con-boxed e-con e-parent\" data-id=\"934e2d2\" data-element_type=\"container\" data-e-type=\"container\">\n\t\t\t\t\t<div class=\"e-con-inner\">\n\t\t<div class=\"elementor-element elementor-element-6bc8244 e-flex e-con-boxed e-con e-child\" data-id=\"6bc8244\" data-element_type=\"container\" data-e-type=\"container\">\n\t\t\t\t\t<div class=\"e-con-inner\">\n\t\t<div class=\"elementor-element elementor-element-b27d0a0 e-con-full e-flex e-con e-child\" data-id=\"b27d0a0\" data-element_type=\"container\" data-e-type=\"container\">\n\t\t\t\t<div class=\"elementor-element elementor-element-094cd5a elementor-widget elementor-widget-penci-text-block\" data-id=\"094cd5a\" data-element_type=\"widget\" data-e-type=\"widget\" data-widget_type=\"penci-text-block.default\">\n\t\t\t\t<div class=\"elementor-widget-container\">\n\t\t\t\t\t\t\t<div class=\"penci-block-vc penci-text-editor\">\n\t\t\t    <div class=\"penci-border-arrow penci-homepage-title penci-home-latest-posts style-4 pcalign-left pciconp-right pcicon-right block-title-icon-left\">\n        <h3 class=\"inner-arrow\">\n        <span>\n                    <span>Bosnia and Herzegovina<\/a>                <\/span>\n        <\/h3>\n\t\t        <\/div>\n\t\t\t\t\t<div class=\"penci-block_content\">\n\t\t\t\t<div class=\"elementor-text-editor elementor-clearfix\"><p><b>Milanovi\u0107 \u2013 Lali\u0107 and Suljovi\u0107<\/b><\/p><p>Mar\u0161ala Tita 50\/III<br \/>71 000 Sarajevo<br \/><strong><a href=\"https:\/\/web.archive.org\/web\/20230401052754\/https:\/\/bh.legal\/\">bh.legal<\/a><\/strong><\/p><\/div>\n\t\t\t<\/div>\n\t\t<\/div>\n\t\t\t\t\t\t<\/div>\n\t\t\t\t<\/div>\n\t\t\t\t<\/div>\n\t\t<div class=\"elementor-element elementor-element-eae4f0a e-con-full e-flex e-con e-child\" data-id=\"eae4f0a\" data-element_type=\"container\" data-e-type=\"container\">\n\t\t\t\t<div class=\"elementor-element elementor-element-c44c544 elementor-widget elementor-widget-penci-text-block\" data-id=\"c44c544\" data-element_type=\"widget\" data-e-type=\"widget\" data-widget_type=\"penci-text-block.default\">\n\t\t\t\t<div class=\"elementor-widget-container\">\n\t\t\t\t\t\t\t<div class=\"penci-block-vc penci-text-editor\">\n\t\t\t    <div class=\"penci-border-arrow penci-homepage-title penci-home-latest-posts style-4 pcalign-left pciconp-right pcicon-right block-title-icon-left\">\n        <h3 class=\"inner-arrow\">\n        <span>\n                    <span>Croatia<\/a>                <\/span>\n        <\/h3>\n\t\t        <\/div>\n\t\t\t\t\t<div class=\"penci-block_content\">\n\t\t\t\t<div class=\"elementor-text-editor elementor-clearfix\"><p><b>Vukmir and Associates<\/b><\/p><p>Grama\u010da 2L<br \/>10 000 Zagreb<br \/><strong><a href=\"https:\/\/web.archive.org\/web\/20230401052754\/https:\/\/www.vukmir.net\/\">vukmir.net<\/a><\/strong><\/p><\/div>\n\t\t\t<\/div>\n\t\t<\/div>\n\t\t\t\t\t\t<\/div>\n\t\t\t\t<\/div>\n\t\t\t\t<\/div>\n\t\t<div class=\"elementor-element elementor-element-9279e97 e-con-full e-flex e-con e-child\" data-id=\"9279e97\" data-element_type=\"container\" data-e-type=\"container\">\n\t\t\t\t<div class=\"elementor-element elementor-element-eb8d337 elementor-widget elementor-widget-penci-text-block\" data-id=\"eb8d337\" data-element_type=\"widget\" data-e-type=\"widget\" data-widget_type=\"penci-text-block.default\">\n\t\t\t\t<div class=\"elementor-widget-container\">\n\t\t\t\t\t\t\t<div class=\"penci-block-vc penci-text-editor\">\n\t\t\t    <div class=\"penci-border-arrow penci-homepage-title penci-home-latest-posts style-4 pcalign-left pciconp-right pcicon-right block-title-icon-left\">\n        <h3 class=\"inner-arrow\">\n        <span>\n                    <span>Serbia \/ Montenegro<\/a>                <\/span>\n        <\/h3>\n\t\t        <\/div>\n\t\t\t\t\t<div class=\"penci-block_content\">\n\t\t\t\t<div class=\"elementor-text-editor elementor-clearfix\"><p><strong>\u017divkovi\u0107 Samard\u017ei\u0107<\/strong><\/p><p>Makedonska 30\/II<br \/>11 000 Belgrade<br \/><strong><a href=\"https:\/\/web.archive.org\/web\/20230401052754\/http:\/\/www.zslaw.rs\/\">www.zslaw.rs<\/a><\/strong><\/p><\/div>\n\t\t\t<\/div>\n\t\t<\/div>\n\t\t\t\t\t\t<\/div>\n\t\t\t\t<\/div>\n\t\t\t\t<\/div>\n\t\t\t\t\t<\/div>\n\t\t\t\t<\/div>\n\t\t\t\t\t<\/div>\n\t\t\t\t<\/div>\n\t\t\t\t<\/div>","protected":false},"excerpt":{"rendered":"<p>Rivet:net Rivet is a closely integrated alliance of leading independent law firms in Slovenia, Croatia, Bosnia and Herzegovina, Serbia, Montenegro, North Macedonia and Kosovo, bringing together requisite industry knowledge and&hellip;<\/p>","protected":false},"author":4,"featured_media":0,"parent":0,"menu_order":0,"comment_status":"closed","ping_status":"closed","template":"","meta":{"_lmt_disableupdate":"","_lmt_disable":"","footnotes":""},"class_list":["post-4175","page","type-page","status-publish","hentry"],"yoast_head":"<!-- This site is optimized with the Yoast SEO plugin v26.8 - https:\/\/yoast.com\/product\/yoast-seo-wordpress\/ -->\n<title>Rivet:net - Hodaj &amp; Partners L.L.C.<\/title>\n<meta name=\"robots\" content=\"index, follow, max-snippet:-1, max-image-preview:large, max-video-preview:-1\" \/>\n<link rel=\"canonical\" href=\"https:\/\/hodajlaw.com\/sq\/rivetnet\/\" \/>\n<meta property=\"og:locale\" content=\"sq_AL\" \/>\n<meta property=\"og:type\" content=\"article\" \/>\n<meta property=\"og:title\" content=\"Rivet:net - Hodaj &amp; Partners L.L.C.\" \/>\n<meta property=\"og:description\" content=\"Rivet:net Rivet is a closely integrated alliance of leading independent law firms in Slovenia, Croatia, Bosnia and Herzegovina, Serbia, Montenegro, North Macedonia and Kosovo, bringing together requisite industry knowledge and&hellip;\" \/>\n<meta property=\"og:url\" content=\"https:\/\/hodajlaw.com\/sq\/rivetnet\/\" \/>\n<meta property=\"og:site_name\" content=\"Hodaj &amp; Partners L.L.C.\" \/>\n<meta property=\"article:modified_time\" content=\"2024-02-08T20:30:20+00:00\" \/>\n<meta property=\"og:image\" content=\"https:\/\/hodajlaw.com\/wp-content\/uploads\/2020\/06\/rivet-group-1536x384.jpg\" \/>\n<meta name=\"twitter:card\" content=\"summary_large_image\" \/>\n<meta name=\"twitter:label1\" content=\"Est. reading time\" \/>\n\t<meta name=\"twitter:data1\" content=\"2 minuta\" \/>\n<script type=\"application\/ld+json\" class=\"yoast-schema-graph\">{\"@context\":\"https:\/\/schema.org\",\"@graph\":[{\"@type\":\"WebPage\",\"@id\":\"https:\/\/hodajlaw.com\/rivetnet\/\",\"url\":\"https:\/\/hodajlaw.com\/rivetnet\/\",\"name\":\"Rivet:net - Hodaj &amp; Partners L.L.C.\",\"isPartOf\":{\"@id\":\"https:\/\/hodajlaw.com\/#website\"},\"primaryImageOfPage\":{\"@id\":\"https:\/\/hodajlaw.com\/rivetnet\/#primaryimage\"},\"image\":{\"@id\":\"https:\/\/hodajlaw.com\/rivetnet\/#primaryimage\"},\"thumbnailUrl\":\"https:\/\/hodajlaw.com\/wp-content\/uploads\/2020\/06\/rivet-group-1536x384.jpg\",\"datePublished\":\"2021-09-15T18:26:57+00:00\",\"dateModified\":\"2024-02-08T20:30:20+00:00\",\"breadcrumb\":{\"@id\":\"https:\/\/hodajlaw.com\/rivetnet\/#breadcrumb\"},\"inLanguage\":\"sq\",\"potentialAction\":[{\"@type\":\"ReadAction\",\"target\":[\"https:\/\/hodajlaw.com\/rivetnet\/\"]}]},{\"@type\":\"ImageObject\",\"inLanguage\":\"sq\",\"@id\":\"https:\/\/hodajlaw.com\/rivetnet\/#primaryimage\",\"url\":\"https:\/\/hodajlaw.com\/wp-content\/uploads\/2020\/06\/rivet-group-1536x384.jpg\",\"contentUrl\":\"https:\/\/hodajlaw.com\/wp-content\/uploads\/2020\/06\/rivet-group-1536x384.jpg\"},{\"@type\":\"BreadcrumbList\",\"@id\":\"https:\/\/hodajlaw.com\/rivetnet\/#breadcrumb\",\"itemListElement\":[{\"@type\":\"ListItem\",\"position\":1,\"name\":\"Home\",\"item\":\"https:\/\/hodajlaw.com\/\"},{\"@type\":\"ListItem\",\"position\":2,\"name\":\"Rivet:net\"}]},{\"@type\":\"WebSite\",\"@id\":\"https:\/\/hodajlaw.com\/#website\",\"url\":\"https:\/\/hodajlaw.com\/\",\"name\":\"Hodaj &amp; Partners L.L.C.\",\"description\":\"Hodaj &amp; Partners\",\"potentialAction\":[{\"@type\":\"SearchAction\",\"target\":{\"@type\":\"EntryPoint\",\"urlTemplate\":\"https:\/\/hodajlaw.com\/?s={search_term_string}\"},\"query-input\":{\"@type\":\"PropertyValueSpecification\",\"valueRequired\":true,\"valueName\":\"search_term_string\"}}],\"inLanguage\":\"sq\"}]}<\/script>\n<!-- \/ Yoast SEO plugin. -->","yoast_head_json":{"title":"Rivet:net - Hodaj &amp; Partners L.L.C.","robots":{"index":"index","follow":"follow","max-snippet":"max-snippet:-1","max-image-preview":"max-image-preview:large","max-video-preview":"max-video-preview:-1"},"canonical":"https:\/\/hodajlaw.com\/sq\/rivetnet\/","og_locale":"sq_AL","og_type":"article","og_title":"Rivet:net - Hodaj &amp; Partners L.L.C.","og_description":"Rivet:net Rivet is a closely integrated alliance of leading independent law firms in Slovenia, Croatia, Bosnia and Herzegovina, Serbia, Montenegro, North Macedonia and Kosovo, bringing together requisite industry knowledge and&hellip;","og_url":"https:\/\/hodajlaw.com\/sq\/rivetnet\/","og_site_name":"Hodaj &amp; Partners L.L.C.","article_modified_time":"2024-02-08T20:30:20+00:00","og_image":[{"url":"https:\/\/hodajlaw.com\/wp-content\/uploads\/2020\/06\/rivet-group-1536x384.jpg","type":"","width":"","height":""}],"twitter_card":"summary_large_image","twitter_misc":{"Est. reading time":"2 minuta"},"schema":{"@context":"https:\/\/schema.org","@graph":[{"@type":"WebPage","@id":"https:\/\/hodajlaw.com\/rivetnet\/","url":"https:\/\/hodajlaw.com\/rivetnet\/","name":"Rivet:net - Hodaj &amp; Partners L.L.C.","isPartOf":{"@id":"https:\/\/hodajlaw.com\/#website"},"primaryImageOfPage":{"@id":"https:\/\/hodajlaw.com\/rivetnet\/#primaryimage"},"image":{"@id":"https:\/\/hodajlaw.com\/rivetnet\/#primaryimage"},"thumbnailUrl":"https:\/\/hodajlaw.com\/wp-content\/uploads\/2020\/06\/rivet-group-1536x384.jpg","datePublished":"2021-09-15T18:26:57+00:00","dateModified":"2024-02-08T20:30:20+00:00","breadcrumb":{"@id":"https:\/\/hodajlaw.com\/rivetnet\/#breadcrumb"},"inLanguage":"sq","potentialAction":[{"@type":"ReadAction","target":["https:\/\/hodajlaw.com\/rivetnet\/"]}]},{"@type":"ImageObject","inLanguage":"sq","@id":"https:\/\/hodajlaw.com\/rivetnet\/#primaryimage","url":"https:\/\/hodajlaw.com\/wp-content\/uploads\/2020\/06\/rivet-group-1536x384.jpg","contentUrl":"https:\/\/hodajlaw.com\/wp-content\/uploads\/2020\/06\/rivet-group-1536x384.jpg"},{"@type":"BreadcrumbList","@id":"https:\/\/hodajlaw.com\/rivetnet\/#breadcrumb","itemListElement":[{"@type":"ListItem","position":1,"name":"Home","item":"https:\/\/hodajlaw.com\/"},{"@type":"ListItem","position":2,"name":"Rivet:net"}]},{"@type":"WebSite","@id":"https:\/\/hodajlaw.com\/#website","url":"https:\/\/hodajlaw.com\/","name":"Hodaj &amp; Partners L.L.C.","description":"Hodaj &amp; Partners","potentialAction":[{"@type":"SearchAction","target":{"@type":"EntryPoint","urlTemplate":"https:\/\/hodajlaw.com\/?s={search_term_string}"},"query-input":{"@type":"PropertyValueSpecification","valueRequired":true,"valueName":"search_term_string"}}],"inLanguage":"sq"}]}},"_links":{"self":[{"href":"https:\/\/hodajlaw.com\/sq\/wp-json\/wp\/v2\/pages\/4175","targetHints":{"allow":["GET"]}}],"collection":[{"href":"https:\/\/hodajlaw.com\/sq\/wp-json\/wp\/v2\/pages"}],"about":[{"href":"https:\/\/hodajlaw.com\/sq\/wp-json\/wp\/v2\/types\/page"}],"author":[{"embeddable":true,"href":"https:\/\/hodajlaw.com\/sq\/wp-json\/wp\/v2\/users\/4"}],"replies":[{"embeddable":true,"href":"https:\/\/hodajlaw.com\/sq\/wp-json\/wp\/v2\/comments?post=4175"}],"version-history":[{"count":10,"href":"https:\/\/hodajlaw.com\/sq\/wp-json\/wp\/v2\/pages\/4175\/revisions"}],"predecessor-version":[{"id":5469,"href":"https:\/\/hodajlaw.com\/sq\/wp-json\/wp\/v2\/pages\/4175\/revisions\/5469"}],"wp:attachment":[{"href":"https:\/\/hodajlaw.com\/sq\/wp-json\/wp\/v2\/media?parent=4175"}],"curies":[{"name":"wp","href":"https:\/\/api.w.org\/{rel}","templated":true}]}}