{"id":4478,"date":"2023-05-18T14:38:47","date_gmt":"2023-05-18T14:38:47","guid":{"rendered":"https:\/\/hodajlaw.com\/?page_id=4478"},"modified":"2026-01-23T11:20:43","modified_gmt":"2026-01-23T11:20:43","slug":"lirim-ismaili-langsq","status":"publish","type":"page","link":"https:\/\/hodajlaw.com\/sq\/about-us\/team\/lirim-ismaili-langsq\/","title":{"rendered":"Lirim Ismaili"},"content":{"rendered":"<div data-elementor-type=\"wp-page\" data-elementor-id=\"4478\" class=\"elementor elementor-4478\">\n\t\t\t\t\t\t<section class=\"penci-section penci-dmcheck penci-elbg-activate penci-disSticky penci-structure-10 elementor-section elementor-top-section elementor-element elementor-element-496525d elementor-section-boxed elementor-section-height-default elementor-section-height-default\" data-id=\"496525d\" data-element_type=\"section\" data-e-type=\"section\" data-settings=\"{&quot;background_background&quot;:&quot;classic&quot;}\">\n\t\t\t\t\t\t<div class=\"elementor-container elementor-column-gap-default\">\n\t\t\t\t\t<div class=\"penci-ercol-100 penci-ercol-order-1 penci-sticky-ct    elementor-column elementor-col-100 elementor-top-column elementor-element elementor-element-d68b611\" data-id=\"d68b611\" data-element_type=\"column\" data-e-type=\"column\">\n\t\t\t<div class=\"elementor-widget-wrap elementor-element-populated\">\n\t\t\t\t\t\t<div class=\"elementor-element elementor-element-0fd8572 elementor-widget elementor-widget-penci-fancy_heading\" data-id=\"0fd8572\" data-element_type=\"widget\" data-e-type=\"widget\" data-widget_type=\"penci-fancy_heading.default\">\n\t\t\t\t<div class=\"elementor-widget-container\">\n\t\t\t\t\t\t\t<div class=\"penci-fancy-heading penci-heading-text-left\">\n\t\t\t<div class=\"penci-fancy-heading-inner\">\n\t\t\t\t<h2 class=\"penci-heading-title\"><span class=\"inner-tit\">LIRIM ISMAILI\n<\/span><\/h2><div class=\"penci-heading-content entry-content\"><p>AVOKAT<\/p>\n<\/div>\t\t\t<\/div>\n\t\t<\/div>\n\t\t\t\t\t\t<\/div>\n\t\t\t\t<\/div>\n\t\t\t\t\t<\/div>\n\t\t<\/div>\n\t\t\t\t\t<\/div>\n\t\t<\/section>\n\t\t<div class=\"elementor-element elementor-element-54548c2 e-flex e-con-boxed e-con e-parent\" data-id=\"54548c2\" data-element_type=\"container\" data-e-type=\"container\">\n\t\t\t\t\t<div class=\"e-con-inner\">\n\t\t<div class=\"elementor-element elementor-element-450d37f e-con-full e-flex e-con e-child\" data-id=\"450d37f\" data-element_type=\"container\" data-e-type=\"container\">\n\t\t\t\t<div class=\"elementor-element elementor-element-0665ec2 elementor-widget elementor-widget-image\" data-id=\"0665ec2\" data-element_type=\"widget\" data-e-type=\"widget\" data-widget_type=\"image.default\">\n\t\t\t\t<div class=\"elementor-widget-container\">\n\t\t\t\t\t\t\t\t\t\t\t\t\t\t\t<img fetchpriority=\"high\" decoding=\"async\" width=\"1050\" height=\"1536\" src=\"https:\/\/hodajlaw.com\/wp-content\/uploads\/2024\/05\/DSC03681-3-min-1050x1536.jpg\" class=\"attachment-1536x1536 size-1536x1536 wp-image-6073\" alt=\"\" srcset=\"https:\/\/hodajlaw.com\/wp-content\/uploads\/2024\/05\/DSC03681-3-min-1050x1536.jpg 1050w, https:\/\/hodajlaw.com\/wp-content\/uploads\/2024\/05\/DSC03681-3-min-205x300.jpg 205w, https:\/\/hodajlaw.com\/wp-content\/uploads\/2024\/05\/DSC03681-3-min-700x1024.jpg 700w, https:\/\/hodajlaw.com\/wp-content\/uploads\/2024\/05\/DSC03681-3-min-768x1123.jpg 768w, https:\/\/hodajlaw.com\/wp-content\/uploads\/2024\/05\/DSC03681-3-min-1401x2048.jpg 1401w, https:\/\/hodajlaw.com\/wp-content\/uploads\/2024\/05\/DSC03681-3-min-8x12.jpg 8w, https:\/\/hodajlaw.com\/wp-content\/uploads\/2024\/05\/DSC03681-3-min-1920x2807.jpg 1920w, https:\/\/hodajlaw.com\/wp-content\/uploads\/2024\/05\/DSC03681-3-min-1170x1711.jpg 1170w, https:\/\/hodajlaw.com\/wp-content\/uploads\/2024\/05\/DSC03681-3-min-585x855.jpg 585w, https:\/\/hodajlaw.com\/wp-content\/uploads\/2024\/05\/DSC03681-3-min-scaled.jpg 1751w\" sizes=\"(max-width: 1050px) 100vw, 1050px\" \/>\t\t\t\t\t\t\t\t\t\t\t\t\t\t\t<\/div>\n\t\t\t\t<\/div>\n\t\t\t\t<\/div>\n\t\t<div class=\"elementor-element elementor-element-391814f e-con-full e-flex e-con e-child\" data-id=\"391814f\" data-element_type=\"container\" data-e-type=\"container\">\n\t\t\t\t<div class=\"elementor-element elementor-element-686b8ea elementor-widget elementor-widget-penci-text-block\" data-id=\"686b8ea\" data-element_type=\"widget\" data-e-type=\"widget\" data-widget_type=\"penci-text-block.default\">\n\t\t\t\t<div class=\"elementor-widget-container\">\n\t\t\t\t\t\t\t<div class=\"penci-block-vc penci-text-editor\">\n\t\t\t\t\t\t<div class=\"penci-block_content\">\n\t\t\t\t<div class=\"elementor-text-editor elementor-clearfix\"><p><span style=\"font-size: x-large;\"><strong>Fushat e Ekspertiz\u00ebs &amp; P\u00ebrvoja Profesionale<\/strong><\/span><\/p><p>\u00a0<\/p><p><strong>Z. Lirim Ismaili<\/strong> \u00ebsht\u00eb Avokat pran\u00eb zyr\u00ebs ligjore Hodaj &amp; Partners q\u00eb nga viti 2023. Fushat e tij t\u00eb interesit profesional p\u00ebrfshijn\u00eb t\u00eb drejt\u00ebn civile dhe penale, si dhe t\u00eb drejt\u00ebn tatimore.<\/p><p>\u00a0<\/p><p>Z. Ismaili ka p\u00ebrfunduar studimet n\u00eb Drejt\u00ebsi n\u00eb Universitetin e Prishtin\u00ebs \u201cHasan Prishtina\u201d, si dhe Bachelor n\u00eb Gjuh\u00eb Angleze n\u00eb Kolegjin AAB, t\u00eb dyja n\u00eb vitin 2020. Aktualisht, ai ndodhet n\u00eb faz\u00ebn p\u00ebrfundimtare t\u00eb studimeve Master n\u00eb Drejt\u00ebsi n\u00eb Universitetin e Prishtin\u00ebs dhe Master n\u00eb Gjuh\u00eb Angleze n\u00eb Kolegjin AAB.<\/p><p>\u00a0<\/p><p>Gjat\u00eb rrug\u00ebtimit t\u00eb tij akademik dhe profesional, Z. Ismaili ka treguar gjithmon\u00eb pasion dhe p\u00ebrkushtim p\u00ebr arsimimin ligjor nd\u00ebrkomb\u00ebtar, diplomacin\u00eb dhe t\u00eb drejtat e njeriut. Ai ka pasur mund\u00ebsin\u00eb t\u00eb marr\u00eb pjes\u00eb n\u00eb disa programe dhe konferenca nd\u00ebrkomb\u00ebtare t\u00eb r\u00ebnd\u00ebsishme, duke p\u00ebrfshir\u00eb Harvard National Model United Nations n\u00eb Boston, Model European Union Strasbourg n\u00eb Franc\u00eb, dhe Cambridge University International Model United Nations (CUIMUN) n\u00eb Mbret\u00ebrin\u00eb e Bashkuar. P\u00ebrve\u00e7 k\u00ebtyre eksperiencave, ai ka ndjekur edhe trajnime t\u00eb specializuara si Erasmus+ n\u00eb fush\u00ebn e nd\u00ebrtimit t\u00eb paqes dhe menaxhimit t\u00eb konflikteve n\u00eb Berlin dhe Academia Aestiva Internationalis n\u00eb Ljubljan\u00eb, duke zgjeruar njohurit\u00eb dhe aft\u00ebsit\u00eb e tij n\u00eb nj\u00eb nivel nd\u00ebrkomb\u00ebtar.<\/p><p>\u00a0<\/p><p>Eksperienca profesionale e Z. Ismaili p\u00ebrfshin pun\u00eb dometh\u00ebn\u00ebse me shoq\u00ebrin\u00eb civile, iniciativa rinore dhe institucione gjyq\u00ebsore, ku ai u angazhua n\u00eb avokim p\u00ebr t\u00eb drejtat e njeriut, k\u00ebrkime ligjore, procedura gjyq\u00ebsore dhe ofrimin e asistenc\u00ebs ligjore. Para se t\u00eb licencimit si avokat, ai fitoi p\u00ebrvoj\u00eb praktike si intern n\u00eb Gjykat\u00ebn Themelore t\u00eb Prishtin\u00ebs dhe si Bashk\u00ebpun\u00ebtor Ligjor n\u00eb Hodaj &amp; Partners . Ai ka qen\u00eb gjithashtu i p\u00ebrfshir\u00eb n\u00eb fush\u00ebn e arsimit dhe angazhimit komunitar, duke sh\u00ebrbyer si Aktivist p\u00ebr t\u00eb Drejtat e Njeriut dhe Ligj\u00ebrues mbi temat e sistemit gjyq\u00ebsor dhe t\u00eb drejtave t\u00eb njeriut, si dhe si Asistent Profesor i Anglishtes Mjek\u00ebsore n\u00eb AMECC \u201cRezonanca\u201d.<\/p><p>\u00a0<\/p><p><strong>Gjuh\u00ebt: Shqip, anglisht<\/strong> Shqip, anglisht<\/p><p>\u00a0<\/p><\/div>\n\t\t\t<\/div>\n\t\t<\/div>\n\t\t\t\t\t\t<\/div>\n\t\t\t\t<\/div>\n\t\t\t\t<\/div>\n\t\t\t\t\t<\/div>\n\t\t\t\t<\/div>\n\t\t\t\t<\/div>","protected":false},"excerpt":{"rendered":"<p>LIRIM ISMAILI ATTORNEY AT LAW Main Areas of Expertise &amp; Career Summary \u00a0 Mr. Lirim Ismaili is an Attorney at Law at Hodaj &amp; Partners Law Firm, where he has&hellip;<\/p>","protected":false},"author":4,"featured_media":0,"parent":1111,"menu_order":0,"comment_status":"closed","ping_status":"closed","template":"elementor_header_footer","meta":{"_lmt_disableupdate":"","_lmt_disable":"","footnotes":""},"class_list":["post-4478","page","type-page","status-publish","hentry"],"yoast_head":"<!-- This site is optimized with the Yoast SEO plugin v27.4 - https:\/\/yoast.com\/product\/yoast-seo-wordpress\/ -->\n<title>Lirim Ismaili - Hodaj &amp; Partners L.L.C.<\/title>\n<meta name=\"robots\" content=\"index, follow, max-snippet:-1, max-image-preview:large, max-video-preview:-1\" \/>\n<link rel=\"canonical\" href=\"https:\/\/hodajlaw.com\/sq\/about-us\/team\/lirim-ismaili-langsq\/\" \/>\n<meta property=\"og:locale\" content=\"sq_AL\" \/>\n<meta property=\"og:type\" content=\"article\" \/>\n<meta property=\"og:title\" content=\"Lirim Ismaili - Hodaj &amp; Partners L.L.C.\" \/>\n<meta property=\"og:description\" content=\"LIRIM ISMAILI ATTORNEY AT LAW Main Areas of Expertise &amp; Career Summary \u00a0 Mr. Lirim Ismaili is an Attorney at Law at Hodaj &amp; Partners Law Firm, where he has&hellip;\" \/>\n<meta property=\"og:url\" content=\"https:\/\/hodajlaw.com\/sq\/about-us\/team\/lirim-ismaili-langsq\/\" \/>\n<meta property=\"og:site_name\" content=\"Hodaj &amp; Partners L.L.C.\" \/>\n<meta property=\"article:modified_time\" content=\"2026-01-23T11:20:43+00:00\" \/>\n<meta property=\"og:image\" content=\"https:\/\/hodajlaw.com\/wp-content\/uploads\/2021\/01\/Zeliha-Mallaku.jpg\" \/>\n\t<meta property=\"og:image:width\" content=\"1200\" \/>\n\t<meta property=\"og:image:height\" content=\"1798\" \/>\n\t<meta property=\"og:image:type\" content=\"image\/jpeg\" \/>\n<meta name=\"twitter:card\" content=\"summary_large_image\" \/>\n<meta name=\"twitter:image\" content=\"https:\/\/hodajlaw.com\/wp-content\/uploads\/2021\/01\/Zeliha-Mallaku.jpg\" \/>\n<meta name=\"twitter:label1\" content=\"Est. reading time\" \/>\n\t<meta name=\"twitter:data1\" content=\"2 minuta\" \/>\n<script type=\"application\/ld+json\" class=\"yoast-schema-graph\">{\"@context\":\"https:\\\/\\\/schema.org\",\"@graph\":[{\"@type\":\"WebPage\",\"@id\":\"https:\\\/\\\/hodajlaw.com\\\/about-us\\\/team\\\/lirim-ismaili-langsq\\\/\",\"url\":\"https:\\\/\\\/hodajlaw.com\\\/about-us\\\/team\\\/lirim-ismaili-langsq\\\/\",\"name\":\"Lirim Ismaili - Hodaj &amp; Partners L.L.C.\",\"isPartOf\":{\"@id\":\"https:\\\/\\\/hodajlaw.com\\\/#website\"},\"primaryImageOfPage\":{\"@id\":\"https:\\\/\\\/hodajlaw.com\\\/about-us\\\/team\\\/lirim-ismaili-langsq\\\/#primaryimage\"},\"image\":{\"@id\":\"https:\\\/\\\/hodajlaw.com\\\/about-us\\\/team\\\/lirim-ismaili-langsq\\\/#primaryimage\"},\"thumbnailUrl\":\"https:\\\/\\\/hodajlaw.com\\\/wp-content\\\/uploads\\\/2024\\\/05\\\/DSC03681-3-min-1050x1536.jpg\",\"datePublished\":\"2023-05-18T14:38:47+00:00\",\"dateModified\":\"2026-01-23T11:20:43+00:00\",\"breadcrumb\":{\"@id\":\"https:\\\/\\\/hodajlaw.com\\\/about-us\\\/team\\\/lirim-ismaili-langsq\\\/#breadcrumb\"},\"inLanguage\":\"sq\",\"potentialAction\":[{\"@type\":\"ReadAction\",\"target\":[\"https:\\\/\\\/hodajlaw.com\\\/about-us\\\/team\\\/lirim-ismaili-langsq\\\/\"]}]},{\"@type\":\"ImageObject\",\"inLanguage\":\"sq\",\"@id\":\"https:\\\/\\\/hodajlaw.com\\\/about-us\\\/team\\\/lirim-ismaili-langsq\\\/#primaryimage\",\"url\":\"https:\\\/\\\/hodajlaw.com\\\/wp-content\\\/uploads\\\/2024\\\/05\\\/DSC03681-3-min-1050x1536.jpg\",\"contentUrl\":\"https:\\\/\\\/hodajlaw.com\\\/wp-content\\\/uploads\\\/2024\\\/05\\\/DSC03681-3-min-1050x1536.jpg\"},{\"@type\":\"BreadcrumbList\",\"@id\":\"https:\\\/\\\/hodajlaw.com\\\/about-us\\\/team\\\/lirim-ismaili-langsq\\\/#breadcrumb\",\"itemListElement\":[{\"@type\":\"ListItem\",\"position\":1,\"name\":\"Home\",\"item\":\"https:\\\/\\\/hodajlaw.com\\\/\"},{\"@type\":\"ListItem\",\"position\":2,\"name\":\"About\",\"item\":\"https:\\\/\\\/hodajlaw.com\\\/about-us\\\/\"},{\"@type\":\"ListItem\",\"position\":3,\"name\":\"Team\",\"item\":\"https:\\\/\\\/hodajlaw.com\\\/about-us\\\/team\\\/\"},{\"@type\":\"ListItem\",\"position\":4,\"name\":\"Lirim Ismaili\"}]},{\"@type\":\"WebSite\",\"@id\":\"https:\\\/\\\/hodajlaw.com\\\/#website\",\"url\":\"https:\\\/\\\/hodajlaw.com\\\/\",\"name\":\"Hodaj &amp; Partners L.L.C.\",\"description\":\"Hodaj &amp; Partners\",\"potentialAction\":[{\"@type\":\"SearchAction\",\"target\":{\"@type\":\"EntryPoint\",\"urlTemplate\":\"https:\\\/\\\/hodajlaw.com\\\/?s={search_term_string}\"},\"query-input\":{\"@type\":\"PropertyValueSpecification\",\"valueRequired\":true,\"valueName\":\"search_term_string\"}}],\"inLanguage\":\"sq\"}]}<\/script>\n<!-- \/ Yoast SEO plugin. -->","yoast_head_json":{"title":"Lirim Ismaili - Hodaj &amp; Partners L.L.C.","robots":{"index":"index","follow":"follow","max-snippet":"max-snippet:-1","max-image-preview":"max-image-preview:large","max-video-preview":"max-video-preview:-1"},"canonical":"https:\/\/hodajlaw.com\/sq\/about-us\/team\/lirim-ismaili-langsq\/","og_locale":"sq_AL","og_type":"article","og_title":"Lirim Ismaili - Hodaj &amp; Partners L.L.C.","og_description":"LIRIM ISMAILI ATTORNEY AT LAW Main Areas of Expertise &amp; Career Summary \u00a0 Mr. Lirim Ismaili is an Attorney at Law at Hodaj &amp; Partners Law Firm, where he has&hellip;","og_url":"https:\/\/hodajlaw.com\/sq\/about-us\/team\/lirim-ismaili-langsq\/","og_site_name":"Hodaj &amp; Partners L.L.C.","article_modified_time":"2026-01-23T11:20:43+00:00","og_image":[{"width":1200,"height":1798,"url":"https:\/\/hodajlaw.com\/wp-content\/uploads\/2021\/01\/Zeliha-Mallaku.jpg","type":"image\/jpeg"}],"twitter_card":"summary_large_image","twitter_image":"https:\/\/hodajlaw.com\/wp-content\/uploads\/2021\/01\/Zeliha-Mallaku.jpg","twitter_misc":{"Est. reading time":"2 minuta"},"schema":{"@context":"https:\/\/schema.org","@graph":[{"@type":"WebPage","@id":"https:\/\/hodajlaw.com\/about-us\/team\/lirim-ismaili-langsq\/","url":"https:\/\/hodajlaw.com\/about-us\/team\/lirim-ismaili-langsq\/","name":"Lirim Ismaili - Hodaj &amp; Partners L.L.C.","isPartOf":{"@id":"https:\/\/hodajlaw.com\/#website"},"primaryImageOfPage":{"@id":"https:\/\/hodajlaw.com\/about-us\/team\/lirim-ismaili-langsq\/#primaryimage"},"image":{"@id":"https:\/\/hodajlaw.com\/about-us\/team\/lirim-ismaili-langsq\/#primaryimage"},"thumbnailUrl":"https:\/\/hodajlaw.com\/wp-content\/uploads\/2024\/05\/DSC03681-3-min-1050x1536.jpg","datePublished":"2023-05-18T14:38:47+00:00","dateModified":"2026-01-23T11:20:43+00:00","breadcrumb":{"@id":"https:\/\/hodajlaw.com\/about-us\/team\/lirim-ismaili-langsq\/#breadcrumb"},"inLanguage":"sq","potentialAction":[{"@type":"ReadAction","target":["https:\/\/hodajlaw.com\/about-us\/team\/lirim-ismaili-langsq\/"]}]},{"@type":"ImageObject","inLanguage":"sq","@id":"https:\/\/hodajlaw.com\/about-us\/team\/lirim-ismaili-langsq\/#primaryimage","url":"https:\/\/hodajlaw.com\/wp-content\/uploads\/2024\/05\/DSC03681-3-min-1050x1536.jpg","contentUrl":"https:\/\/hodajlaw.com\/wp-content\/uploads\/2024\/05\/DSC03681-3-min-1050x1536.jpg"},{"@type":"BreadcrumbList","@id":"https:\/\/hodajlaw.com\/about-us\/team\/lirim-ismaili-langsq\/#breadcrumb","itemListElement":[{"@type":"ListItem","position":1,"name":"Home","item":"https:\/\/hodajlaw.com\/"},{"@type":"ListItem","position":2,"name":"About","item":"https:\/\/hodajlaw.com\/about-us\/"},{"@type":"ListItem","position":3,"name":"Team","item":"https:\/\/hodajlaw.com\/about-us\/team\/"},{"@type":"ListItem","position":4,"name":"Lirim Ismaili"}]},{"@type":"WebSite","@id":"https:\/\/hodajlaw.com\/#website","url":"https:\/\/hodajlaw.com\/","name":"Hodaj &amp; Partners L.L.C.","description":"Hodaj &amp; Partners","potentialAction":[{"@type":"SearchAction","target":{"@type":"EntryPoint","urlTemplate":"https:\/\/hodajlaw.com\/?s={search_term_string}"},"query-input":{"@type":"PropertyValueSpecification","valueRequired":true,"valueName":"search_term_string"}}],"inLanguage":"sq"}]}},"_links":{"self":[{"href":"https:\/\/hodajlaw.com\/sq\/wp-json\/wp\/v2\/pages\/4478","targetHints":{"allow":["GET"]}}],"collection":[{"href":"https:\/\/hodajlaw.com\/sq\/wp-json\/wp\/v2\/pages"}],"about":[{"href":"https:\/\/hodajlaw.com\/sq\/wp-json\/wp\/v2\/types\/page"}],"author":[{"embeddable":true,"href":"https:\/\/hodajlaw.com\/sq\/wp-json\/wp\/v2\/users\/4"}],"replies":[{"embeddable":true,"href":"https:\/\/hodajlaw.com\/sq\/wp-json\/wp\/v2\/comments?post=4478"}],"version-history":[{"count":19,"href":"https:\/\/hodajlaw.com\/sq\/wp-json\/wp\/v2\/pages\/4478\/revisions"}],"predecessor-version":[{"id":6801,"href":"https:\/\/hodajlaw.com\/sq\/wp-json\/wp\/v2\/pages\/4478\/revisions\/6801"}],"up":[{"embeddable":true,"href":"https:\/\/hodajlaw.com\/sq\/wp-json\/wp\/v2\/pages\/1111"}],"wp:attachment":[{"href":"https:\/\/hodajlaw.com\/sq\/wp-json\/wp\/v2\/media?parent=4478"}],"curies":[{"name":"wp","href":"https:\/\/api.w.org\/{rel}","templated":true}]}}