{"id":5622,"date":"2024-02-27T13:11:48","date_gmt":"2024-02-27T13:11:48","guid":{"rendered":"https:\/\/hodajlaw.com\/?page_id=5622"},"modified":"2025-09-16T18:54:17","modified_gmt":"2025-09-16T18:54:17","slug":"sports-law","status":"publish","type":"page","link":"https:\/\/hodajlaw.com\/sq\/areas-of-practice\/sports-law\/","title":{"rendered":"E Drejta e Sportit"},"content":{"rendered":"<div data-elementor-type=\"wp-page\" data-elementor-id=\"5622\" class=\"elementor elementor-5622\">\n\t\t\t\t<div class=\"elementor-element elementor-element-319867f e-flex e-con-boxed e-con e-parent\" data-id=\"319867f\" data-element_type=\"container\" data-e-type=\"container\">\n\t\t\t\t\t<div class=\"e-con-inner\">\n\t\t\t\t<div class=\"elementor-element elementor-element-c09e051 elementor-widget elementor-widget-penci-info-box\" data-id=\"c09e051\" data-element_type=\"widget\" data-e-type=\"widget\" data-widget_type=\"penci-info-box.default\">\n\t\t\t\t<div class=\"elementor-widget-container\">\n\t\t\t\t\t        <div id=\"penci_info_box_61640\" class=\"penci-block-vc penci-info-box penci-ibox-top-center penci-view-default penci-shape-circle\">\n            <div class=\"penci-ibox-inner\">\n\t\t\t\t\t\t\t\t<div class=\"penci-ibox-icon penci-ibox-icon--image has-hover\"><a class=\"penci-ibox-icon-fa-fix\" href=\"\/sq\/areas-of-practice\/public-procurement\/\"><\/a><a class=\"penci-ibox-icon-fa\" href=\"\/sq\/areas-of-practice\/public-procurement\/\"><img decoding=\"async\" class=\"penci-ibox-img_active\" src=\"https:\/\/hodajlaw.com\/wp-content\/uploads\/2024\/02\/SportsLaw-01.svg\" width=\"150\" height=\"150\"><img decoding=\"async\" class=\"penci-ibox-img_hover\" src=\"https:\/\/hodajlaw.com\/wp-content\/uploads\/2024\/02\/SportsLaw-01-1.svg\" width=\"150\" height=\"150\"><\/a><\/div>                <div class=\"penci-ibox-content-wrap\">\n\t\t\t\t\t\t\t\t\t\t<h3\n                            class=\"penci-ibox-title\">E Drejta e Sportit<\/h3>\t\t\t\t\t\t\t\t\t\t\t\t\t\t\t                <\/div>\n            <\/div>\n        <\/div>\n\t\t\t\t\t\t<\/div>\n\t\t\t\t<\/div>\n\t\t\t\t\t<\/div>\n\t\t\t\t<\/div>\n\t\t<div class=\"elementor-element elementor-element-1ac9315c e-flex e-con-boxed e-con e-parent\" data-id=\"1ac9315c\" data-element_type=\"container\" data-e-type=\"container\">\n\t\t\t\t\t<div class=\"e-con-inner\">\n\t\t\t\t<div class=\"elementor-element elementor-element-3422775d elementor-widget elementor-widget-text-editor\" data-id=\"3422775d\" data-element_type=\"widget\" data-e-type=\"widget\" data-widget_type=\"text-editor.default\">\n\t\t\t\t<div class=\"elementor-widget-container\">\n\t\t\t\t\t\t\t\t\t<p>Te Hodaj &amp; Partners, p\u00ebrkushtimi yn\u00eb ndaj p\u00ebrsosm\u00ebris\u00eb shtrihet p\u00ebrtej ekspertiz\u00ebs s\u00eb avokat\u00ebve tan\u00eb. N\u00eb t\u00eb drejt\u00ebn sportive, ne dallohemi p\u00ebr p\u00ebrvoj\u00ebn ton\u00eb t\u00eb pakrahasueshme dhe suksesin e arritur. Nj\u00eb d\u00ebshmi e aft\u00ebsis\u00eb son\u00eb \u00ebsht\u00eb p\u00ebrfaq\u00ebsimi yn\u00eb i gjat\u00eb ligjor i Federat\u00ebs s\u00eb Futbollit t\u00eb Kosov\u00ebs, si dhe i lojtar\u00ebve dhe zyrtar\u00ebve t\u00eb tjer\u00eb sportiv\u00eb para organeve gjyq\u00ebsore t\u00eb UEFA-s, FIFA-s dhe CAS-it. P\u00ebrfshirja jon\u00eb me disa shoqata sportive n\u00eb Kosov\u00eb ka p\u00ebrfshir\u00eb jo vet\u00ebm avokimin dhe p\u00ebrfaq\u00ebsimin, por edhe arritjen e drejt\u00ebsis\u00eb n\u00eb raste t\u00eb shumta t\u00eb r\u00ebnd\u00ebsishme para k\u00ebtyre organeve gjyq\u00ebsore. Kjo thell\u00ebsi p\u00ebrvoje, e kombinuar me angazhimin ton\u00eb p\u00ebr t\u00eb ofruar rezultate t\u00eb favorshme, na dallon n\u00eb fush\u00ebn e s\u00eb drejt\u00ebs sportive. Qoft\u00eb duke u marr\u00eb me \u00e7\u00ebshtje komplekse rregullatore, mosmarr\u00ebveshje kontraktuale apo \u00e7\u00ebshtje disiplinore, zyrja jon\u00eb \u00ebsht\u00eb e p\u00ebrgatitur t\u00eb ofroj\u00eb zgjidhje efektive dhe mb\u00ebshtetje t\u00eb pal\u00ebkundur p\u00ebr klient\u00ebt tan\u00eb n\u00eb bot\u00ebn e sportit.<\/p><p>Si zyrja e par\u00eb ligjore e specializuar n\u00eb t\u00eb drejt\u00ebn sportive n\u00eb Kosov\u00eb, ne kemi nj\u00eb kuptim t\u00eb thell\u00eb t\u00eb sfidave dhe mund\u00ebsive unike q\u00eb dalin n\u00eb k\u00ebt\u00eb fush\u00eb. Nga negocimi i kontratave t\u00eb lojtar\u00ebve dhe p\u00ebrfaq\u00ebsimi i klient\u00ebve para organeve gjyq\u00ebsore sportive deri te trajtimi i rasteve t\u00eb arbitrazhit, ne kemi p\u00ebrfaq\u00ebsuar me sukses atlet\u00ebt, ekipet dhe organizatat sportive n\u00eb nj\u00eb gam\u00eb t\u00eb gjer\u00eb \u00e7\u00ebshtjesh ligjore.<\/p><p>Angazhimi yn\u00eb ndaj p\u00ebrsosm\u00ebris\u00eb dhe pasioni p\u00ebr ligjin sportiv na kan\u00eb siguruar nj\u00eb reputacion si nj\u00eb zyre ligjore e besueshme dhe e respektuar n\u00eb industri. Jemi krenar\u00eb q\u00eb kemi hapur rrug\u00ebn p\u00ebr zyre t\u00eb tjera ligjore q\u00eb t\u00eb ndjekin hapat tan\u00eb, duke vazhduar t\u00eb vendosim standardin p\u00ebr p\u00ebrsosm\u00ebri n\u00eb p\u00ebrfaq\u00ebsimin e ligjit sportiv.<\/p><p>Pavar\u00ebsisht n\u00ebse jeni nj\u00eb atlet profesionist q\u00eb k\u00ebrkon t\u00eb mbroj\u00eb t\u00eb drejtat tuaja, nj\u00eb organizat\u00eb sportive q\u00eb ka nevoj\u00eb p\u00ebr udh\u00ebzime ligjore, apo nj\u00eb biznes q\u00eb k\u00ebrkon t\u00eb p\u00ebrfitoj\u00eb nga industria sportive n\u00eb lul\u00ebzim, ju mund t'i besoni ekipit ton\u00eb me p\u00ebrvoj\u00eb p\u00ebr t'ju ofruar p\u00ebrfaq\u00ebsimin m\u00eb t\u00eb mir\u00eb ligjor t\u00eb mundsh\u00ebm.<\/p><p>\u00a0<\/p>\t\t\t\t\t\t\t\t<\/div>\n\t\t\t\t<\/div>\n\t\t\t\t\t<\/div>\n\t\t\t\t<\/div>\n\t\t\t\t<\/div>","protected":false},"excerpt":{"rendered":"<p>Sports Law At Hodaj &amp; Partners, our dedication to excellence extends far beyond the expertise of our lawyers. In sports law, we stand out for our unparalleled experience and track&hellip;<\/p>","protected":false},"author":8,"featured_media":0,"parent":4706,"menu_order":0,"comment_status":"closed","ping_status":"closed","template":"","meta":{"_lmt_disableupdate":"","_lmt_disable":"","footnotes":""},"class_list":["post-5622","page","type-page","status-publish","hentry"],"yoast_head":"<!-- This site is optimized with the Yoast SEO plugin v27.4 - https:\/\/yoast.com\/product\/yoast-seo-wordpress\/ -->\n<title>Sports Law - Hodaj &amp; Partners L.L.C.<\/title>\n<meta name=\"robots\" content=\"index, follow, max-snippet:-1, max-image-preview:large, max-video-preview:-1\" \/>\n<link rel=\"canonical\" href=\"https:\/\/hodajlaw.com\/sq\/areas-of-practice\/sports-law\/\" \/>\n<meta property=\"og:locale\" content=\"sq_AL\" \/>\n<meta property=\"og:type\" content=\"article\" \/>\n<meta property=\"og:title\" content=\"Sports Law - Hodaj &amp; Partners L.L.C.\" \/>\n<meta property=\"og:description\" content=\"Sports Law At Hodaj &amp; Partners, our dedication to excellence extends far beyond the expertise of our lawyers. In sports law, we stand out for our unparalleled experience and track&hellip;\" \/>\n<meta property=\"og:url\" content=\"https:\/\/hodajlaw.com\/sq\/areas-of-practice\/sports-law\/\" \/>\n<meta property=\"og:site_name\" content=\"Hodaj &amp; Partners L.L.C.\" \/>\n<meta property=\"article:modified_time\" content=\"2025-09-16T18:54:17+00:00\" \/>\n<meta property=\"og:image\" content=\"https:\/\/hodajlaw.com\/wp-content\/uploads\/2024\/02\/SportsLaw-01.svg\" \/>\n<meta name=\"twitter:card\" content=\"summary_large_image\" \/>\n<meta name=\"twitter:label1\" content=\"Est. reading time\" \/>\n\t<meta name=\"twitter:data1\" content=\"2 minuta\" \/>\n<script type=\"application\/ld+json\" class=\"yoast-schema-graph\">{\"@context\":\"https:\\\/\\\/schema.org\",\"@graph\":[{\"@type\":\"WebPage\",\"@id\":\"https:\\\/\\\/hodajlaw.com\\\/areas-of-practice\\\/sports-law\\\/\",\"url\":\"https:\\\/\\\/hodajlaw.com\\\/areas-of-practice\\\/sports-law\\\/\",\"name\":\"Sports Law - Hodaj &amp; Partners L.L.C.\",\"isPartOf\":{\"@id\":\"https:\\\/\\\/hodajlaw.com\\\/#website\"},\"primaryImageOfPage\":{\"@id\":\"https:\\\/\\\/hodajlaw.com\\\/areas-of-practice\\\/sports-law\\\/#primaryimage\"},\"image\":{\"@id\":\"https:\\\/\\\/hodajlaw.com\\\/areas-of-practice\\\/sports-law\\\/#primaryimage\"},\"thumbnailUrl\":\"https:\\\/\\\/hodajlaw.com\\\/wp-content\\\/uploads\\\/2024\\\/02\\\/SportsLaw-01.svg\",\"datePublished\":\"2024-02-27T13:11:48+00:00\",\"dateModified\":\"2025-09-16T18:54:17+00:00\",\"breadcrumb\":{\"@id\":\"https:\\\/\\\/hodajlaw.com\\\/areas-of-practice\\\/sports-law\\\/#breadcrumb\"},\"inLanguage\":\"sq\",\"potentialAction\":[{\"@type\":\"ReadAction\",\"target\":[\"https:\\\/\\\/hodajlaw.com\\\/areas-of-practice\\\/sports-law\\\/\"]}]},{\"@type\":\"ImageObject\",\"inLanguage\":\"sq\",\"@id\":\"https:\\\/\\\/hodajlaw.com\\\/areas-of-practice\\\/sports-law\\\/#primaryimage\",\"url\":\"https:\\\/\\\/hodajlaw.com\\\/wp-content\\\/uploads\\\/2024\\\/02\\\/SportsLaw-01.svg\",\"contentUrl\":\"https:\\\/\\\/hodajlaw.com\\\/wp-content\\\/uploads\\\/2024\\\/02\\\/SportsLaw-01.svg\"},{\"@type\":\"BreadcrumbList\",\"@id\":\"https:\\\/\\\/hodajlaw.com\\\/areas-of-practice\\\/sports-law\\\/#breadcrumb\",\"itemListElement\":[{\"@type\":\"ListItem\",\"position\":1,\"name\":\"Home\",\"item\":\"https:\\\/\\\/hodajlaw.com\\\/\"},{\"@type\":\"ListItem\",\"position\":2,\"name\":\"Areas of Practice\",\"item\":\"https:\\\/\\\/hodajlaw.com\\\/areas-of-practice\\\/\"},{\"@type\":\"ListItem\",\"position\":3,\"name\":\"Sports Law\"}]},{\"@type\":\"WebSite\",\"@id\":\"https:\\\/\\\/hodajlaw.com\\\/#website\",\"url\":\"https:\\\/\\\/hodajlaw.com\\\/\",\"name\":\"Hodaj &amp; Partners L.L.C.\",\"description\":\"Hodaj &amp; Partners\",\"potentialAction\":[{\"@type\":\"SearchAction\",\"target\":{\"@type\":\"EntryPoint\",\"urlTemplate\":\"https:\\\/\\\/hodajlaw.com\\\/?s={search_term_string}\"},\"query-input\":{\"@type\":\"PropertyValueSpecification\",\"valueRequired\":true,\"valueName\":\"search_term_string\"}}],\"inLanguage\":\"sq\"}]}<\/script>\n<!-- \/ Yoast SEO plugin. -->","yoast_head_json":{"title":"Sports Law - Hodaj &amp; Partners L.L.C.","robots":{"index":"index","follow":"follow","max-snippet":"max-snippet:-1","max-image-preview":"max-image-preview:large","max-video-preview":"max-video-preview:-1"},"canonical":"https:\/\/hodajlaw.com\/sq\/areas-of-practice\/sports-law\/","og_locale":"sq_AL","og_type":"article","og_title":"Sports Law - Hodaj &amp; Partners L.L.C.","og_description":"Sports Law At Hodaj &amp; Partners, our dedication to excellence extends far beyond the expertise of our lawyers. In sports law, we stand out for our unparalleled experience and track&hellip;","og_url":"https:\/\/hodajlaw.com\/sq\/areas-of-practice\/sports-law\/","og_site_name":"Hodaj &amp; Partners L.L.C.","article_modified_time":"2025-09-16T18:54:17+00:00","og_image":[{"url":"https:\/\/hodajlaw.com\/wp-content\/uploads\/2024\/02\/SportsLaw-01.svg","type":"","width":"","height":""}],"twitter_card":"summary_large_image","twitter_misc":{"Est. reading time":"2 minuta"},"schema":{"@context":"https:\/\/schema.org","@graph":[{"@type":"WebPage","@id":"https:\/\/hodajlaw.com\/areas-of-practice\/sports-law\/","url":"https:\/\/hodajlaw.com\/areas-of-practice\/sports-law\/","name":"Sports Law - Hodaj &amp; Partners L.L.C.","isPartOf":{"@id":"https:\/\/hodajlaw.com\/#website"},"primaryImageOfPage":{"@id":"https:\/\/hodajlaw.com\/areas-of-practice\/sports-law\/#primaryimage"},"image":{"@id":"https:\/\/hodajlaw.com\/areas-of-practice\/sports-law\/#primaryimage"},"thumbnailUrl":"https:\/\/hodajlaw.com\/wp-content\/uploads\/2024\/02\/SportsLaw-01.svg","datePublished":"2024-02-27T13:11:48+00:00","dateModified":"2025-09-16T18:54:17+00:00","breadcrumb":{"@id":"https:\/\/hodajlaw.com\/areas-of-practice\/sports-law\/#breadcrumb"},"inLanguage":"sq","potentialAction":[{"@type":"ReadAction","target":["https:\/\/hodajlaw.com\/areas-of-practice\/sports-law\/"]}]},{"@type":"ImageObject","inLanguage":"sq","@id":"https:\/\/hodajlaw.com\/areas-of-practice\/sports-law\/#primaryimage","url":"https:\/\/hodajlaw.com\/wp-content\/uploads\/2024\/02\/SportsLaw-01.svg","contentUrl":"https:\/\/hodajlaw.com\/wp-content\/uploads\/2024\/02\/SportsLaw-01.svg"},{"@type":"BreadcrumbList","@id":"https:\/\/hodajlaw.com\/areas-of-practice\/sports-law\/#breadcrumb","itemListElement":[{"@type":"ListItem","position":1,"name":"Home","item":"https:\/\/hodajlaw.com\/"},{"@type":"ListItem","position":2,"name":"Areas of Practice","item":"https:\/\/hodajlaw.com\/areas-of-practice\/"},{"@type":"ListItem","position":3,"name":"Sports Law"}]},{"@type":"WebSite","@id":"https:\/\/hodajlaw.com\/#website","url":"https:\/\/hodajlaw.com\/","name":"Hodaj &amp; Partners L.L.C.","description":"Hodaj &amp; Partners","potentialAction":[{"@type":"SearchAction","target":{"@type":"EntryPoint","urlTemplate":"https:\/\/hodajlaw.com\/?s={search_term_string}"},"query-input":{"@type":"PropertyValueSpecification","valueRequired":true,"valueName":"search_term_string"}}],"inLanguage":"sq"}]}},"_links":{"self":[{"href":"https:\/\/hodajlaw.com\/sq\/wp-json\/wp\/v2\/pages\/5622","targetHints":{"allow":["GET"]}}],"collection":[{"href":"https:\/\/hodajlaw.com\/sq\/wp-json\/wp\/v2\/pages"}],"about":[{"href":"https:\/\/hodajlaw.com\/sq\/wp-json\/wp\/v2\/types\/page"}],"author":[{"embeddable":true,"href":"https:\/\/hodajlaw.com\/sq\/wp-json\/wp\/v2\/users\/8"}],"replies":[{"embeddable":true,"href":"https:\/\/hodajlaw.com\/sq\/wp-json\/wp\/v2\/comments?post=5622"}],"version-history":[{"count":13,"href":"https:\/\/hodajlaw.com\/sq\/wp-json\/wp\/v2\/pages\/5622\/revisions"}],"predecessor-version":[{"id":6686,"href":"https:\/\/hodajlaw.com\/sq\/wp-json\/wp\/v2\/pages\/5622\/revisions\/6686"}],"up":[{"embeddable":true,"href":"https:\/\/hodajlaw.com\/sq\/wp-json\/wp\/v2\/pages\/4706"}],"wp:attachment":[{"href":"https:\/\/hodajlaw.com\/sq\/wp-json\/wp\/v2\/media?parent=5622"}],"curies":[{"name":"wp","href":"https:\/\/api.w.org\/{rel}","templated":true}]}}