{"id":6258,"date":"2024-09-05T17:54:47","date_gmt":"2024-09-05T17:54:47","guid":{"rendered":"https:\/\/hodajlaw.com\/?page_id=6258"},"modified":"2026-01-23T11:22:40","modified_gmt":"2026-01-23T11:22:40","slug":"elsa-osmanaj","status":"publish","type":"page","link":"https:\/\/hodajlaw.com\/sq\/about-us\/team\/elsa-osmanaj\/","title":{"rendered":"ELSA OSMANAJ"},"content":{"rendered":"<div data-elementor-type=\"wp-page\" data-elementor-id=\"6258\" class=\"elementor elementor-6258\">\n\t\t\t\t\t\t<section class=\"penci-section penci-dmcheck penci-elbg-activate penci-disSticky penci-structure-10 elementor-section elementor-top-section elementor-element elementor-element-11bdf5c elementor-section-boxed elementor-section-height-default elementor-section-height-default\" data-id=\"11bdf5c\" data-element_type=\"section\" data-e-type=\"section\" data-settings=\"{&quot;background_background&quot;:&quot;classic&quot;}\">\n\t\t\t\t\t\t<div class=\"elementor-container elementor-column-gap-default\">\n\t\t\t\t\t<div class=\"penci-ercol-100 penci-ercol-order-1 penci-sticky-ct    elementor-column elementor-col-100 elementor-top-column elementor-element elementor-element-1877f85\" data-id=\"1877f85\" data-element_type=\"column\" data-e-type=\"column\">\n\t\t\t<div class=\"elementor-widget-wrap elementor-element-populated\">\n\t\t\t\t\t\t<div class=\"elementor-element elementor-element-ae05b74 elementor-widget elementor-widget-penci-fancy_heading\" data-id=\"ae05b74\" data-element_type=\"widget\" data-e-type=\"widget\" data-widget_type=\"penci-fancy_heading.default\">\n\t\t\t\t<div class=\"elementor-widget-container\">\n\t\t\t\t\t\t\t<div class=\"penci-fancy-heading penci-heading-text-left\">\n\t\t\t<div class=\"penci-fancy-heading-inner\">\n\t\t\t\t<h2 class=\"penci-heading-title\"><span class=\"inner-tit\">ELSA OSMANAJ<\/span><\/h2><div class=\"penci-heading-content entry-content\"><p>Attorney at Law<\/p>\n<\/div>\t\t\t<\/div>\n\t\t<\/div>\n\t\t\t\t\t\t<\/div>\n\t\t\t\t<\/div>\n\t\t\t\t\t<\/div>\n\t\t<\/div>\n\t\t\t\t\t<\/div>\n\t\t<\/section>\n\t\t<div class=\"elementor-element elementor-element-ee1b31e e-flex e-con-boxed e-con e-parent\" data-id=\"ee1b31e\" data-element_type=\"container\" data-e-type=\"container\">\n\t\t\t\t\t<div class=\"e-con-inner\">\n\t\t<div class=\"elementor-element elementor-element-1015249 e-con-full e-flex e-con e-child\" data-id=\"1015249\" data-element_type=\"container\" data-e-type=\"container\">\n\t\t\t\t<div class=\"elementor-element elementor-element-f99f240 elementor-widget elementor-widget-image\" data-id=\"f99f240\" data-element_type=\"widget\" data-e-type=\"widget\" data-widget_type=\"image.default\">\n\t\t\t\t<div class=\"elementor-widget-container\">\n\t\t\t\t\t\t\t\t\t\t\t\t\t\t\t<img fetchpriority=\"high\" decoding=\"async\" width=\"683\" height=\"1024\" src=\"https:\/\/hodajlaw.com\/wp-content\/uploads\/2024\/05\/Elsa-min-683x1024.jpg\" class=\"attachment-large size-large wp-image-6081\" alt=\"\" srcset=\"https:\/\/hodajlaw.com\/wp-content\/uploads\/2024\/05\/Elsa-min-683x1024.jpg 683w, https:\/\/hodajlaw.com\/wp-content\/uploads\/2024\/05\/Elsa-min-200x300.jpg 200w, https:\/\/hodajlaw.com\/wp-content\/uploads\/2024\/05\/Elsa-min-768x1152.jpg 768w, https:\/\/hodajlaw.com\/wp-content\/uploads\/2024\/05\/Elsa-min-1024x1536.jpg 1024w, https:\/\/hodajlaw.com\/wp-content\/uploads\/2024\/05\/Elsa-min-1365x2048.jpg 1365w, https:\/\/hodajlaw.com\/wp-content\/uploads\/2024\/05\/Elsa-min-8x12.jpg 8w, https:\/\/hodajlaw.com\/wp-content\/uploads\/2024\/05\/Elsa-min-1920x2880.jpg 1920w, https:\/\/hodajlaw.com\/wp-content\/uploads\/2024\/05\/Elsa-min-1170x1755.jpg 1170w, https:\/\/hodajlaw.com\/wp-content\/uploads\/2024\/05\/Elsa-min-585x878.jpg 585w, https:\/\/hodajlaw.com\/wp-content\/uploads\/2024\/05\/Elsa-min-scaled.jpg 1707w\" sizes=\"(max-width: 683px) 100vw, 683px\" \/>\t\t\t\t\t\t\t\t\t\t\t\t\t\t\t<\/div>\n\t\t\t\t<\/div>\n\t\t\t\t<\/div>\n\t\t<div class=\"elementor-element elementor-element-0185ddd e-con-full e-flex e-con e-child\" data-id=\"0185ddd\" data-element_type=\"container\" data-e-type=\"container\">\n\t\t\t\t<div class=\"elementor-element elementor-element-6af46d2 elementor-widget elementor-widget-penci-text-block\" data-id=\"6af46d2\" data-element_type=\"widget\" data-e-type=\"widget\" data-widget_type=\"penci-text-block.default\">\n\t\t\t\t<div class=\"elementor-widget-container\">\n\t\t\t\t\t\t\t<div class=\"penci-block-vc penci-text-editor\">\n\t\t\t\t\t\t<div class=\"penci-block_content\">\n\t\t\t\t<div class=\"elementor-text-editor elementor-clearfix\"><p><span style=\"font-size: x-large;\"><strong>Fushat e Ekspertiz\u00ebs &amp; P\u00ebrvoja Profesionale<\/strong><\/span><\/p><p>\u00a0<\/p><p><strong>Znj. Elsa Osmanaj<\/strong>\u00a0\u00ebsht\u00eb Avokate pran\u00eb Hodaj &amp; Partners, nga prilli 2025. Fushat kryesore t\u00eb ekspertiz\u00ebs s\u00eb saj p\u00ebrfshijn\u00eb \u00e7\u00ebshtjet e t\u00eb drejt\u00ebs penale dhe civile. Ajo m\u00eb par\u00eb ka p\u00ebrfunduar nj\u00eb projekt me koh\u00ebzgjatje nj\u00ebvje\u00e7are me programin e USAID-it Commercial Justice Activity n\u00eb Gjykat\u00ebn Themelore t\u00eb Prishtin\u00ebs dhe gjithashtu ka punuar si monitoruese e gjykat\u00ebs.<\/p><p>\u00a0<\/p><p>Gjat\u00eb rrug\u00ebtimit t\u00eb saj akademik, znj. Osmanaj mori pjes\u00eb n\u00eb ngjarje nd\u00ebrkomb\u00ebtare, p\u00ebrfshir\u00eb n\u00eb Varshav\u00eb\/Athin\u00eb Model European Union 2020 dhe ishte delegate n\u00eb Forumin e 9-t\u00eb Rajonal t\u00eb Sundimit t\u00eb Ligjit p\u00ebr Evrop\u00ebn Juglindore, si dhe n\u00eb shum\u00eb aktivitete t\u00eb tjera komb\u00ebtare dhe nd\u00ebrkomb\u00ebtare. Ajo \u00ebsht\u00eb vler\u00ebsuar p\u00ebr t\u00eb arriturat e saj akademike, duke marr\u00eb bursa dhe \u00e7mimin e student\u00ebve t\u00eb dalluar p\u00ebr studime Bachelor dhe Master nga Universiteti i Prishtin\u00ebs.<\/p><p>\u00a0<\/p><p><strong>Gjuh\u00ebt<\/strong><\/p><p>Shqip, anglisht<\/p><p>\u00a0<\/p><p><strong>Edukimi<\/strong><\/p><p>2023, Universiteti i Prishtin\u00ebs, E Drejta Penale (LL.M)<\/p><p>2022, Universiteti i Prishtin\u00ebs (LL.B)<\/p><\/div>\n\t\t\t<\/div>\n\t\t<\/div>\n\t\t\t\t\t\t<\/div>\n\t\t\t\t<\/div>\n\t\t\t\t<\/div>\n\t\t\t\t\t<\/div>\n\t\t\t\t<\/div>\n\t\t\t\t<\/div>","protected":false},"excerpt":{"rendered":"<p>ELSA OSMANAJ Attorney at Law Main Areas of Expertise &amp; Career Summary \u00a0 Ms. Elsa Osmanaj\u00a0is an Attorney at Law at Hodaj &amp; Partners since April 2025. Her main areas&hellip;<\/p>","protected":false},"author":8,"featured_media":0,"parent":1111,"menu_order":0,"comment_status":"closed","ping_status":"closed","template":"elementor_header_footer","meta":{"_lmt_disableupdate":"","_lmt_disable":"","footnotes":""},"class_list":["post-6258","page","type-page","status-publish","hentry"],"yoast_head":"<!-- This site is optimized with the Yoast SEO plugin v26.8 - https:\/\/yoast.com\/product\/yoast-seo-wordpress\/ -->\n<title>ELSA OSMANAJ - Hodaj &amp; Partners L.L.C.<\/title>\n<meta name=\"robots\" content=\"index, follow, max-snippet:-1, max-image-preview:large, max-video-preview:-1\" \/>\n<link rel=\"canonical\" href=\"https:\/\/hodajlaw.com\/sq\/about-us\/team\/elsa-osmanaj\/\" \/>\n<meta property=\"og:locale\" content=\"sq_AL\" \/>\n<meta property=\"og:type\" content=\"article\" \/>\n<meta property=\"og:title\" content=\"ELSA OSMANAJ - Hodaj &amp; Partners L.L.C.\" \/>\n<meta property=\"og:description\" content=\"ELSA OSMANAJ Attorney at Law Main Areas of Expertise &amp; Career Summary \u00a0 Ms. Elsa Osmanaj\u00a0is an Attorney at Law at Hodaj &amp; Partners since April 2025. Her main areas&hellip;\" \/>\n<meta property=\"og:url\" content=\"https:\/\/hodajlaw.com\/sq\/about-us\/team\/elsa-osmanaj\/\" \/>\n<meta property=\"og:site_name\" content=\"Hodaj &amp; Partners L.L.C.\" \/>\n<meta property=\"article:modified_time\" content=\"2026-01-23T11:22:40+00:00\" \/>\n<meta property=\"og:image\" content=\"https:\/\/hodajlaw.com\/wp-content\/uploads\/2019\/03\/Misrete_Maksuti-scaled.jpg\" \/>\n\t<meta property=\"og:image:width\" content=\"2560\" \/>\n\t<meta property=\"og:image:height\" content=\"1706\" \/>\n\t<meta property=\"og:image:type\" content=\"image\/jpeg\" \/>\n<meta name=\"twitter:card\" content=\"summary_large_image\" \/>\n<meta name=\"twitter:image\" content=\"https:\/\/hodajlaw.com\/wp-content\/uploads\/2019\/03\/Misrete_Maksuti-scaled.jpg\" \/>\n<meta name=\"twitter:label1\" content=\"Est. reading time\" \/>\n\t<meta name=\"twitter:data1\" content=\"1 minut\u00eb\" \/>\n<script type=\"application\/ld+json\" class=\"yoast-schema-graph\">{\"@context\":\"https:\/\/schema.org\",\"@graph\":[{\"@type\":\"WebPage\",\"@id\":\"https:\/\/hodajlaw.com\/about-us\/team\/elsa-osmanaj\/\",\"url\":\"https:\/\/hodajlaw.com\/about-us\/team\/elsa-osmanaj\/\",\"name\":\"ELSA OSMANAJ - Hodaj &amp; Partners L.L.C.\",\"isPartOf\":{\"@id\":\"https:\/\/hodajlaw.com\/#website\"},\"primaryImageOfPage\":{\"@id\":\"https:\/\/hodajlaw.com\/about-us\/team\/elsa-osmanaj\/#primaryimage\"},\"image\":{\"@id\":\"https:\/\/hodajlaw.com\/about-us\/team\/elsa-osmanaj\/#primaryimage\"},\"thumbnailUrl\":\"https:\/\/hodajlaw.com\/wp-content\/uploads\/2024\/05\/Elsa-min-683x1024.jpg\",\"datePublished\":\"2024-09-05T17:54:47+00:00\",\"dateModified\":\"2026-01-23T11:22:40+00:00\",\"breadcrumb\":{\"@id\":\"https:\/\/hodajlaw.com\/about-us\/team\/elsa-osmanaj\/#breadcrumb\"},\"inLanguage\":\"sq\",\"potentialAction\":[{\"@type\":\"ReadAction\",\"target\":[\"https:\/\/hodajlaw.com\/about-us\/team\/elsa-osmanaj\/\"]}]},{\"@type\":\"ImageObject\",\"inLanguage\":\"sq\",\"@id\":\"https:\/\/hodajlaw.com\/about-us\/team\/elsa-osmanaj\/#primaryimage\",\"url\":\"https:\/\/hodajlaw.com\/wp-content\/uploads\/2024\/05\/Elsa-min-683x1024.jpg\",\"contentUrl\":\"https:\/\/hodajlaw.com\/wp-content\/uploads\/2024\/05\/Elsa-min-683x1024.jpg\"},{\"@type\":\"BreadcrumbList\",\"@id\":\"https:\/\/hodajlaw.com\/about-us\/team\/elsa-osmanaj\/#breadcrumb\",\"itemListElement\":[{\"@type\":\"ListItem\",\"position\":1,\"name\":\"Home\",\"item\":\"https:\/\/hodajlaw.com\/\"},{\"@type\":\"ListItem\",\"position\":2,\"name\":\"About\",\"item\":\"https:\/\/hodajlaw.com\/about-us\/\"},{\"@type\":\"ListItem\",\"position\":3,\"name\":\"Team\",\"item\":\"https:\/\/hodajlaw.com\/about-us\/team\/\"},{\"@type\":\"ListItem\",\"position\":4,\"name\":\"ELSA OSMANAJ\"}]},{\"@type\":\"WebSite\",\"@id\":\"https:\/\/hodajlaw.com\/#website\",\"url\":\"https:\/\/hodajlaw.com\/\",\"name\":\"Hodaj &amp; Partners L.L.C.\",\"description\":\"Hodaj &amp; Partners\",\"potentialAction\":[{\"@type\":\"SearchAction\",\"target\":{\"@type\":\"EntryPoint\",\"urlTemplate\":\"https:\/\/hodajlaw.com\/?s={search_term_string}\"},\"query-input\":{\"@type\":\"PropertyValueSpecification\",\"valueRequired\":true,\"valueName\":\"search_term_string\"}}],\"inLanguage\":\"sq\"}]}<\/script>\n<!-- \/ Yoast SEO plugin. -->","yoast_head_json":{"title":"ELSA OSMANAJ - Hodaj &amp; Partners L.L.C.","robots":{"index":"index","follow":"follow","max-snippet":"max-snippet:-1","max-image-preview":"max-image-preview:large","max-video-preview":"max-video-preview:-1"},"canonical":"https:\/\/hodajlaw.com\/sq\/about-us\/team\/elsa-osmanaj\/","og_locale":"sq_AL","og_type":"article","og_title":"ELSA OSMANAJ - Hodaj &amp; Partners L.L.C.","og_description":"ELSA OSMANAJ Attorney at Law Main Areas of Expertise &amp; Career Summary \u00a0 Ms. Elsa Osmanaj\u00a0is an Attorney at Law at Hodaj &amp; Partners since April 2025. Her main areas&hellip;","og_url":"https:\/\/hodajlaw.com\/sq\/about-us\/team\/elsa-osmanaj\/","og_site_name":"Hodaj &amp; Partners L.L.C.","article_modified_time":"2026-01-23T11:22:40+00:00","og_image":[{"width":2560,"height":1706,"url":"https:\/\/hodajlaw.com\/wp-content\/uploads\/2019\/03\/Misrete_Maksuti-scaled.jpg","type":"image\/jpeg"}],"twitter_card":"summary_large_image","twitter_image":"https:\/\/hodajlaw.com\/wp-content\/uploads\/2019\/03\/Misrete_Maksuti-scaled.jpg","twitter_misc":{"Est. reading time":"1 minut\u00eb"},"schema":{"@context":"https:\/\/schema.org","@graph":[{"@type":"WebPage","@id":"https:\/\/hodajlaw.com\/about-us\/team\/elsa-osmanaj\/","url":"https:\/\/hodajlaw.com\/about-us\/team\/elsa-osmanaj\/","name":"ELSA OSMANAJ - Hodaj &amp; Partners L.L.C.","isPartOf":{"@id":"https:\/\/hodajlaw.com\/#website"},"primaryImageOfPage":{"@id":"https:\/\/hodajlaw.com\/about-us\/team\/elsa-osmanaj\/#primaryimage"},"image":{"@id":"https:\/\/hodajlaw.com\/about-us\/team\/elsa-osmanaj\/#primaryimage"},"thumbnailUrl":"https:\/\/hodajlaw.com\/wp-content\/uploads\/2024\/05\/Elsa-min-683x1024.jpg","datePublished":"2024-09-05T17:54:47+00:00","dateModified":"2026-01-23T11:22:40+00:00","breadcrumb":{"@id":"https:\/\/hodajlaw.com\/about-us\/team\/elsa-osmanaj\/#breadcrumb"},"inLanguage":"sq","potentialAction":[{"@type":"ReadAction","target":["https:\/\/hodajlaw.com\/about-us\/team\/elsa-osmanaj\/"]}]},{"@type":"ImageObject","inLanguage":"sq","@id":"https:\/\/hodajlaw.com\/about-us\/team\/elsa-osmanaj\/#primaryimage","url":"https:\/\/hodajlaw.com\/wp-content\/uploads\/2024\/05\/Elsa-min-683x1024.jpg","contentUrl":"https:\/\/hodajlaw.com\/wp-content\/uploads\/2024\/05\/Elsa-min-683x1024.jpg"},{"@type":"BreadcrumbList","@id":"https:\/\/hodajlaw.com\/about-us\/team\/elsa-osmanaj\/#breadcrumb","itemListElement":[{"@type":"ListItem","position":1,"name":"Home","item":"https:\/\/hodajlaw.com\/"},{"@type":"ListItem","position":2,"name":"About","item":"https:\/\/hodajlaw.com\/about-us\/"},{"@type":"ListItem","position":3,"name":"Team","item":"https:\/\/hodajlaw.com\/about-us\/team\/"},{"@type":"ListItem","position":4,"name":"ELSA OSMANAJ"}]},{"@type":"WebSite","@id":"https:\/\/hodajlaw.com\/#website","url":"https:\/\/hodajlaw.com\/","name":"Hodaj &amp; Partners L.L.C.","description":"Hodaj &amp; Partners","potentialAction":[{"@type":"SearchAction","target":{"@type":"EntryPoint","urlTemplate":"https:\/\/hodajlaw.com\/?s={search_term_string}"},"query-input":{"@type":"PropertyValueSpecification","valueRequired":true,"valueName":"search_term_string"}}],"inLanguage":"sq"}]}},"_links":{"self":[{"href":"https:\/\/hodajlaw.com\/sq\/wp-json\/wp\/v2\/pages\/6258","targetHints":{"allow":["GET"]}}],"collection":[{"href":"https:\/\/hodajlaw.com\/sq\/wp-json\/wp\/v2\/pages"}],"about":[{"href":"https:\/\/hodajlaw.com\/sq\/wp-json\/wp\/v2\/types\/page"}],"author":[{"embeddable":true,"href":"https:\/\/hodajlaw.com\/sq\/wp-json\/wp\/v2\/users\/8"}],"replies":[{"embeddable":true,"href":"https:\/\/hodajlaw.com\/sq\/wp-json\/wp\/v2\/comments?post=6258"}],"version-history":[{"count":22,"href":"https:\/\/hodajlaw.com\/sq\/wp-json\/wp\/v2\/pages\/6258\/revisions"}],"predecessor-version":[{"id":6804,"href":"https:\/\/hodajlaw.com\/sq\/wp-json\/wp\/v2\/pages\/6258\/revisions\/6804"}],"up":[{"embeddable":true,"href":"https:\/\/hodajlaw.com\/sq\/wp-json\/wp\/v2\/pages\/1111"}],"wp:attachment":[{"href":"https:\/\/hodajlaw.com\/sq\/wp-json\/wp\/v2\/media?parent=6258"}],"curies":[{"name":"wp","href":"https:\/\/api.w.org\/{rel}","templated":true}]}}