{"id":6273,"date":"2024-09-05T18:05:27","date_gmt":"2024-09-05T18:05:27","guid":{"rendered":"https:\/\/hodajlaw.com\/?page_id=6273"},"modified":"2024-09-05T18:32:37","modified_gmt":"2024-09-05T18:32:37","slug":"fis-alishani","status":"publish","type":"page","link":"https:\/\/hodajlaw.com\/sq\/about-us\/team\/fis-alishani\/","title":{"rendered":"Fis Alishani"},"content":{"rendered":"<div data-elementor-type=\"wp-page\" data-elementor-id=\"6273\" class=\"elementor elementor-6273\">\n\t\t\t\t\t\t<section class=\"penci-section penci-dmcheck penci-elbg-activate penci-disSticky penci-structure-10 elementor-section elementor-top-section elementor-element elementor-element-496525d elementor-section-boxed elementor-section-height-default elementor-section-height-default\" data-id=\"496525d\" data-element_type=\"section\" data-e-type=\"section\" data-settings=\"{&quot;background_background&quot;:&quot;classic&quot;}\">\n\t\t\t\t\t\t<div class=\"elementor-container elementor-column-gap-default\">\n\t\t\t\t\t<div class=\"penci-ercol-100 penci-ercol-order-1 penci-sticky-ct    elementor-column elementor-col-100 elementor-top-column elementor-element elementor-element-d68b611\" data-id=\"d68b611\" data-element_type=\"column\" data-e-type=\"column\">\n\t\t\t<div class=\"elementor-widget-wrap elementor-element-populated\">\n\t\t\t\t\t\t<div class=\"elementor-element elementor-element-0fd8572 elementor-widget elementor-widget-penci-fancy_heading\" data-id=\"0fd8572\" data-element_type=\"widget\" data-e-type=\"widget\" data-widget_type=\"penci-fancy_heading.default\">\n\t\t\t\t<div class=\"elementor-widget-container\">\n\t\t\t\t\t\t\t<div class=\"penci-fancy-heading penci-heading-text-left\">\n\t\t\t<div class=\"penci-fancy-heading-inner\">\n\t\t\t\t<h2 class=\"penci-heading-title\"><span class=\"inner-tit\">FIS ALISHANI<\/span><\/h2><div class=\"penci-heading-content entry-content\"><p>AVOKAT<\/p>\n<\/div>\t\t\t<\/div>\n\t\t<\/div>\n\t\t\t\t\t\t<\/div>\n\t\t\t\t<\/div>\n\t\t\t\t\t<\/div>\n\t\t<\/div>\n\t\t\t\t\t<\/div>\n\t\t<\/section>\n\t\t<div class=\"elementor-element elementor-element-54548c2 e-flex e-con-boxed e-con e-parent\" data-id=\"54548c2\" data-element_type=\"container\" data-e-type=\"container\">\n\t\t\t\t\t<div class=\"e-con-inner\">\n\t\t<div class=\"elementor-element elementor-element-450d37f e-con-full e-flex e-con e-child\" data-id=\"450d37f\" data-element_type=\"container\" data-e-type=\"container\">\n\t\t\t\t<div class=\"elementor-element elementor-element-0665ec2 elementor-widget elementor-widget-image\" data-id=\"0665ec2\" data-element_type=\"widget\" data-e-type=\"widget\" data-widget_type=\"image.default\">\n\t\t\t\t<div class=\"elementor-widget-container\">\n\t\t\t\t\t\t\t\t\t\t\t\t\t\t\t<img fetchpriority=\"high\" decoding=\"async\" width=\"1200\" height=\"800\" src=\"https:\/\/hodajlaw.com\/wp-content\/uploads\/2024\/01\/placeholder-637.png\" class=\"attachment-1536x1536 size-1536x1536 wp-image-4710\" alt=\"\" srcset=\"https:\/\/hodajlaw.com\/wp-content\/uploads\/2024\/01\/placeholder-637.png 1200w, https:\/\/hodajlaw.com\/wp-content\/uploads\/2024\/01\/placeholder-637-300x200.png 300w, https:\/\/hodajlaw.com\/wp-content\/uploads\/2024\/01\/placeholder-637-1024x683.png 1024w, https:\/\/hodajlaw.com\/wp-content\/uploads\/2024\/01\/placeholder-637-768x512.png 768w, https:\/\/hodajlaw.com\/wp-content\/uploads\/2024\/01\/placeholder-637-18x12.png 18w, https:\/\/hodajlaw.com\/wp-content\/uploads\/2024\/01\/placeholder-637-1170x780.png 1170w, https:\/\/hodajlaw.com\/wp-content\/uploads\/2024\/01\/placeholder-637-585x390.png 585w, https:\/\/hodajlaw.com\/wp-content\/uploads\/2024\/01\/placeholder-637-263x175.png 263w\" sizes=\"(max-width: 1200px) 100vw, 1200px\" \/>\t\t\t\t\t\t\t\t\t\t\t\t\t\t\t<\/div>\n\t\t\t\t<\/div>\n\t\t\t\t<\/div>\n\t\t<div class=\"elementor-element elementor-element-391814f e-con-full e-flex e-con e-child\" data-id=\"391814f\" data-element_type=\"container\" data-e-type=\"container\">\n\t\t\t\t<div class=\"elementor-element elementor-element-686b8ea elementor-widget elementor-widget-penci-text-block\" data-id=\"686b8ea\" data-element_type=\"widget\" data-e-type=\"widget\" data-widget_type=\"penci-text-block.default\">\n\t\t\t\t<div class=\"elementor-widget-container\">\n\t\t\t\t\t\t\t<div class=\"penci-block-vc penci-text-editor\">\n\t\t\t\t\t\t<div class=\"penci-block_content\">\n\t\t\t\t<div class=\"elementor-text-editor elementor-clearfix\"><p><span style=\"font-size: x-large;\"><strong>Fushat e Ekspertiz\u00ebs &amp; P\u00ebrvoja Profesionale<\/strong><\/span><\/p><p><strong>Mr. Fis Alishani <\/strong>punon si Avokat n\u00eb Hodaj &amp; Partners q\u00eb nga gushti 2024. Fushat e fokusit t\u00eb tij jan\u00eb kryesisht e Drejt\u00ebn Civile, duke p\u00ebrfshir\u00eb t\u00eb Drejt\u00ebn Tregtare, si dhe t\u00eb Drejt\u00ebn Penale.<\/p><p>\u00a0<\/p><p>Z. Alishani para se t\u2019i bashkohej Hodaj &amp; Partners ka kryer m\u00eb par\u00eb nj\u00eb praktik\u00eb nj\u00ebvje\u00e7are n\u00eb Gjykat\u00ebn Themelore t\u00eb Prishtin\u00ebs, duke p\u00ebrvoj\u00eb dhe fituar ekspertiz\u00eb p\u00ebrmes departamenteve t\u00eb ndryshme n\u00eb t\u00eb cilat ishte p\u00ebrfshir\u00eb. Pas pranimit t\u00eb tij n\u00eb Od\u00ebn e Avokat\u00ebve t\u00eb Kosov\u00ebs, ai punoi si Avokat n\u00eb nj\u00eb zyre t\u00eb avokatis\u00eb n\u00eb Prishtin\u00eb.\u00a0\u00a0<\/p><p>\u00a0<\/p><p><strong>Gjuh\u00ebt<\/strong><\/p><p>Shqip, anglisht<\/p><p>\u00a0<\/p><p><strong>Edukimi:<\/strong><\/p><p>2021, University of Prishtina (LL.B)<\/p><p>\u00a0<\/p><p><strong>An\u00ebtar\u00ebsimet<\/strong><\/p><ul><li><p>Oda e Avokat\u00ebve t\u00eb Kosov\u00ebs<\/p><\/li><\/ul><\/div>\n\t\t\t<\/div>\n\t\t<\/div>\n\t\t\t\t\t\t<\/div>\n\t\t\t\t<\/div>\n\t\t\t\t<\/div>\n\t\t\t\t\t<\/div>\n\t\t\t\t<\/div>\n\t\t\t\t<\/div>","protected":false},"excerpt":{"rendered":"<p>FIS ALISHANI ATTORNEY AT LAW Main Areas of Expertise &amp; Career Summary Mr. Fis Alishani works as Attorney at Law at Hodaj &amp; Partners since August 2024. His scope of&hellip;<\/p>","protected":false},"author":8,"featured_media":0,"parent":1111,"menu_order":0,"comment_status":"closed","ping_status":"closed","template":"elementor_header_footer","meta":{"_lmt_disableupdate":"","_lmt_disable":"","footnotes":""},"class_list":["post-6273","page","type-page","status-publish","hentry"],"yoast_head":"<!-- This site is optimized with the Yoast SEO plugin v27.4 - https:\/\/yoast.com\/product\/yoast-seo-wordpress\/ -->\n<title>Fis Alishani - Hodaj &amp; Partners L.L.C.<\/title>\n<meta name=\"robots\" content=\"index, follow, max-snippet:-1, max-image-preview:large, max-video-preview:-1\" \/>\n<link rel=\"canonical\" href=\"https:\/\/hodajlaw.com\/sq\/about-us\/team\/fis-alishani\/\" \/>\n<meta property=\"og:locale\" content=\"sq_AL\" \/>\n<meta property=\"og:type\" content=\"article\" \/>\n<meta property=\"og:title\" content=\"Fis Alishani - Hodaj &amp; Partners L.L.C.\" \/>\n<meta property=\"og:description\" content=\"FIS ALISHANI ATTORNEY AT LAW Main Areas of Expertise &amp; Career Summary Mr. Fis Alishani works as Attorney at Law at Hodaj &amp; Partners since August 2024. His scope of&hellip;\" \/>\n<meta property=\"og:url\" content=\"https:\/\/hodajlaw.com\/sq\/about-us\/team\/fis-alishani\/\" \/>\n<meta property=\"og:site_name\" content=\"Hodaj &amp; Partners L.L.C.\" \/>\n<meta property=\"article:modified_time\" content=\"2024-09-05T18:32:37+00:00\" \/>\n<meta property=\"og:image\" content=\"https:\/\/hodajlaw.com\/wp-content\/uploads\/2021\/01\/Zeliha-Mallaku.jpg\" \/>\n\t<meta property=\"og:image:width\" content=\"1200\" \/>\n\t<meta property=\"og:image:height\" content=\"1798\" \/>\n\t<meta property=\"og:image:type\" content=\"image\/jpeg\" \/>\n<meta name=\"twitter:card\" content=\"summary_large_image\" \/>\n<meta name=\"twitter:image\" content=\"https:\/\/hodajlaw.com\/wp-content\/uploads\/2021\/01\/Zeliha-Mallaku.jpg\" \/>\n<meta name=\"twitter:label1\" content=\"Est. reading time\" \/>\n\t<meta name=\"twitter:data1\" content=\"1 minut\u00eb\" \/>\n<script type=\"application\/ld+json\" class=\"yoast-schema-graph\">{\"@context\":\"https:\\\/\\\/schema.org\",\"@graph\":[{\"@type\":\"WebPage\",\"@id\":\"https:\\\/\\\/hodajlaw.com\\\/about-us\\\/team\\\/fis-alishani\\\/\",\"url\":\"https:\\\/\\\/hodajlaw.com\\\/about-us\\\/team\\\/fis-alishani\\\/\",\"name\":\"Fis Alishani - Hodaj &amp; Partners L.L.C.\",\"isPartOf\":{\"@id\":\"https:\\\/\\\/hodajlaw.com\\\/#website\"},\"primaryImageOfPage\":{\"@id\":\"https:\\\/\\\/hodajlaw.com\\\/about-us\\\/team\\\/fis-alishani\\\/#primaryimage\"},\"image\":{\"@id\":\"https:\\\/\\\/hodajlaw.com\\\/about-us\\\/team\\\/fis-alishani\\\/#primaryimage\"},\"thumbnailUrl\":\"https:\\\/\\\/hodajlaw.com\\\/wp-content\\\/uploads\\\/2024\\\/01\\\/placeholder-637.png\",\"datePublished\":\"2024-09-05T18:05:27+00:00\",\"dateModified\":\"2024-09-05T18:32:37+00:00\",\"breadcrumb\":{\"@id\":\"https:\\\/\\\/hodajlaw.com\\\/about-us\\\/team\\\/fis-alishani\\\/#breadcrumb\"},\"inLanguage\":\"sq\",\"potentialAction\":[{\"@type\":\"ReadAction\",\"target\":[\"https:\\\/\\\/hodajlaw.com\\\/about-us\\\/team\\\/fis-alishani\\\/\"]}]},{\"@type\":\"ImageObject\",\"inLanguage\":\"sq\",\"@id\":\"https:\\\/\\\/hodajlaw.com\\\/about-us\\\/team\\\/fis-alishani\\\/#primaryimage\",\"url\":\"https:\\\/\\\/hodajlaw.com\\\/wp-content\\\/uploads\\\/2024\\\/01\\\/placeholder-637.png\",\"contentUrl\":\"https:\\\/\\\/hodajlaw.com\\\/wp-content\\\/uploads\\\/2024\\\/01\\\/placeholder-637.png\"},{\"@type\":\"BreadcrumbList\",\"@id\":\"https:\\\/\\\/hodajlaw.com\\\/about-us\\\/team\\\/fis-alishani\\\/#breadcrumb\",\"itemListElement\":[{\"@type\":\"ListItem\",\"position\":1,\"name\":\"Home\",\"item\":\"https:\\\/\\\/hodajlaw.com\\\/\"},{\"@type\":\"ListItem\",\"position\":2,\"name\":\"About\",\"item\":\"https:\\\/\\\/hodajlaw.com\\\/about-us\\\/\"},{\"@type\":\"ListItem\",\"position\":3,\"name\":\"Team\",\"item\":\"https:\\\/\\\/hodajlaw.com\\\/about-us\\\/team\\\/\"},{\"@type\":\"ListItem\",\"position\":4,\"name\":\"Fis Alishani\"}]},{\"@type\":\"WebSite\",\"@id\":\"https:\\\/\\\/hodajlaw.com\\\/#website\",\"url\":\"https:\\\/\\\/hodajlaw.com\\\/\",\"name\":\"Hodaj &amp; Partners L.L.C.\",\"description\":\"Hodaj &amp; Partners\",\"potentialAction\":[{\"@type\":\"SearchAction\",\"target\":{\"@type\":\"EntryPoint\",\"urlTemplate\":\"https:\\\/\\\/hodajlaw.com\\\/?s={search_term_string}\"},\"query-input\":{\"@type\":\"PropertyValueSpecification\",\"valueRequired\":true,\"valueName\":\"search_term_string\"}}],\"inLanguage\":\"sq\"}]}<\/script>\n<!-- \/ Yoast SEO plugin. -->","yoast_head_json":{"title":"Fis Alishani - Hodaj &amp; Partners L.L.C.","robots":{"index":"index","follow":"follow","max-snippet":"max-snippet:-1","max-image-preview":"max-image-preview:large","max-video-preview":"max-video-preview:-1"},"canonical":"https:\/\/hodajlaw.com\/sq\/about-us\/team\/fis-alishani\/","og_locale":"sq_AL","og_type":"article","og_title":"Fis Alishani - Hodaj &amp; Partners L.L.C.","og_description":"FIS ALISHANI ATTORNEY AT LAW Main Areas of Expertise &amp; Career Summary Mr. Fis Alishani works as Attorney at Law at Hodaj &amp; Partners since August 2024. His scope of&hellip;","og_url":"https:\/\/hodajlaw.com\/sq\/about-us\/team\/fis-alishani\/","og_site_name":"Hodaj &amp; Partners L.L.C.","article_modified_time":"2024-09-05T18:32:37+00:00","og_image":[{"width":1200,"height":1798,"url":"https:\/\/hodajlaw.com\/wp-content\/uploads\/2021\/01\/Zeliha-Mallaku.jpg","type":"image\/jpeg"}],"twitter_card":"summary_large_image","twitter_image":"https:\/\/hodajlaw.com\/wp-content\/uploads\/2021\/01\/Zeliha-Mallaku.jpg","twitter_misc":{"Est. reading time":"1 minut\u00eb"},"schema":{"@context":"https:\/\/schema.org","@graph":[{"@type":"WebPage","@id":"https:\/\/hodajlaw.com\/about-us\/team\/fis-alishani\/","url":"https:\/\/hodajlaw.com\/about-us\/team\/fis-alishani\/","name":"Fis Alishani - Hodaj &amp; Partners L.L.C.","isPartOf":{"@id":"https:\/\/hodajlaw.com\/#website"},"primaryImageOfPage":{"@id":"https:\/\/hodajlaw.com\/about-us\/team\/fis-alishani\/#primaryimage"},"image":{"@id":"https:\/\/hodajlaw.com\/about-us\/team\/fis-alishani\/#primaryimage"},"thumbnailUrl":"https:\/\/hodajlaw.com\/wp-content\/uploads\/2024\/01\/placeholder-637.png","datePublished":"2024-09-05T18:05:27+00:00","dateModified":"2024-09-05T18:32:37+00:00","breadcrumb":{"@id":"https:\/\/hodajlaw.com\/about-us\/team\/fis-alishani\/#breadcrumb"},"inLanguage":"sq","potentialAction":[{"@type":"ReadAction","target":["https:\/\/hodajlaw.com\/about-us\/team\/fis-alishani\/"]}]},{"@type":"ImageObject","inLanguage":"sq","@id":"https:\/\/hodajlaw.com\/about-us\/team\/fis-alishani\/#primaryimage","url":"https:\/\/hodajlaw.com\/wp-content\/uploads\/2024\/01\/placeholder-637.png","contentUrl":"https:\/\/hodajlaw.com\/wp-content\/uploads\/2024\/01\/placeholder-637.png"},{"@type":"BreadcrumbList","@id":"https:\/\/hodajlaw.com\/about-us\/team\/fis-alishani\/#breadcrumb","itemListElement":[{"@type":"ListItem","position":1,"name":"Home","item":"https:\/\/hodajlaw.com\/"},{"@type":"ListItem","position":2,"name":"About","item":"https:\/\/hodajlaw.com\/about-us\/"},{"@type":"ListItem","position":3,"name":"Team","item":"https:\/\/hodajlaw.com\/about-us\/team\/"},{"@type":"ListItem","position":4,"name":"Fis Alishani"}]},{"@type":"WebSite","@id":"https:\/\/hodajlaw.com\/#website","url":"https:\/\/hodajlaw.com\/","name":"Hodaj &amp; Partners L.L.C.","description":"Hodaj &amp; Partners","potentialAction":[{"@type":"SearchAction","target":{"@type":"EntryPoint","urlTemplate":"https:\/\/hodajlaw.com\/?s={search_term_string}"},"query-input":{"@type":"PropertyValueSpecification","valueRequired":true,"valueName":"search_term_string"}}],"inLanguage":"sq"}]}},"_links":{"self":[{"href":"https:\/\/hodajlaw.com\/sq\/wp-json\/wp\/v2\/pages\/6273","targetHints":{"allow":["GET"]}}],"collection":[{"href":"https:\/\/hodajlaw.com\/sq\/wp-json\/wp\/v2\/pages"}],"about":[{"href":"https:\/\/hodajlaw.com\/sq\/wp-json\/wp\/v2\/types\/page"}],"author":[{"embeddable":true,"href":"https:\/\/hodajlaw.com\/sq\/wp-json\/wp\/v2\/users\/8"}],"replies":[{"embeddable":true,"href":"https:\/\/hodajlaw.com\/sq\/wp-json\/wp\/v2\/comments?post=6273"}],"version-history":[{"count":10,"href":"https:\/\/hodajlaw.com\/sq\/wp-json\/wp\/v2\/pages\/6273\/revisions"}],"predecessor-version":[{"id":6349,"href":"https:\/\/hodajlaw.com\/sq\/wp-json\/wp\/v2\/pages\/6273\/revisions\/6349"}],"up":[{"embeddable":true,"href":"https:\/\/hodajlaw.com\/sq\/wp-json\/wp\/v2\/pages\/1111"}],"wp:attachment":[{"href":"https:\/\/hodajlaw.com\/sq\/wp-json\/wp\/v2\/media?parent=6273"}],"curies":[{"name":"wp","href":"https:\/\/api.w.org\/{rel}","templated":true}]}}