{"id":6562,"date":"2025-04-01T12:29:34","date_gmt":"2025-04-01T12:29:34","guid":{"rendered":"https:\/\/hodajlaw.com\/?page_id=6562"},"modified":"2025-04-01T12:45:40","modified_gmt":"2025-04-01T12:45:40","slug":"taulant-javori","status":"publish","type":"page","link":"https:\/\/hodajlaw.com\/sq\/about-us\/taulant-javori\/","title":{"rendered":"Taulant Javori"},"content":{"rendered":"<div data-elementor-type=\"wp-page\" data-elementor-id=\"6562\" class=\"elementor elementor-6562\">\n\t\t\t\t\t\t<section class=\"penci-section penci-dmcheck penci-elbg-activate penci-disSticky penci-structure-10 elementor-section elementor-top-section elementor-element elementor-element-2a7e067 elementor-section-boxed elementor-section-height-default elementor-section-height-default\" data-id=\"2a7e067\" data-element_type=\"section\" data-e-type=\"section\" data-settings=\"{&quot;background_background&quot;:&quot;classic&quot;}\">\n\t\t\t\t\t\t<div class=\"elementor-container elementor-column-gap-default\">\n\t\t\t\t\t<div class=\"penci-ercol-100 penci-ercol-order-1 penci-sticky-ct    elementor-column elementor-col-100 elementor-top-column elementor-element elementor-element-5ad53ca\" data-id=\"5ad53ca\" data-element_type=\"column\" data-e-type=\"column\">\n\t\t\t<div class=\"elementor-widget-wrap elementor-element-populated\">\n\t\t\t\t\t\t<div class=\"elementor-element elementor-element-0486e8e elementor-widget elementor-widget-penci-fancy_heading\" data-id=\"0486e8e\" data-element_type=\"widget\" data-e-type=\"widget\" data-widget_type=\"penci-fancy_heading.default\">\n\t\t\t\t<div class=\"elementor-widget-container\">\n\t\t\t\t\t\t\t<div class=\"penci-fancy-heading penci-heading-text-left\">\n\t\t\t<div class=\"penci-fancy-heading-inner\">\n\t\t\t\t<h2 class=\"penci-heading-title\"><span class=\"inner-tit\">TAULANT JAVORI<\/span><\/h2><div class=\"penci-heading-content entry-content\"><p>Bashk\u00ebpun\u00ebtor i lart\u00eb<\/p>\n<\/div>\t\t\t<\/div>\n\t\t<\/div>\n\t\t\t\t\t\t<\/div>\n\t\t\t\t<\/div>\n\t\t\t\t\t<\/div>\n\t\t<\/div>\n\t\t\t\t\t<\/div>\n\t\t<\/section>\n\t\t<div class=\"elementor-element elementor-element-70d8a2a e-flex e-con-boxed e-con e-parent\" data-id=\"70d8a2a\" data-element_type=\"container\" data-e-type=\"container\">\n\t\t\t\t\t<div class=\"e-con-inner\">\n\t\t<div class=\"elementor-element elementor-element-882cf7b e-con-full e-flex e-con e-child\" data-id=\"882cf7b\" data-element_type=\"container\" data-e-type=\"container\">\n\t\t\t\t<div class=\"elementor-element elementor-element-be36828 elementor-widget elementor-widget-image\" data-id=\"be36828\" data-element_type=\"widget\" data-e-type=\"widget\" data-widget_type=\"image.default\">\n\t\t\t\t<div class=\"elementor-widget-container\">\n\t\t\t\t\t\t\t\t\t\t\t\t\t\t\t<img fetchpriority=\"high\" decoding=\"async\" width=\"1024\" height=\"1536\" src=\"https:\/\/hodajlaw.com\/wp-content\/uploads\/2025\/04\/Hodaj-Law1.1-1024x1536.jpg\" class=\"attachment-1536x1536 size-1536x1536 wp-image-6556\" alt=\"\" srcset=\"https:\/\/hodajlaw.com\/wp-content\/uploads\/2025\/04\/Hodaj-Law1.1-1024x1536.jpg 1024w, https:\/\/hodajlaw.com\/wp-content\/uploads\/2025\/04\/Hodaj-Law1.1-200x300.jpg 200w, https:\/\/hodajlaw.com\/wp-content\/uploads\/2025\/04\/Hodaj-Law1.1-683x1024.jpg 683w, https:\/\/hodajlaw.com\/wp-content\/uploads\/2025\/04\/Hodaj-Law1.1-768x1152.jpg 768w, https:\/\/hodajlaw.com\/wp-content\/uploads\/2025\/04\/Hodaj-Law1.1-1365x2048.jpg 1365w, https:\/\/hodajlaw.com\/wp-content\/uploads\/2025\/04\/Hodaj-Law1.1-8x12.jpg 8w, https:\/\/hodajlaw.com\/wp-content\/uploads\/2025\/04\/Hodaj-Law1.1-1920x2880.jpg 1920w, https:\/\/hodajlaw.com\/wp-content\/uploads\/2025\/04\/Hodaj-Law1.1-1170x1755.jpg 1170w, https:\/\/hodajlaw.com\/wp-content\/uploads\/2025\/04\/Hodaj-Law1.1-585x878.jpg 585w, https:\/\/hodajlaw.com\/wp-content\/uploads\/2025\/04\/Hodaj-Law1.1-scaled.jpg 1707w\" sizes=\"(max-width: 1024px) 100vw, 1024px\" \/>\t\t\t\t\t\t\t\t\t\t\t\t\t\t\t<\/div>\n\t\t\t\t<\/div>\n\t\t\t\t<\/div>\n\t\t<div class=\"elementor-element elementor-element-e7ee47a e-con-full e-flex e-con e-child\" data-id=\"e7ee47a\" data-element_type=\"container\" data-e-type=\"container\">\n\t\t\t\t<div class=\"elementor-element elementor-element-9fff1d8 elementor-widget elementor-widget-penci-text-block\" data-id=\"9fff1d8\" data-element_type=\"widget\" data-e-type=\"widget\" data-widget_type=\"penci-text-block.default\">\n\t\t\t\t<div class=\"elementor-widget-container\">\n\t\t\t\t\t\t\t<div class=\"penci-block-vc penci-text-editor\">\n\t\t\t\t\t\t<div class=\"penci-block_content\">\n\t\t\t\t<div class=\"elementor-text-editor elementor-clearfix\"><p><span style=\"font-size: x-large;\"><strong>Fushat e Ekspertiz\u00ebs &amp; P\u00ebrvoja Profesionale<\/strong><\/span><\/p><p><span style=\"font-size: x-large;\"><strong><br><\/strong><\/span><\/p>\n<p><strong>Mr. Taulant Javori<\/strong> is Senior Associate at Hodaj Partners specializes in construction and infrastructure law, energy, major projects, and commercial transactions. His practice includes advising on Public-Private Partnerships, Energy, Engineering, Procurement, and Construction (EPC) contracts, and regulatory compliance.<br>\nBefore joining Hodaj &amp; Partners, Mr. Javori worked at leading law firms in Australia and the UK, where he advised on large-scale infrastructure and energy projects. He has extensive experience in contract negotiation, risk management, and front-end project advisory.<\/p><p><br><\/p>\n<p><b>Gjuh\u00ebt<\/b><br>\nShqip, anglisht<\/p><p><br><\/p>\n<p><b>Edukimi:<\/b><\/p>\n<p>2018, La Trobe University, Bachelor of Laws (LL.B)<br>\n2015, Navitas College of Public Safety, Bachelor of Criminology and Justice<\/p><\/div>\n\t\t\t<\/div>\n\t\t<\/div>\n\t\t\t\t\t\t<\/div>\n\t\t\t\t<\/div>\n\t\t\t\t<\/div>\n\t\t\t\t\t<\/div>\n\t\t\t\t<\/div>\n\t\t\t\t<\/div>","protected":false},"excerpt":{"rendered":"<p>TAULANT JAVORI Senior Associate Main Areas of Expertise &amp; Career Summary Mr. Taulant Javori is Senior Associate at Hodaj Partners specializes in construction and infrastructure law, energy, major projects, and&hellip;<\/p>","protected":false},"author":7,"featured_media":0,"parent":1370,"menu_order":0,"comment_status":"closed","ping_status":"closed","template":"elementor_header_footer","meta":{"_lmt_disableupdate":"","_lmt_disable":"","footnotes":""},"class_list":["post-6562","page","type-page","status-publish","hentry"],"yoast_head":"<!-- This site is optimized with the Yoast SEO plugin v26.8 - https:\/\/yoast.com\/product\/yoast-seo-wordpress\/ -->\n<title>Taulant Javori - Hodaj &amp; Partners L.L.C.<\/title>\n<meta name=\"robots\" content=\"index, follow, max-snippet:-1, max-image-preview:large, max-video-preview:-1\" \/>\n<link rel=\"canonical\" href=\"https:\/\/hodajlaw.com\/sq\/about-us\/taulant-javori\/\" \/>\n<meta property=\"og:locale\" content=\"sq_AL\" \/>\n<meta property=\"og:type\" content=\"article\" \/>\n<meta property=\"og:title\" content=\"Taulant Javori - Hodaj &amp; Partners L.L.C.\" \/>\n<meta property=\"og:description\" content=\"TAULANT JAVORI Senior Associate Main Areas of Expertise &amp; Career Summary Mr. Taulant Javori is Senior Associate at Hodaj Partners specializes in construction and infrastructure law, energy, major projects, and&hellip;\" \/>\n<meta property=\"og:url\" content=\"https:\/\/hodajlaw.com\/sq\/about-us\/taulant-javori\/\" \/>\n<meta property=\"og:site_name\" content=\"Hodaj &amp; Partners L.L.C.\" \/>\n<meta property=\"article:modified_time\" content=\"2025-04-01T12:45:40+00:00\" \/>\n<meta property=\"og:image\" content=\"https:\/\/hodajlaw.com\/wp-content\/uploads\/2025\/04\/Hodaj-Law1.1-1024x1536.jpg\" \/>\n<meta name=\"twitter:card\" content=\"summary_large_image\" \/>\n<meta name=\"twitter:label1\" content=\"Est. reading time\" \/>\n\t<meta name=\"twitter:data1\" content=\"1 minut\u00eb\" \/>\n<script type=\"application\/ld+json\" class=\"yoast-schema-graph\">{\"@context\":\"https:\/\/schema.org\",\"@graph\":[{\"@type\":\"WebPage\",\"@id\":\"https:\/\/hodajlaw.com\/about-us\/taulant-javori\/\",\"url\":\"https:\/\/hodajlaw.com\/about-us\/taulant-javori\/\",\"name\":\"Taulant Javori - Hodaj &amp; Partners L.L.C.\",\"isPartOf\":{\"@id\":\"https:\/\/hodajlaw.com\/#website\"},\"primaryImageOfPage\":{\"@id\":\"https:\/\/hodajlaw.com\/about-us\/taulant-javori\/#primaryimage\"},\"image\":{\"@id\":\"https:\/\/hodajlaw.com\/about-us\/taulant-javori\/#primaryimage\"},\"thumbnailUrl\":\"https:\/\/hodajlaw.com\/wp-content\/uploads\/2025\/04\/Hodaj-Law1.1-1024x1536.jpg\",\"datePublished\":\"2025-04-01T12:29:34+00:00\",\"dateModified\":\"2025-04-01T12:45:40+00:00\",\"breadcrumb\":{\"@id\":\"https:\/\/hodajlaw.com\/about-us\/taulant-javori\/#breadcrumb\"},\"inLanguage\":\"sq\",\"potentialAction\":[{\"@type\":\"ReadAction\",\"target\":[\"https:\/\/hodajlaw.com\/about-us\/taulant-javori\/\"]}]},{\"@type\":\"ImageObject\",\"inLanguage\":\"sq\",\"@id\":\"https:\/\/hodajlaw.com\/about-us\/taulant-javori\/#primaryimage\",\"url\":\"https:\/\/hodajlaw.com\/wp-content\/uploads\/2025\/04\/Hodaj-Law1.1-1024x1536.jpg\",\"contentUrl\":\"https:\/\/hodajlaw.com\/wp-content\/uploads\/2025\/04\/Hodaj-Law1.1-1024x1536.jpg\"},{\"@type\":\"BreadcrumbList\",\"@id\":\"https:\/\/hodajlaw.com\/about-us\/taulant-javori\/#breadcrumb\",\"itemListElement\":[{\"@type\":\"ListItem\",\"position\":1,\"name\":\"Home\",\"item\":\"https:\/\/hodajlaw.com\/\"},{\"@type\":\"ListItem\",\"position\":2,\"name\":\"About\",\"item\":\"https:\/\/hodajlaw.com\/about-us\/\"},{\"@type\":\"ListItem\",\"position\":3,\"name\":\"Taulant Javori\"}]},{\"@type\":\"WebSite\",\"@id\":\"https:\/\/hodajlaw.com\/#website\",\"url\":\"https:\/\/hodajlaw.com\/\",\"name\":\"Hodaj &amp; Partners L.L.C.\",\"description\":\"Hodaj &amp; Partners\",\"potentialAction\":[{\"@type\":\"SearchAction\",\"target\":{\"@type\":\"EntryPoint\",\"urlTemplate\":\"https:\/\/hodajlaw.com\/?s={search_term_string}\"},\"query-input\":{\"@type\":\"PropertyValueSpecification\",\"valueRequired\":true,\"valueName\":\"search_term_string\"}}],\"inLanguage\":\"sq\"}]}<\/script>\n<!-- \/ Yoast SEO plugin. -->","yoast_head_json":{"title":"Taulant Javori - Hodaj &amp; Partners L.L.C.","robots":{"index":"index","follow":"follow","max-snippet":"max-snippet:-1","max-image-preview":"max-image-preview:large","max-video-preview":"max-video-preview:-1"},"canonical":"https:\/\/hodajlaw.com\/sq\/about-us\/taulant-javori\/","og_locale":"sq_AL","og_type":"article","og_title":"Taulant Javori - Hodaj &amp; Partners L.L.C.","og_description":"TAULANT JAVORI Senior Associate Main Areas of Expertise &amp; Career Summary Mr. Taulant Javori is Senior Associate at Hodaj Partners specializes in construction and infrastructure law, energy, major projects, and&hellip;","og_url":"https:\/\/hodajlaw.com\/sq\/about-us\/taulant-javori\/","og_site_name":"Hodaj &amp; Partners L.L.C.","article_modified_time":"2025-04-01T12:45:40+00:00","og_image":[{"url":"https:\/\/hodajlaw.com\/wp-content\/uploads\/2025\/04\/Hodaj-Law1.1-1024x1536.jpg","type":"","width":"","height":""}],"twitter_card":"summary_large_image","twitter_misc":{"Est. reading time":"1 minut\u00eb"},"schema":{"@context":"https:\/\/schema.org","@graph":[{"@type":"WebPage","@id":"https:\/\/hodajlaw.com\/about-us\/taulant-javori\/","url":"https:\/\/hodajlaw.com\/about-us\/taulant-javori\/","name":"Taulant Javori - Hodaj &amp; Partners L.L.C.","isPartOf":{"@id":"https:\/\/hodajlaw.com\/#website"},"primaryImageOfPage":{"@id":"https:\/\/hodajlaw.com\/about-us\/taulant-javori\/#primaryimage"},"image":{"@id":"https:\/\/hodajlaw.com\/about-us\/taulant-javori\/#primaryimage"},"thumbnailUrl":"https:\/\/hodajlaw.com\/wp-content\/uploads\/2025\/04\/Hodaj-Law1.1-1024x1536.jpg","datePublished":"2025-04-01T12:29:34+00:00","dateModified":"2025-04-01T12:45:40+00:00","breadcrumb":{"@id":"https:\/\/hodajlaw.com\/about-us\/taulant-javori\/#breadcrumb"},"inLanguage":"sq","potentialAction":[{"@type":"ReadAction","target":["https:\/\/hodajlaw.com\/about-us\/taulant-javori\/"]}]},{"@type":"ImageObject","inLanguage":"sq","@id":"https:\/\/hodajlaw.com\/about-us\/taulant-javori\/#primaryimage","url":"https:\/\/hodajlaw.com\/wp-content\/uploads\/2025\/04\/Hodaj-Law1.1-1024x1536.jpg","contentUrl":"https:\/\/hodajlaw.com\/wp-content\/uploads\/2025\/04\/Hodaj-Law1.1-1024x1536.jpg"},{"@type":"BreadcrumbList","@id":"https:\/\/hodajlaw.com\/about-us\/taulant-javori\/#breadcrumb","itemListElement":[{"@type":"ListItem","position":1,"name":"Home","item":"https:\/\/hodajlaw.com\/"},{"@type":"ListItem","position":2,"name":"About","item":"https:\/\/hodajlaw.com\/about-us\/"},{"@type":"ListItem","position":3,"name":"Taulant Javori"}]},{"@type":"WebSite","@id":"https:\/\/hodajlaw.com\/#website","url":"https:\/\/hodajlaw.com\/","name":"Hodaj &amp; Partners L.L.C.","description":"Hodaj &amp; Partners","potentialAction":[{"@type":"SearchAction","target":{"@type":"EntryPoint","urlTemplate":"https:\/\/hodajlaw.com\/?s={search_term_string}"},"query-input":{"@type":"PropertyValueSpecification","valueRequired":true,"valueName":"search_term_string"}}],"inLanguage":"sq"}]}},"_links":{"self":[{"href":"https:\/\/hodajlaw.com\/sq\/wp-json\/wp\/v2\/pages\/6562","targetHints":{"allow":["GET"]}}],"collection":[{"href":"https:\/\/hodajlaw.com\/sq\/wp-json\/wp\/v2\/pages"}],"about":[{"href":"https:\/\/hodajlaw.com\/sq\/wp-json\/wp\/v2\/types\/page"}],"author":[{"embeddable":true,"href":"https:\/\/hodajlaw.com\/sq\/wp-json\/wp\/v2\/users\/7"}],"replies":[{"embeddable":true,"href":"https:\/\/hodajlaw.com\/sq\/wp-json\/wp\/v2\/comments?post=6562"}],"version-history":[{"count":22,"href":"https:\/\/hodajlaw.com\/sq\/wp-json\/wp\/v2\/pages\/6562\/revisions"}],"predecessor-version":[{"id":6596,"href":"https:\/\/hodajlaw.com\/sq\/wp-json\/wp\/v2\/pages\/6562\/revisions\/6596"}],"up":[{"embeddable":true,"href":"https:\/\/hodajlaw.com\/sq\/wp-json\/wp\/v2\/pages\/1370"}],"wp:attachment":[{"href":"https:\/\/hodajlaw.com\/sq\/wp-json\/wp\/v2\/media?parent=6562"}],"curies":[{"name":"wp","href":"https:\/\/api.w.org\/{rel}","templated":true}]}}