{"id":6768,"date":"2026-01-22T19:54:33","date_gmt":"2026-01-22T19:54:33","guid":{"rendered":"https:\/\/hodajlaw.com\/?page_id=6768"},"modified":"2026-01-22T19:58:02","modified_gmt":"2026-01-22T19:58:02","slug":"shkreptim-mallaku","status":"publish","type":"page","link":"https:\/\/hodajlaw.com\/sq\/about-us\/team\/shkreptim-mallaku\/","title":{"rendered":"Z. Shkreptim Mallaku"},"content":{"rendered":"<div data-elementor-type=\"wp-page\" data-elementor-id=\"6768\" class=\"elementor elementor-6768\">\n\t\t\t\t\t\t<section class=\"penci-section penci-dmcheck penci-elbg-activate penci-disSticky penci-structure-10 elementor-section elementor-top-section elementor-element elementor-element-25dc58fc elementor-section-boxed elementor-section-height-default elementor-section-height-default\" data-id=\"25dc58fc\" data-element_type=\"section\" data-e-type=\"section\" data-settings=\"{&quot;background_background&quot;:&quot;classic&quot;}\">\n\t\t\t\t\t\t<div class=\"elementor-container elementor-column-gap-default\">\n\t\t\t\t\t<div class=\"penci-ercol-100 penci-ercol-order-1 penci-sticky-ct    elementor-column elementor-col-100 elementor-top-column elementor-element elementor-element-5c095f35\" data-id=\"5c095f35\" data-element_type=\"column\" data-e-type=\"column\">\n\t\t\t<div class=\"elementor-widget-wrap elementor-element-populated\">\n\t\t\t\t\t\t<div class=\"elementor-element elementor-element-17fe2137 elementor-widget elementor-widget-penci-fancy_heading\" data-id=\"17fe2137\" data-element_type=\"widget\" data-e-type=\"widget\" data-widget_type=\"penci-fancy_heading.default\">\n\t\t\t\t<div class=\"elementor-widget-container\">\n\t\t\t\t\t\t\t<div class=\"penci-fancy-heading penci-heading-text-left\">\n\t\t\t<div class=\"penci-fancy-heading-inner\">\n\t\t\t\t<h2 class=\"penci-heading-title\"><span class=\"inner-tit\">SHkreptim mallaku<\/span><\/h2><div class=\"penci-heading-content entry-content\"><p>Attorney at Law, Of Counsel<\/p>\n<\/div>\t\t\t<\/div>\n\t\t<\/div>\n\t\t\t\t\t\t<\/div>\n\t\t\t\t<\/div>\n\t\t\t\t\t<\/div>\n\t\t<\/div>\n\t\t\t\t\t<\/div>\n\t\t<\/section>\n\t\t<div class=\"elementor-element elementor-element-9eabc01 e-flex e-con-boxed e-con e-parent\" data-id=\"9eabc01\" data-element_type=\"container\" data-e-type=\"container\">\n\t\t\t\t\t<div class=\"e-con-inner\">\n\t\t<div class=\"elementor-element elementor-element-336bf2e e-con-full e-flex e-con e-child\" data-id=\"336bf2e\" data-element_type=\"container\" data-e-type=\"container\">\n\t\t\t\t<div class=\"elementor-element elementor-element-6faffcb elementor-widget elementor-widget-image\" data-id=\"6faffcb\" data-element_type=\"widget\" data-e-type=\"widget\" data-widget_type=\"image.default\">\n\t\t\t\t<div class=\"elementor-widget-container\">\n\t\t\t\t\t\t\t\t\t\t\t\t\t\t\t<img fetchpriority=\"high\" decoding=\"async\" width=\"1225\" height=\"1536\" src=\"https:\/\/hodajlaw.com\/wp-content\/uploads\/2026\/01\/DSC0367211-scaled-1-1225x1536.jpg\" class=\"attachment-1536x1536 size-1536x1536 wp-image-6770\" alt=\"\" srcset=\"https:\/\/hodajlaw.com\/wp-content\/uploads\/2026\/01\/DSC0367211-scaled-1-1225x1536.jpg 1225w, https:\/\/hodajlaw.com\/wp-content\/uploads\/2026\/01\/DSC0367211-scaled-1-239x300.jpg 239w, https:\/\/hodajlaw.com\/wp-content\/uploads\/2026\/01\/DSC0367211-scaled-1-817x1024.jpg 817w, https:\/\/hodajlaw.com\/wp-content\/uploads\/2026\/01\/DSC0367211-scaled-1-768x963.jpg 768w, https:\/\/hodajlaw.com\/wp-content\/uploads\/2026\/01\/DSC0367211-scaled-1-1634x2048.jpg 1634w, https:\/\/hodajlaw.com\/wp-content\/uploads\/2026\/01\/DSC0367211-scaled-1-10x12.jpg 10w, https:\/\/hodajlaw.com\/wp-content\/uploads\/2026\/01\/DSC0367211-scaled-1-1920x2407.jpg 1920w, https:\/\/hodajlaw.com\/wp-content\/uploads\/2026\/01\/DSC0367211-scaled-1-1170x1467.jpg 1170w, https:\/\/hodajlaw.com\/wp-content\/uploads\/2026\/01\/DSC0367211-scaled-1-585x733.jpg 585w, https:\/\/hodajlaw.com\/wp-content\/uploads\/2026\/01\/DSC0367211-scaled-1.jpg 2042w\" sizes=\"(max-width: 1225px) 100vw, 1225px\" \/>\t\t\t\t\t\t\t\t\t\t\t\t\t\t\t<\/div>\n\t\t\t\t<\/div>\n\t\t\t\t<\/div>\n\t\t<div class=\"elementor-element elementor-element-3c7dfb2 e-con-full e-flex e-con e-child\" data-id=\"3c7dfb2\" data-element_type=\"container\" data-e-type=\"container\">\n\t\t\t\t<div class=\"elementor-element elementor-element-210c334 elementor-widget elementor-widget-penci-text-block\" data-id=\"210c334\" data-element_type=\"widget\" data-e-type=\"widget\" data-widget_type=\"penci-text-block.default\">\n\t\t\t\t<div class=\"elementor-widget-container\">\n\t\t\t\t\t\t\t<div class=\"penci-block-vc penci-text-editor\">\n\t\t\t\t\t\t<div class=\"penci-block_content\">\n\t\t\t\t<div class=\"elementor-text-editor elementor-clearfix\"><p><span style=\"font-size: x-large;\"><strong>Fushat e Ekspertiz\u00ebs &amp; P\u00ebrvoja Profesionale<\/strong><\/span><\/p><p><strong>Mr. <\/strong><strong>Z. Shkreptim Mallaku<\/strong> \u00ebsht\u00eb partner n\u00eb firm\u00ebn ton\u00eb dhe ushtron profesionin n\u00eb Nju Jork, ku fokusohet n\u00eb t\u00eb drejt\u00ebn e emigracionit t\u00eb Shteteve t\u00eb Bashkuara. Ai k\u00ebshillon individ\u00eb, familje, sip\u00ebrmarr\u00ebs dhe biznese p\u00ebr \u00e7\u00ebshtje komplekse ligjore dhe rregullatore, duke ofruar p\u00ebrfaq\u00ebsim strategjik t\u00eb orientuar drejt rezultateve.<\/p><p>\u00a0<\/p><p>Praktika e tij p\u00ebrfshin emigracionin familjar dhe t\u00eb bazuar n\u00eb pun\u00ebsim, mbrojtjen n\u00eb procedurat e d\u00ebbimit, azilin dhe natyralizimin, me p\u00ebrvoj\u00eb t\u00eb ve\u00e7ant\u00eb n\u00eb sigurimin e vizave EB-1 dhe O-1 p\u00ebr individ\u00eb me aft\u00ebsi t\u00eb jasht\u00ebzakonshme. Ai gjithashtu k\u00ebshillon kompani amerikane dhe sip\u00ebrmarr\u00ebs t\u00eb huaj mbi strategjit\u00eb e emigracionit t\u00eb fuqis\u00eb pun\u00ebtore, p\u00ebrfshir\u00eb sponsorizimin p\u00ebr vizat H-1B dhe L-1, si dhe planifikimin afatgjat\u00eb t\u00eb emigracionit.<\/p><p>\u00a0<\/p><p>P\u00ebr m\u00eb tep\u00ebr, Z. Mallaku sjell p\u00ebrvoj\u00eb t\u00eb gjer\u00eb n\u00eb mb\u00ebshtetjen e proceseve gjyq\u00ebsore, konsulenc\u00ebn n\u00eb fush\u00ebn e emigracionit dhe zgjidhje ligjore t\u00eb bazuara n\u00eb teknologji, duke i mund\u00ebsuar atij t\u00eb ofroj\u00eb udh\u00ebzim t\u00eb qart\u00eb dhe efikas nd\u00ebrsa avancon objektivat afatgjata t\u00eb klient\u00ebve. N\u00eb praktik\u00ebn e tij t\u00eb pasurive t\u00eb paluajtshme, ai p\u00ebrfaq\u00ebson bler\u00ebs, shit\u00ebs, investitor\u00eb dhe biznese t\u00eb vogla n\u00eb transaksione rezidenciale dhe komerciale, negocimin dhe shqyrtimin e kontratave, verifikimin e kujdessh\u00ebm (due diligence) dhe mosmarr\u00ebveshje t\u00eb lidhura, me fokus t\u00eb fort\u00eb n\u00eb minimizimin e rreziqeve dhe mbrojtjen e interesave t\u00eb klient\u00ebve.<\/p><p>\u00a0<\/p><p>Me nj\u00eb angazhim t\u00eb fort\u00eb ndaj avokimit dhe profesionalizmit, Shkreptim Mallaku ofron zgjidhje ligjore t\u00eb personalizuara, t\u00eb dizajnuara p\u00ebr t\u00eb adresuar rrethanat unike t\u00eb \u00e7do klienti.<\/p><p>\u00a0<\/p><p><strong>Gjuh\u00ebt: Shqip, anglisht<\/strong> Shqip, anglisht<\/p><\/div>\n\t\t\t<\/div>\n\t\t<\/div>\n\t\t\t\t\t\t<\/div>\n\t\t\t\t<\/div>\n\t\t\t\t<\/div>\n\t\t\t\t\t<\/div>\n\t\t\t\t<\/div>\n\t\t\t\t<\/div>","protected":false},"excerpt":{"rendered":"<p>SHkreptim mallaku Attorney at Law, Of Counsel Main Areas of Expertise &amp; Career Summary Mr. Shkreptim Mallaku is a partner of our firm and practices in New York, where he&hellip;<\/p>","protected":false},"author":7,"featured_media":0,"parent":1111,"menu_order":0,"comment_status":"closed","ping_status":"closed","template":"elementor_header_footer","meta":{"_lmt_disableupdate":"","_lmt_disable":"","footnotes":""},"class_list":["post-6768","page","type-page","status-publish","hentry"],"yoast_head":"<!-- This site is optimized with the Yoast SEO plugin v27.4 - https:\/\/yoast.com\/product\/yoast-seo-wordpress\/ -->\n<title>Shkreptim Mallaku - Hodaj &amp; Partners L.L.C.<\/title>\n<meta name=\"robots\" content=\"index, follow, max-snippet:-1, max-image-preview:large, max-video-preview:-1\" \/>\n<link rel=\"canonical\" href=\"https:\/\/hodajlaw.com\/sq\/about-us\/team\/shkreptim-mallaku\/\" \/>\n<meta property=\"og:locale\" content=\"sq_AL\" \/>\n<meta property=\"og:type\" content=\"article\" \/>\n<meta property=\"og:title\" content=\"Shkreptim Mallaku - Hodaj &amp; Partners L.L.C.\" \/>\n<meta property=\"og:description\" content=\"SHkreptim mallaku Attorney at Law, Of Counsel Main Areas of Expertise &amp; Career Summary Mr. Shkreptim Mallaku is a partner of our firm and practices in New York, where he&hellip;\" \/>\n<meta property=\"og:url\" content=\"https:\/\/hodajlaw.com\/sq\/about-us\/team\/shkreptim-mallaku\/\" \/>\n<meta property=\"og:site_name\" content=\"Hodaj &amp; Partners L.L.C.\" \/>\n<meta property=\"article:modified_time\" content=\"2026-01-22T19:58:02+00:00\" \/>\n<meta property=\"og:image\" content=\"https:\/\/hodajlaw.com\/wp-content\/uploads\/2019\/03\/Taulant_Hodaj-scaled.jpg\" \/>\n\t<meta property=\"og:image:width\" content=\"2560\" \/>\n\t<meta property=\"og:image:height\" content=\"1706\" \/>\n\t<meta property=\"og:image:type\" content=\"image\/jpeg\" \/>\n<meta name=\"twitter:card\" content=\"summary_large_image\" \/>\n<meta name=\"twitter:image\" content=\"https:\/\/hodajlaw.com\/wp-content\/uploads\/2019\/03\/Taulant_Hodaj-scaled.jpg\" \/>\n<meta name=\"twitter:label1\" content=\"Est. reading time\" \/>\n\t<meta name=\"twitter:data1\" content=\"2 minuta\" \/>\n<script type=\"application\/ld+json\" class=\"yoast-schema-graph\">{\"@context\":\"https:\\\/\\\/schema.org\",\"@graph\":[{\"@type\":\"WebPage\",\"@id\":\"https:\\\/\\\/hodajlaw.com\\\/about-us\\\/team\\\/shkreptim-mallaku\\\/\",\"url\":\"https:\\\/\\\/hodajlaw.com\\\/about-us\\\/team\\\/shkreptim-mallaku\\\/\",\"name\":\"Shkreptim Mallaku - Hodaj &amp; Partners L.L.C.\",\"isPartOf\":{\"@id\":\"https:\\\/\\\/hodajlaw.com\\\/#website\"},\"primaryImageOfPage\":{\"@id\":\"https:\\\/\\\/hodajlaw.com\\\/about-us\\\/team\\\/shkreptim-mallaku\\\/#primaryimage\"},\"image\":{\"@id\":\"https:\\\/\\\/hodajlaw.com\\\/about-us\\\/team\\\/shkreptim-mallaku\\\/#primaryimage\"},\"thumbnailUrl\":\"https:\\\/\\\/hodajlaw.com\\\/wp-content\\\/uploads\\\/2026\\\/01\\\/DSC0367211-scaled-1-1225x1536.jpg\",\"datePublished\":\"2026-01-22T19:54:33+00:00\",\"dateModified\":\"2026-01-22T19:58:02+00:00\",\"breadcrumb\":{\"@id\":\"https:\\\/\\\/hodajlaw.com\\\/about-us\\\/team\\\/shkreptim-mallaku\\\/#breadcrumb\"},\"inLanguage\":\"sq\",\"potentialAction\":[{\"@type\":\"ReadAction\",\"target\":[\"https:\\\/\\\/hodajlaw.com\\\/about-us\\\/team\\\/shkreptim-mallaku\\\/\"]}]},{\"@type\":\"ImageObject\",\"inLanguage\":\"sq\",\"@id\":\"https:\\\/\\\/hodajlaw.com\\\/about-us\\\/team\\\/shkreptim-mallaku\\\/#primaryimage\",\"url\":\"https:\\\/\\\/hodajlaw.com\\\/wp-content\\\/uploads\\\/2026\\\/01\\\/DSC0367211-scaled-1-1225x1536.jpg\",\"contentUrl\":\"https:\\\/\\\/hodajlaw.com\\\/wp-content\\\/uploads\\\/2026\\\/01\\\/DSC0367211-scaled-1-1225x1536.jpg\"},{\"@type\":\"BreadcrumbList\",\"@id\":\"https:\\\/\\\/hodajlaw.com\\\/about-us\\\/team\\\/shkreptim-mallaku\\\/#breadcrumb\",\"itemListElement\":[{\"@type\":\"ListItem\",\"position\":1,\"name\":\"Home\",\"item\":\"https:\\\/\\\/hodajlaw.com\\\/\"},{\"@type\":\"ListItem\",\"position\":2,\"name\":\"About\",\"item\":\"https:\\\/\\\/hodajlaw.com\\\/about-us\\\/\"},{\"@type\":\"ListItem\",\"position\":3,\"name\":\"Team\",\"item\":\"https:\\\/\\\/hodajlaw.com\\\/about-us\\\/team\\\/\"},{\"@type\":\"ListItem\",\"position\":4,\"name\":\"Shkreptim Mallaku\"}]},{\"@type\":\"WebSite\",\"@id\":\"https:\\\/\\\/hodajlaw.com\\\/#website\",\"url\":\"https:\\\/\\\/hodajlaw.com\\\/\",\"name\":\"Hodaj &amp; Partners L.L.C.\",\"description\":\"Hodaj &amp; Partners\",\"potentialAction\":[{\"@type\":\"SearchAction\",\"target\":{\"@type\":\"EntryPoint\",\"urlTemplate\":\"https:\\\/\\\/hodajlaw.com\\\/?s={search_term_string}\"},\"query-input\":{\"@type\":\"PropertyValueSpecification\",\"valueRequired\":true,\"valueName\":\"search_term_string\"}}],\"inLanguage\":\"sq\"}]}<\/script>\n<!-- \/ Yoast SEO plugin. -->","yoast_head_json":{"title":"Shkreptim Mallaku - Hodaj &amp; Partners L.L.C.","robots":{"index":"index","follow":"follow","max-snippet":"max-snippet:-1","max-image-preview":"max-image-preview:large","max-video-preview":"max-video-preview:-1"},"canonical":"https:\/\/hodajlaw.com\/sq\/about-us\/team\/shkreptim-mallaku\/","og_locale":"sq_AL","og_type":"article","og_title":"Shkreptim Mallaku - Hodaj &amp; Partners L.L.C.","og_description":"SHkreptim mallaku Attorney at Law, Of Counsel Main Areas of Expertise &amp; Career Summary Mr. Shkreptim Mallaku is a partner of our firm and practices in New York, where he&hellip;","og_url":"https:\/\/hodajlaw.com\/sq\/about-us\/team\/shkreptim-mallaku\/","og_site_name":"Hodaj &amp; Partners L.L.C.","article_modified_time":"2026-01-22T19:58:02+00:00","og_image":[{"width":2560,"height":1706,"url":"https:\/\/hodajlaw.com\/wp-content\/uploads\/2019\/03\/Taulant_Hodaj-scaled.jpg","type":"image\/jpeg"}],"twitter_card":"summary_large_image","twitter_image":"https:\/\/hodajlaw.com\/wp-content\/uploads\/2019\/03\/Taulant_Hodaj-scaled.jpg","twitter_misc":{"Est. reading time":"2 minuta"},"schema":{"@context":"https:\/\/schema.org","@graph":[{"@type":"WebPage","@id":"https:\/\/hodajlaw.com\/about-us\/team\/shkreptim-mallaku\/","url":"https:\/\/hodajlaw.com\/about-us\/team\/shkreptim-mallaku\/","name":"Shkreptim Mallaku - Hodaj &amp; Partners L.L.C.","isPartOf":{"@id":"https:\/\/hodajlaw.com\/#website"},"primaryImageOfPage":{"@id":"https:\/\/hodajlaw.com\/about-us\/team\/shkreptim-mallaku\/#primaryimage"},"image":{"@id":"https:\/\/hodajlaw.com\/about-us\/team\/shkreptim-mallaku\/#primaryimage"},"thumbnailUrl":"https:\/\/hodajlaw.com\/wp-content\/uploads\/2026\/01\/DSC0367211-scaled-1-1225x1536.jpg","datePublished":"2026-01-22T19:54:33+00:00","dateModified":"2026-01-22T19:58:02+00:00","breadcrumb":{"@id":"https:\/\/hodajlaw.com\/about-us\/team\/shkreptim-mallaku\/#breadcrumb"},"inLanguage":"sq","potentialAction":[{"@type":"ReadAction","target":["https:\/\/hodajlaw.com\/about-us\/team\/shkreptim-mallaku\/"]}]},{"@type":"ImageObject","inLanguage":"sq","@id":"https:\/\/hodajlaw.com\/about-us\/team\/shkreptim-mallaku\/#primaryimage","url":"https:\/\/hodajlaw.com\/wp-content\/uploads\/2026\/01\/DSC0367211-scaled-1-1225x1536.jpg","contentUrl":"https:\/\/hodajlaw.com\/wp-content\/uploads\/2026\/01\/DSC0367211-scaled-1-1225x1536.jpg"},{"@type":"BreadcrumbList","@id":"https:\/\/hodajlaw.com\/about-us\/team\/shkreptim-mallaku\/#breadcrumb","itemListElement":[{"@type":"ListItem","position":1,"name":"Home","item":"https:\/\/hodajlaw.com\/"},{"@type":"ListItem","position":2,"name":"About","item":"https:\/\/hodajlaw.com\/about-us\/"},{"@type":"ListItem","position":3,"name":"Team","item":"https:\/\/hodajlaw.com\/about-us\/team\/"},{"@type":"ListItem","position":4,"name":"Shkreptim Mallaku"}]},{"@type":"WebSite","@id":"https:\/\/hodajlaw.com\/#website","url":"https:\/\/hodajlaw.com\/","name":"Hodaj &amp; Partners L.L.C.","description":"Hodaj &amp; Partners","potentialAction":[{"@type":"SearchAction","target":{"@type":"EntryPoint","urlTemplate":"https:\/\/hodajlaw.com\/?s={search_term_string}"},"query-input":{"@type":"PropertyValueSpecification","valueRequired":true,"valueName":"search_term_string"}}],"inLanguage":"sq"}]}},"_links":{"self":[{"href":"https:\/\/hodajlaw.com\/sq\/wp-json\/wp\/v2\/pages\/6768","targetHints":{"allow":["GET"]}}],"collection":[{"href":"https:\/\/hodajlaw.com\/sq\/wp-json\/wp\/v2\/pages"}],"about":[{"href":"https:\/\/hodajlaw.com\/sq\/wp-json\/wp\/v2\/types\/page"}],"author":[{"embeddable":true,"href":"https:\/\/hodajlaw.com\/sq\/wp-json\/wp\/v2\/users\/7"}],"replies":[{"embeddable":true,"href":"https:\/\/hodajlaw.com\/sq\/wp-json\/wp\/v2\/comments?post=6768"}],"version-history":[{"count":4,"href":"https:\/\/hodajlaw.com\/sq\/wp-json\/wp\/v2\/pages\/6768\/revisions"}],"predecessor-version":[{"id":6773,"href":"https:\/\/hodajlaw.com\/sq\/wp-json\/wp\/v2\/pages\/6768\/revisions\/6773"}],"up":[{"embeddable":true,"href":"https:\/\/hodajlaw.com\/sq\/wp-json\/wp\/v2\/pages\/1111"}],"wp:attachment":[{"href":"https:\/\/hodajlaw.com\/sq\/wp-json\/wp\/v2\/media?parent=6768"}],"curies":[{"name":"wp","href":"https:\/\/api.w.org\/{rel}","templated":true}]}}