{"id":6785,"date":"2026-01-23T11:11:54","date_gmt":"2026-01-23T11:11:54","guid":{"rendered":"https:\/\/hodajlaw.com\/?page_id=6785"},"modified":"2026-01-23T11:13:45","modified_gmt":"2026-01-23T11:13:45","slug":"arben-rrahmani","status":"publish","type":"page","link":"https:\/\/hodajlaw.com\/sq\/about\/arben-rrahmani\/","title":{"rendered":"Arben Rrahmani"},"content":{"rendered":"<div data-elementor-type=\"wp-page\" data-elementor-id=\"6785\" class=\"elementor elementor-6785\">\n\t\t\t\t\t\t<section class=\"penci-section penci-dmcheck penci-elbg-activate penci-disSticky penci-structure-10 elementor-section elementor-top-section elementor-element elementor-element-9d86202 elementor-section-boxed elementor-section-height-default elementor-section-height-default\" data-id=\"9d86202\" data-element_type=\"section\" data-e-type=\"section\" data-settings=\"{&quot;background_background&quot;:&quot;classic&quot;}\">\n\t\t\t\t\t\t<div class=\"elementor-container elementor-column-gap-default\">\n\t\t\t\t\t<div class=\"penci-ercol-100 penci-ercol-order-1 penci-sticky-ct    elementor-column elementor-col-100 elementor-top-column elementor-element elementor-element-6b3902e\" data-id=\"6b3902e\" data-element_type=\"column\" data-e-type=\"column\">\n\t\t\t<div class=\"elementor-widget-wrap elementor-element-populated\">\n\t\t\t\t\t\t<div class=\"elementor-element elementor-element-35f4718 elementor-widget elementor-widget-penci-fancy_heading\" data-id=\"35f4718\" data-element_type=\"widget\" data-e-type=\"widget\" data-widget_type=\"penci-fancy_heading.default\">\n\t\t\t\t<div class=\"elementor-widget-container\">\n\t\t\t\t\t\t\t<div class=\"penci-fancy-heading penci-heading-text-left\">\n\t\t\t<div class=\"penci-fancy-heading-inner\">\n\t\t\t\t<h2 class=\"penci-heading-title\"><span class=\"inner-tit\">Arben rrahmani<\/span><\/h2><div class=\"penci-heading-content entry-content\"><p>ATTOURNEY AT LAW<\/p>\n<\/div>\t\t\t<\/div>\n\t\t<\/div>\n\t\t\t\t\t\t<\/div>\n\t\t\t\t<\/div>\n\t\t\t\t\t<\/div>\n\t\t<\/div>\n\t\t\t\t\t<\/div>\n\t\t<\/section>\n\t\t<div class=\"elementor-element elementor-element-f14dbca e-flex e-con-boxed e-con e-parent\" data-id=\"f14dbca\" data-element_type=\"container\" data-e-type=\"container\">\n\t\t\t\t\t<div class=\"e-con-inner\">\n\t\t<div class=\"elementor-element elementor-element-6fcf5c1 e-con-full e-flex e-con e-child\" data-id=\"6fcf5c1\" data-element_type=\"container\" data-e-type=\"container\">\n\t\t\t\t<div class=\"elementor-element elementor-element-9d25f00 elementor-widget elementor-widget-image\" data-id=\"9d25f00\" data-element_type=\"widget\" data-e-type=\"widget\" data-widget_type=\"image.default\">\n\t\t\t\t<div class=\"elementor-widget-container\">\n\t\t\t\t\t\t\t\t\t\t\t\t\t\t\t<img fetchpriority=\"high\" decoding=\"async\" width=\"213\" height=\"320\" src=\"https:\/\/hodajlaw.com\/wp-content\/uploads\/2026\/01\/Arben.jpeg\" class=\"attachment-1536x1536 size-1536x1536 wp-image-6756\" alt=\"\" srcset=\"https:\/\/hodajlaw.com\/wp-content\/uploads\/2026\/01\/Arben.jpeg 213w, https:\/\/hodajlaw.com\/wp-content\/uploads\/2026\/01\/Arben-200x300.jpeg 200w, https:\/\/hodajlaw.com\/wp-content\/uploads\/2026\/01\/Arben-8x12.jpeg 8w\" sizes=\"(max-width: 213px) 100vw, 213px\" \/>\t\t\t\t\t\t\t\t\t\t\t\t\t\t\t<\/div>\n\t\t\t\t<\/div>\n\t\t\t\t<\/div>\n\t\t<div class=\"elementor-element elementor-element-76c0210 e-con-full e-flex e-con e-child\" data-id=\"76c0210\" data-element_type=\"container\" data-e-type=\"container\">\n\t\t\t\t<div class=\"elementor-element elementor-element-506b337 elementor-widget elementor-widget-penci-text-block\" data-id=\"506b337\" data-element_type=\"widget\" data-e-type=\"widget\" data-widget_type=\"penci-text-block.default\">\n\t\t\t\t<div class=\"elementor-widget-container\">\n\t\t\t\t\t\t\t<div class=\"penci-block-vc penci-text-editor\">\n\t\t\t\t\t\t<div class=\"penci-block_content\">\n\t\t\t\t<div class=\"elementor-text-editor elementor-clearfix\"><p><span style=\"font-size: x-large;\"><strong>Fushat e Ekspertiz\u00ebs &amp; P\u00ebrvoja Profesionale<br \/><br \/><\/strong><\/span><\/p><p><strong>Z. Arben Rrahmani<\/strong> \u00ebsht\u00eb Avokat pran\u00eb zyr\u00ebs ligjore Hodaj &amp; Partners q\u00eb nga janari 2026. Ai \u00ebsht\u00eb i specializuar n\u00eb \u00e7\u00ebshtje komerciale dhe civile, p\u00ebrfshir\u00eb konteste civile, komerciale, administrative, fiskale dhe penale, me p\u00ebrvoj\u00eb t\u00eb gjer\u00eb n\u00eb p\u00ebrfaq\u00ebsim para gjykatave Themelore, Apelit dhe Supreme.<br \/><br \/><\/p><p>Para se t\u00eb bashkohej me Hodaj &amp; Partners, z. Rrahmani ka punuar si Avokat te Tahiri &amp; Partners, ku ka p\u00ebrfaq\u00ebsuar Komun\u00ebn e Prishtin\u00ebs n\u00eb procese gjyq\u00ebsore dhe jasht\u00ebgjyq\u00ebsore, duke kontribuar n\u00eb zgjidhjen e disa l\u00ebnd\u00ebve me interes t\u00eb lart\u00eb komercial dhe pron\u00ebsor.<br \/><br \/><\/p><p>Ai ka p\u00ebrfunduar studimet Bachelor n\u00eb Juridik dhe \u00ebsht\u00eb n\u00eb p\u00ebrfundim t\u00eb studimeve Master n\u00eb Programin Civil dhe Pron\u00ebsor n\u00eb Universitetin e Prishtin\u00ebs \u201cHasan Prishtina\u201d. Gjat\u00eb karrier\u00ebs s\u00eb tij akademike dhe profesionale, zt. Rrahmani ka marr\u00eb pjes\u00eb n\u00eb programe prestigjioze si Transformational Leadership Program n\u00eb Universitetin Amerikan n\u00eb Kosov\u00eb dhe Universiteti Veror i Prishtin\u00ebs mbi sistemin amerikan t\u00eb drejt\u00ebsis\u00eb penale. Ai ka p\u00ebrvoj\u00eb gjithashtu si praktikant n\u00eb Gjykat\u00ebn Themelore t\u00eb Prishtin\u00ebs dhe n\u00eb Departamentin e Partneritetit Publiko-Privat n\u00eb Ministrin\u00eb e Financave, si dhe ka qen\u00eb antar i K\u00ebshillit Rinor t\u00eb Ambasad\u00ebs Amerikane n\u00eb Kosov\u00eb.<\/p><p><strong>Gjuh\u00ebt: Shqip, anglisht<\/strong> Shqip, anglisht<\/p><\/div>\n\t\t\t<\/div>\n\t\t<\/div>\n\t\t\t\t\t\t<\/div>\n\t\t\t\t<\/div>\n\t\t\t\t<\/div>\n\t\t\t\t\t<\/div>\n\t\t\t\t<\/div>\n\t\t\t\t<\/div>","protected":false},"excerpt":{"rendered":"<p>Arben rrahmani ATTOURNEY AT LAW Main Areas of Expertise &amp; Career Summary Mr. Arben Rrahmani has been an Attorney at Law at Hodaj &amp; Partners since January 2026. He specializes&hellip;<\/p>","protected":false},"author":7,"featured_media":0,"parent":10,"menu_order":0,"comment_status":"closed","ping_status":"closed","template":"elementor_header_footer","meta":{"_lmt_disableupdate":"","_lmt_disable":"","footnotes":""},"class_list":["post-6785","page","type-page","status-publish","hentry"],"yoast_head":"<!-- This site is optimized with the Yoast SEO plugin v26.8 - https:\/\/yoast.com\/product\/yoast-seo-wordpress\/ -->\n<title>Arben Rrahmani - Hodaj &amp; Partners L.L.C.<\/title>\n<meta name=\"robots\" content=\"index, follow, max-snippet:-1, max-image-preview:large, max-video-preview:-1\" \/>\n<link rel=\"canonical\" href=\"https:\/\/hodajlaw.com\/sq\/about\/arben-rrahmani\/\" \/>\n<meta property=\"og:locale\" content=\"sq_AL\" \/>\n<meta property=\"og:type\" content=\"article\" \/>\n<meta property=\"og:title\" content=\"Arben Rrahmani - Hodaj &amp; Partners L.L.C.\" \/>\n<meta property=\"og:description\" content=\"Arben rrahmani ATTOURNEY AT LAW Main Areas of Expertise &amp; Career Summary Mr. Arben Rrahmani has been an Attorney at Law at Hodaj &amp; Partners since January 2026. He specializes&hellip;\" \/>\n<meta property=\"og:url\" content=\"https:\/\/hodajlaw.com\/sq\/about\/arben-rrahmani\/\" \/>\n<meta property=\"og:site_name\" content=\"Hodaj &amp; Partners L.L.C.\" \/>\n<meta property=\"article:modified_time\" content=\"2026-01-23T11:13:45+00:00\" \/>\n<meta property=\"og:image\" content=\"https:\/\/hodajlaw.com\/wp-content\/uploads\/2026\/01\/Arben.jpeg\" \/>\n\t<meta property=\"og:image:width\" content=\"213\" \/>\n\t<meta property=\"og:image:height\" content=\"320\" \/>\n\t<meta property=\"og:image:type\" content=\"image\/jpeg\" \/>\n<meta name=\"twitter:card\" content=\"summary_large_image\" \/>\n<meta name=\"twitter:label1\" content=\"Est. reading time\" \/>\n\t<meta name=\"twitter:data1\" content=\"2 minuta\" \/>\n<script type=\"application\/ld+json\" class=\"yoast-schema-graph\">{\"@context\":\"https:\/\/schema.org\",\"@graph\":[{\"@type\":\"WebPage\",\"@id\":\"https:\/\/hodajlaw.com\/about\/arben-rrahmani\/\",\"url\":\"https:\/\/hodajlaw.com\/about\/arben-rrahmani\/\",\"name\":\"Arben Rrahmani - Hodaj &amp; Partners L.L.C.\",\"isPartOf\":{\"@id\":\"https:\/\/hodajlaw.com\/#website\"},\"primaryImageOfPage\":{\"@id\":\"https:\/\/hodajlaw.com\/about\/arben-rrahmani\/#primaryimage\"},\"image\":{\"@id\":\"https:\/\/hodajlaw.com\/about\/arben-rrahmani\/#primaryimage\"},\"thumbnailUrl\":\"https:\/\/hodajlaw.com\/wp-content\/uploads\/2026\/01\/Arben.jpeg\",\"datePublished\":\"2026-01-23T11:11:54+00:00\",\"dateModified\":\"2026-01-23T11:13:45+00:00\",\"breadcrumb\":{\"@id\":\"https:\/\/hodajlaw.com\/about\/arben-rrahmani\/#breadcrumb\"},\"inLanguage\":\"sq\",\"potentialAction\":[{\"@type\":\"ReadAction\",\"target\":[\"https:\/\/hodajlaw.com\/about\/arben-rrahmani\/\"]}]},{\"@type\":\"ImageObject\",\"inLanguage\":\"sq\",\"@id\":\"https:\/\/hodajlaw.com\/about\/arben-rrahmani\/#primaryimage\",\"url\":\"https:\/\/hodajlaw.com\/wp-content\/uploads\/2026\/01\/Arben.jpeg\",\"contentUrl\":\"https:\/\/hodajlaw.com\/wp-content\/uploads\/2026\/01\/Arben.jpeg\"},{\"@type\":\"BreadcrumbList\",\"@id\":\"https:\/\/hodajlaw.com\/about\/arben-rrahmani\/#breadcrumb\",\"itemListElement\":[{\"@type\":\"ListItem\",\"position\":1,\"name\":\"Home\",\"item\":\"https:\/\/hodajlaw.com\/\"},{\"@type\":\"ListItem\",\"position\":2,\"name\":\"About\",\"item\":\"https:\/\/hodajlaw.com\/about\/\"},{\"@type\":\"ListItem\",\"position\":3,\"name\":\"Arben Rrahmani\"}]},{\"@type\":\"WebSite\",\"@id\":\"https:\/\/hodajlaw.com\/#website\",\"url\":\"https:\/\/hodajlaw.com\/\",\"name\":\"Hodaj &amp; Partners L.L.C.\",\"description\":\"Hodaj &amp; Partners\",\"potentialAction\":[{\"@type\":\"SearchAction\",\"target\":{\"@type\":\"EntryPoint\",\"urlTemplate\":\"https:\/\/hodajlaw.com\/?s={search_term_string}\"},\"query-input\":{\"@type\":\"PropertyValueSpecification\",\"valueRequired\":true,\"valueName\":\"search_term_string\"}}],\"inLanguage\":\"sq\"}]}<\/script>\n<!-- \/ Yoast SEO plugin. -->","yoast_head_json":{"title":"Arben Rrahmani - Hodaj &amp; Partners L.L.C.","robots":{"index":"index","follow":"follow","max-snippet":"max-snippet:-1","max-image-preview":"max-image-preview:large","max-video-preview":"max-video-preview:-1"},"canonical":"https:\/\/hodajlaw.com\/sq\/about\/arben-rrahmani\/","og_locale":"sq_AL","og_type":"article","og_title":"Arben Rrahmani - Hodaj &amp; Partners L.L.C.","og_description":"Arben rrahmani ATTOURNEY AT LAW Main Areas of Expertise &amp; Career Summary Mr. Arben Rrahmani has been an Attorney at Law at Hodaj &amp; Partners since January 2026. He specializes&hellip;","og_url":"https:\/\/hodajlaw.com\/sq\/about\/arben-rrahmani\/","og_site_name":"Hodaj &amp; Partners L.L.C.","article_modified_time":"2026-01-23T11:13:45+00:00","og_image":[{"width":213,"height":320,"url":"https:\/\/hodajlaw.com\/wp-content\/uploads\/2026\/01\/Arben.jpeg","type":"image\/jpeg"}],"twitter_card":"summary_large_image","twitter_misc":{"Est. reading time":"2 minuta"},"schema":{"@context":"https:\/\/schema.org","@graph":[{"@type":"WebPage","@id":"https:\/\/hodajlaw.com\/about\/arben-rrahmani\/","url":"https:\/\/hodajlaw.com\/about\/arben-rrahmani\/","name":"Arben Rrahmani - Hodaj &amp; Partners L.L.C.","isPartOf":{"@id":"https:\/\/hodajlaw.com\/#website"},"primaryImageOfPage":{"@id":"https:\/\/hodajlaw.com\/about\/arben-rrahmani\/#primaryimage"},"image":{"@id":"https:\/\/hodajlaw.com\/about\/arben-rrahmani\/#primaryimage"},"thumbnailUrl":"https:\/\/hodajlaw.com\/wp-content\/uploads\/2026\/01\/Arben.jpeg","datePublished":"2026-01-23T11:11:54+00:00","dateModified":"2026-01-23T11:13:45+00:00","breadcrumb":{"@id":"https:\/\/hodajlaw.com\/about\/arben-rrahmani\/#breadcrumb"},"inLanguage":"sq","potentialAction":[{"@type":"ReadAction","target":["https:\/\/hodajlaw.com\/about\/arben-rrahmani\/"]}]},{"@type":"ImageObject","inLanguage":"sq","@id":"https:\/\/hodajlaw.com\/about\/arben-rrahmani\/#primaryimage","url":"https:\/\/hodajlaw.com\/wp-content\/uploads\/2026\/01\/Arben.jpeg","contentUrl":"https:\/\/hodajlaw.com\/wp-content\/uploads\/2026\/01\/Arben.jpeg"},{"@type":"BreadcrumbList","@id":"https:\/\/hodajlaw.com\/about\/arben-rrahmani\/#breadcrumb","itemListElement":[{"@type":"ListItem","position":1,"name":"Home","item":"https:\/\/hodajlaw.com\/"},{"@type":"ListItem","position":2,"name":"About","item":"https:\/\/hodajlaw.com\/about\/"},{"@type":"ListItem","position":3,"name":"Arben Rrahmani"}]},{"@type":"WebSite","@id":"https:\/\/hodajlaw.com\/#website","url":"https:\/\/hodajlaw.com\/","name":"Hodaj &amp; Partners L.L.C.","description":"Hodaj &amp; Partners","potentialAction":[{"@type":"SearchAction","target":{"@type":"EntryPoint","urlTemplate":"https:\/\/hodajlaw.com\/?s={search_term_string}"},"query-input":{"@type":"PropertyValueSpecification","valueRequired":true,"valueName":"search_term_string"}}],"inLanguage":"sq"}]}},"_links":{"self":[{"href":"https:\/\/hodajlaw.com\/sq\/wp-json\/wp\/v2\/pages\/6785","targetHints":{"allow":["GET"]}}],"collection":[{"href":"https:\/\/hodajlaw.com\/sq\/wp-json\/wp\/v2\/pages"}],"about":[{"href":"https:\/\/hodajlaw.com\/sq\/wp-json\/wp\/v2\/types\/page"}],"author":[{"embeddable":true,"href":"https:\/\/hodajlaw.com\/sq\/wp-json\/wp\/v2\/users\/7"}],"replies":[{"embeddable":true,"href":"https:\/\/hodajlaw.com\/sq\/wp-json\/wp\/v2\/comments?post=6785"}],"version-history":[{"count":4,"href":"https:\/\/hodajlaw.com\/sq\/wp-json\/wp\/v2\/pages\/6785\/revisions"}],"predecessor-version":[{"id":6790,"href":"https:\/\/hodajlaw.com\/sq\/wp-json\/wp\/v2\/pages\/6785\/revisions\/6790"}],"up":[{"embeddable":true,"href":"https:\/\/hodajlaw.com\/sq\/wp-json\/wp\/v2\/pages\/10"}],"wp:attachment":[{"href":"https:\/\/hodajlaw.com\/sq\/wp-json\/wp\/v2\/media?parent=6785"}],"curies":[{"name":"wp","href":"https:\/\/api.w.org\/{rel}","templated":true}]}}