{"id":6791,"date":"2026-01-23T11:15:46","date_gmt":"2026-01-23T11:15:46","guid":{"rendered":"https:\/\/hodajlaw.com\/?page_id=6791"},"modified":"2026-01-23T11:16:32","modified_gmt":"2026-01-23T11:16:32","slug":"lyra-begolli","status":"publish","type":"page","link":"https:\/\/hodajlaw.com\/sq\/about-us\/team\/lyra-begolli\/","title":{"rendered":"Lyra Begolli"},"content":{"rendered":"<div data-elementor-type=\"wp-page\" data-elementor-id=\"6791\" class=\"elementor elementor-6791\">\n\t\t\t\t\t\t<section class=\"penci-section penci-dmcheck penci-elbg-activate penci-disSticky penci-structure-10 elementor-section elementor-top-section elementor-element elementor-element-224df9a elementor-section-boxed elementor-section-height-default elementor-section-height-default\" data-id=\"224df9a\" data-element_type=\"section\" data-e-type=\"section\" data-settings=\"{&quot;background_background&quot;:&quot;classic&quot;}\">\n\t\t\t\t\t\t<div class=\"elementor-container elementor-column-gap-default\">\n\t\t\t\t\t<div class=\"penci-ercol-100 penci-ercol-order-1 penci-sticky-ct    elementor-column elementor-col-100 elementor-top-column elementor-element elementor-element-2b406e9\" data-id=\"2b406e9\" data-element_type=\"column\" data-e-type=\"column\">\n\t\t\t<div class=\"elementor-widget-wrap elementor-element-populated\">\n\t\t\t\t\t\t<div class=\"elementor-element elementor-element-586d3ea elementor-widget elementor-widget-penci-fancy_heading\" data-id=\"586d3ea\" data-element_type=\"widget\" data-e-type=\"widget\" data-widget_type=\"penci-fancy_heading.default\">\n\t\t\t\t<div class=\"elementor-widget-container\">\n\t\t\t\t\t\t\t<div class=\"penci-fancy-heading penci-heading-text-left\">\n\t\t\t<div class=\"penci-fancy-heading-inner\">\n\t\t\t\t<h2 class=\"penci-heading-title\"><span class=\"inner-tit\">Lyra Begolli<\/span><\/h2><div class=\"penci-heading-content entry-content\"><p>ASSISTANT<\/p>\n<\/div>\t\t\t<\/div>\n\t\t<\/div>\n\t\t\t\t\t\t<\/div>\n\t\t\t\t<\/div>\n\t\t\t\t\t<\/div>\n\t\t<\/div>\n\t\t\t\t\t<\/div>\n\t\t<\/section>\n\t\t<div class=\"elementor-element elementor-element-6f27b47 e-flex e-con-boxed e-con e-parent\" data-id=\"6f27b47\" data-element_type=\"container\" data-e-type=\"container\">\n\t\t\t\t\t<div class=\"e-con-inner\">\n\t\t<div class=\"elementor-element elementor-element-27b6565 e-con-full e-flex e-con e-child\" data-id=\"27b6565\" data-element_type=\"container\" data-e-type=\"container\">\n\t\t\t\t<div class=\"elementor-element elementor-element-20ef96d elementor-widget elementor-widget-image\" data-id=\"20ef96d\" data-element_type=\"widget\" data-e-type=\"widget\" data-widget_type=\"image.default\">\n\t\t\t\t<div class=\"elementor-widget-container\">\n\t\t\t\t\t\t\t\t\t\t\t\t\t\t\t<img fetchpriority=\"high\" decoding=\"async\" width=\"213\" height=\"320\" src=\"https:\/\/hodajlaw.com\/wp-content\/uploads\/2026\/01\/Lyra.jpeg\" class=\"attachment-1536x1536 size-1536x1536 wp-image-6757\" alt=\"\" srcset=\"https:\/\/hodajlaw.com\/wp-content\/uploads\/2026\/01\/Lyra.jpeg 213w, https:\/\/hodajlaw.com\/wp-content\/uploads\/2026\/01\/Lyra-200x300.jpeg 200w, https:\/\/hodajlaw.com\/wp-content\/uploads\/2026\/01\/Lyra-8x12.jpeg 8w\" sizes=\"(max-width: 213px) 100vw, 213px\" \/>\t\t\t\t\t\t\t\t\t\t\t\t\t\t\t<\/div>\n\t\t\t\t<\/div>\n\t\t\t\t<\/div>\n\t\t<div class=\"elementor-element elementor-element-b7b0196 e-con-full e-flex e-con e-child\" data-id=\"b7b0196\" data-element_type=\"container\" data-e-type=\"container\">\n\t\t\t\t<div class=\"elementor-element elementor-element-0351812 elementor-widget elementor-widget-penci-text-block\" data-id=\"0351812\" data-element_type=\"widget\" data-e-type=\"widget\" data-widget_type=\"penci-text-block.default\">\n\t\t\t\t<div class=\"elementor-widget-container\">\n\t\t\t\t\t\t\t<div class=\"penci-block-vc penci-text-editor\">\n\t\t\t\t\t\t<div class=\"penci-block_content\">\n\t\t\t\t<div class=\"elementor-text-editor elementor-clearfix\"><p><span style=\"font-size: x-large;\"><strong>Fushat e Ekspertiz\u00ebs &amp; P\u00ebrvoja Profesionale<\/strong><\/span><\/p><p>\u00a0<\/p><p><strong>Znj. Lyra Begolli<\/strong> \u00ebsht\u00eb asistente n\u00eb Hodaj &amp; Partners, ku \u00ebsht\u00eb pjes\u00eb e firm\u00ebs q\u00eb nga janari 2026. Ajo mb\u00ebshtet avokat\u00ebt n\u00eb k\u00ebrkime ligjore, draftimin dhe rishikimin e dokumenteve juridike, p\u00ebrgatitjen e \u00e7\u00ebshtjeve dhe menaxhimin e dosjeve n\u00eb fusha t\u00eb ndryshme t\u00eb s\u00eb drejt\u00ebs. P\u00ebrve\u00e7 k\u00ebsaj, ajo krijon dhe menaxhon p\u00ebrmbajtjen p\u00ebr platformat e rrjeteve sociale t\u00eb firm\u00ebs.<\/p><p>\u00a0<\/p><p>M\u00eb par\u00eb, ajo ka p\u00ebrfunduar nj\u00eb praktik\u00eb ligjore n\u00eb Zyr\u00ebn e Presidentes s\u00eb Republik\u00ebs s\u00eb Kosov\u00ebs, ku ka asistuar k\u00ebshilltar\u00ebt dhe zyrtar\u00ebt ligjor\u00eb n\u00eb \u00e7\u00ebshtje t\u00eb s\u00eb drejt\u00ebs kushtetuese dhe administrative, monitorimin e legjislacionit dhe analiz\u00ebn juridike institucionale. Po ashtu, ka fituar p\u00ebrvoj\u00eb praktike gjyq\u00ebsore p\u00ebrmes praktik\u00ebs ligjore n\u00eb Gjykat\u00ebn Themelore n\u00eb Prishtin\u00eb, duke ndjekur seancat gjyq\u00ebsore dhe duke asistuar n\u00eb p\u00ebrgatitjen e dokumentacionit ligjor dhe menaxhimin e \u00e7\u00ebshtjeve.<\/p><p>\u00a0<\/p><p>Ajo ka p\u00ebrfunduar studimet Bachelor n\u00eb Drejt\u00ebsi (LLB) n\u00eb Fakultetin Juridik t\u00eb UBT-s\u00eb dhe aktualisht \u00ebsht\u00eb duke ndjekur studimet Master n\u00eb t\u00eb Drejt\u00ebn Civile dhe t\u00eb Drejtat Pron\u00ebsore, si dhe Master n\u00eb t\u00eb Drejt\u00ebn e Kontratave dhe t\u00eb Drejt\u00ebn Tregtare. Interesat e saj akademike p\u00ebrfshijn\u00eb t\u00eb drejt\u00ebn pron\u00ebsore, t\u00eb drejt\u00ebn tregtare, t\u00eb drejt\u00ebn kushtetuese dhe t\u00eb drejtat e njeriut.<\/p><p>\u00a0<\/p><p><strong>Gjuh\u00ebt<\/strong>Gjuh\u00ebt: Shqip (amtare), Anglisht (C1), Gjermanisht (A2)<\/p><\/div>\n\t\t\t<\/div>\n\t\t<\/div>\n\t\t\t\t\t\t<\/div>\n\t\t\t\t<\/div>\n\t\t\t\t<\/div>\n\t\t\t\t\t<\/div>\n\t\t\t\t<\/div>\n\t\t\t\t<\/div>","protected":false},"excerpt":{"rendered":"<p>Lyra Begolli ASSISTANT Main Areas of Expertise &amp; Career Summary \u00a0 Ms. Lyra Begolli is an assistant at Hodaj &amp; Partners, where she has been part of the firm since&hellip;<\/p>","protected":false},"author":7,"featured_media":0,"parent":1111,"menu_order":0,"comment_status":"closed","ping_status":"closed","template":"elementor_header_footer","meta":{"_lmt_disableupdate":"","_lmt_disable":"","footnotes":""},"class_list":["post-6791","page","type-page","status-publish","hentry"],"yoast_head":"<!-- This site is optimized with the Yoast SEO plugin v26.8 - https:\/\/yoast.com\/product\/yoast-seo-wordpress\/ -->\n<title>Lyra Begolli - Hodaj &amp; Partners L.L.C.<\/title>\n<meta name=\"robots\" content=\"index, follow, max-snippet:-1, max-image-preview:large, max-video-preview:-1\" \/>\n<link rel=\"canonical\" href=\"https:\/\/hodajlaw.com\/sq\/about-us\/team\/lyra-begolli\/\" \/>\n<meta property=\"og:locale\" content=\"sq_AL\" \/>\n<meta property=\"og:type\" content=\"article\" \/>\n<meta property=\"og:title\" content=\"Lyra Begolli - Hodaj &amp; Partners L.L.C.\" \/>\n<meta property=\"og:description\" content=\"Lyra Begolli ASSISTANT Main Areas of Expertise &amp; Career Summary \u00a0 Ms. Lyra Begolli is an assistant at Hodaj &amp; Partners, where she has been part of the firm since&hellip;\" \/>\n<meta property=\"og:url\" content=\"https:\/\/hodajlaw.com\/sq\/about-us\/team\/lyra-begolli\/\" \/>\n<meta property=\"og:site_name\" content=\"Hodaj &amp; Partners L.L.C.\" \/>\n<meta property=\"article:modified_time\" content=\"2026-01-23T11:16:32+00:00\" \/>\n<meta property=\"og:image\" content=\"https:\/\/hodajlaw.com\/wp-content\/uploads\/2021\/01\/Aida-Hadri.jpg\" \/>\n\t<meta property=\"og:image:width\" content=\"1200\" \/>\n\t<meta property=\"og:image:height\" content=\"1798\" \/>\n\t<meta property=\"og:image:type\" content=\"image\/jpeg\" \/>\n<meta name=\"twitter:card\" content=\"summary_large_image\" \/>\n<meta name=\"twitter:image\" content=\"https:\/\/hodajlaw.com\/wp-content\/uploads\/2021\/01\/Aida-Hadri.jpg\" \/>\n<meta name=\"twitter:label1\" content=\"Est. reading time\" \/>\n\t<meta name=\"twitter:data1\" content=\"1 minut\u00eb\" \/>\n<script type=\"application\/ld+json\" class=\"yoast-schema-graph\">{\"@context\":\"https:\/\/schema.org\",\"@graph\":[{\"@type\":\"WebPage\",\"@id\":\"https:\/\/hodajlaw.com\/about-us\/team\/lyra-begolli\/\",\"url\":\"https:\/\/hodajlaw.com\/about-us\/team\/lyra-begolli\/\",\"name\":\"Lyra Begolli - Hodaj &amp; Partners L.L.C.\",\"isPartOf\":{\"@id\":\"https:\/\/hodajlaw.com\/#website\"},\"primaryImageOfPage\":{\"@id\":\"https:\/\/hodajlaw.com\/about-us\/team\/lyra-begolli\/#primaryimage\"},\"image\":{\"@id\":\"https:\/\/hodajlaw.com\/about-us\/team\/lyra-begolli\/#primaryimage\"},\"thumbnailUrl\":\"https:\/\/hodajlaw.com\/wp-content\/uploads\/2026\/01\/Lyra.jpeg\",\"datePublished\":\"2026-01-23T11:15:46+00:00\",\"dateModified\":\"2026-01-23T11:16:32+00:00\",\"breadcrumb\":{\"@id\":\"https:\/\/hodajlaw.com\/about-us\/team\/lyra-begolli\/#breadcrumb\"},\"inLanguage\":\"sq\",\"potentialAction\":[{\"@type\":\"ReadAction\",\"target\":[\"https:\/\/hodajlaw.com\/about-us\/team\/lyra-begolli\/\"]}]},{\"@type\":\"ImageObject\",\"inLanguage\":\"sq\",\"@id\":\"https:\/\/hodajlaw.com\/about-us\/team\/lyra-begolli\/#primaryimage\",\"url\":\"https:\/\/hodajlaw.com\/wp-content\/uploads\/2026\/01\/Lyra.jpeg\",\"contentUrl\":\"https:\/\/hodajlaw.com\/wp-content\/uploads\/2026\/01\/Lyra.jpeg\"},{\"@type\":\"BreadcrumbList\",\"@id\":\"https:\/\/hodajlaw.com\/about-us\/team\/lyra-begolli\/#breadcrumb\",\"itemListElement\":[{\"@type\":\"ListItem\",\"position\":1,\"name\":\"Home\",\"item\":\"https:\/\/hodajlaw.com\/\"},{\"@type\":\"ListItem\",\"position\":2,\"name\":\"About\",\"item\":\"https:\/\/hodajlaw.com\/about-us\/\"},{\"@type\":\"ListItem\",\"position\":3,\"name\":\"Team\",\"item\":\"https:\/\/hodajlaw.com\/about-us\/team\/\"},{\"@type\":\"ListItem\",\"position\":4,\"name\":\"Lyra Begolli\"}]},{\"@type\":\"WebSite\",\"@id\":\"https:\/\/hodajlaw.com\/#website\",\"url\":\"https:\/\/hodajlaw.com\/\",\"name\":\"Hodaj &amp; Partners L.L.C.\",\"description\":\"Hodaj &amp; Partners\",\"potentialAction\":[{\"@type\":\"SearchAction\",\"target\":{\"@type\":\"EntryPoint\",\"urlTemplate\":\"https:\/\/hodajlaw.com\/?s={search_term_string}\"},\"query-input\":{\"@type\":\"PropertyValueSpecification\",\"valueRequired\":true,\"valueName\":\"search_term_string\"}}],\"inLanguage\":\"sq\"}]}<\/script>\n<!-- \/ Yoast SEO plugin. -->","yoast_head_json":{"title":"Lyra Begolli - Hodaj &amp; Partners L.L.C.","robots":{"index":"index","follow":"follow","max-snippet":"max-snippet:-1","max-image-preview":"max-image-preview:large","max-video-preview":"max-video-preview:-1"},"canonical":"https:\/\/hodajlaw.com\/sq\/about-us\/team\/lyra-begolli\/","og_locale":"sq_AL","og_type":"article","og_title":"Lyra Begolli - Hodaj &amp; Partners L.L.C.","og_description":"Lyra Begolli ASSISTANT Main Areas of Expertise &amp; Career Summary \u00a0 Ms. Lyra Begolli is an assistant at Hodaj &amp; Partners, where she has been part of the firm since&hellip;","og_url":"https:\/\/hodajlaw.com\/sq\/about-us\/team\/lyra-begolli\/","og_site_name":"Hodaj &amp; Partners L.L.C.","article_modified_time":"2026-01-23T11:16:32+00:00","og_image":[{"width":1200,"height":1798,"url":"https:\/\/hodajlaw.com\/wp-content\/uploads\/2021\/01\/Aida-Hadri.jpg","type":"image\/jpeg"}],"twitter_card":"summary_large_image","twitter_image":"https:\/\/hodajlaw.com\/wp-content\/uploads\/2021\/01\/Aida-Hadri.jpg","twitter_misc":{"Est. reading time":"1 minut\u00eb"},"schema":{"@context":"https:\/\/schema.org","@graph":[{"@type":"WebPage","@id":"https:\/\/hodajlaw.com\/about-us\/team\/lyra-begolli\/","url":"https:\/\/hodajlaw.com\/about-us\/team\/lyra-begolli\/","name":"Lyra Begolli - Hodaj &amp; Partners L.L.C.","isPartOf":{"@id":"https:\/\/hodajlaw.com\/#website"},"primaryImageOfPage":{"@id":"https:\/\/hodajlaw.com\/about-us\/team\/lyra-begolli\/#primaryimage"},"image":{"@id":"https:\/\/hodajlaw.com\/about-us\/team\/lyra-begolli\/#primaryimage"},"thumbnailUrl":"https:\/\/hodajlaw.com\/wp-content\/uploads\/2026\/01\/Lyra.jpeg","datePublished":"2026-01-23T11:15:46+00:00","dateModified":"2026-01-23T11:16:32+00:00","breadcrumb":{"@id":"https:\/\/hodajlaw.com\/about-us\/team\/lyra-begolli\/#breadcrumb"},"inLanguage":"sq","potentialAction":[{"@type":"ReadAction","target":["https:\/\/hodajlaw.com\/about-us\/team\/lyra-begolli\/"]}]},{"@type":"ImageObject","inLanguage":"sq","@id":"https:\/\/hodajlaw.com\/about-us\/team\/lyra-begolli\/#primaryimage","url":"https:\/\/hodajlaw.com\/wp-content\/uploads\/2026\/01\/Lyra.jpeg","contentUrl":"https:\/\/hodajlaw.com\/wp-content\/uploads\/2026\/01\/Lyra.jpeg"},{"@type":"BreadcrumbList","@id":"https:\/\/hodajlaw.com\/about-us\/team\/lyra-begolli\/#breadcrumb","itemListElement":[{"@type":"ListItem","position":1,"name":"Home","item":"https:\/\/hodajlaw.com\/"},{"@type":"ListItem","position":2,"name":"About","item":"https:\/\/hodajlaw.com\/about-us\/"},{"@type":"ListItem","position":3,"name":"Team","item":"https:\/\/hodajlaw.com\/about-us\/team\/"},{"@type":"ListItem","position":4,"name":"Lyra Begolli"}]},{"@type":"WebSite","@id":"https:\/\/hodajlaw.com\/#website","url":"https:\/\/hodajlaw.com\/","name":"Hodaj &amp; Partners L.L.C.","description":"Hodaj &amp; Partners","potentialAction":[{"@type":"SearchAction","target":{"@type":"EntryPoint","urlTemplate":"https:\/\/hodajlaw.com\/?s={search_term_string}"},"query-input":{"@type":"PropertyValueSpecification","valueRequired":true,"valueName":"search_term_string"}}],"inLanguage":"sq"}]}},"_links":{"self":[{"href":"https:\/\/hodajlaw.com\/sq\/wp-json\/wp\/v2\/pages\/6791","targetHints":{"allow":["GET"]}}],"collection":[{"href":"https:\/\/hodajlaw.com\/sq\/wp-json\/wp\/v2\/pages"}],"about":[{"href":"https:\/\/hodajlaw.com\/sq\/wp-json\/wp\/v2\/types\/page"}],"author":[{"embeddable":true,"href":"https:\/\/hodajlaw.com\/sq\/wp-json\/wp\/v2\/users\/7"}],"replies":[{"embeddable":true,"href":"https:\/\/hodajlaw.com\/sq\/wp-json\/wp\/v2\/comments?post=6791"}],"version-history":[{"count":4,"href":"https:\/\/hodajlaw.com\/sq\/wp-json\/wp\/v2\/pages\/6791\/revisions"}],"predecessor-version":[{"id":6795,"href":"https:\/\/hodajlaw.com\/sq\/wp-json\/wp\/v2\/pages\/6791\/revisions\/6795"}],"up":[{"embeddable":true,"href":"https:\/\/hodajlaw.com\/sq\/wp-json\/wp\/v2\/pages\/1111"}],"wp:attachment":[{"href":"https:\/\/hodajlaw.com\/sq\/wp-json\/wp\/v2\/media?parent=6791"}],"curies":[{"name":"wp","href":"https:\/\/api.w.org\/{rel}","templated":true}]}}